{"id":8694,"date":"2021-03-26T11:49:32","date_gmt":"2021-03-26T11:49:32","guid":{"rendered":"https:\/\/www.raccortubi.com\/tubos\/tubi-per-scambiatori-di-calore\/"},"modified":"2023-10-05T14:48:16","modified_gmt":"2023-10-05T14:48:16","slug":"distribuicao-tubos-trocadores-calor","status":"publish","type":"page","link":"https:\/\/www.raccortubi.com\/pt-br\/distribuicao-tubos-plantas-industriais-brasil\/distribuicao-tubos-trocadores-calor\/","title":{"rendered":"Tubos para trocadores de calor"},"content":{"rendered":"<p>[vc_row css_animation=&#8221;&#8221; row_type=&#8221;row&#8221; use_row_as_full_screen_section=&#8221;no&#8221; type=&#8221;grid&#8221; angled_section=&#8221;no&#8221; text_align=&#8221;left&#8221; background_image_as_pattern=&#8221;without_pattern&#8221; css=&#8221;.vc_custom_1610700027670{padding-top: 70px !important;}&#8221; el_class=&#8221;sottopagina-raccordi&#8221;][vc_column width=&#8221;1\/4&#8243;][vc_widget_sidebar sidebar_id=&#8221;SideBar_Tubos_PT&#8221;][\/vc_column][vc_column width=&#8221;3\/4&#8243; css=&#8221;.vc_custom_1610702263996{padding-left: 50px !important;}&#8221; el_class=&#8221;colonna-contenuto&#8221;][vc_column_text el_class=&#8221;titolo-link&#8221;]<\/p>\n<h3>Fornecemos <strong> tubos para trocadores de calor sem costura<\/strong>, dispon\u00edveis em estoque ou customizados.<\/h3>\n<h3>Oferecemos uma solu\u00e7\u00e3o literalmente feita sob medida para voc\u00ea, em a\u00e7o inoxid\u00e1vel e duplex, diretamente de nossos <a class=\"link-red\" href=\"https:\/\/www.raccortubi.com\/pt-br\/nossas-solucoes\/distribuicao-flanges-tubos-aco-niquel-titanio\/\"> armaz\u00e9ns <\/a> na It\u00e1lia, Brasil, Dubai, Reino Unido e Cingapura.<\/h3>\n<p>[\/vc_column_text][vc_empty_space height=&#8221;30px&#8221;][vc_column_text]<\/p>\n<h3>Especifica\u00e7\u00f5es t\u00e9cnicas<\/h3>\n<p>[\/vc_column_text][vc_empty_space height=&#8221;20px&#8221;][vc_row_inner row_type=&#8221;row&#8221; type=&#8221;full_width&#8221; text_align=&#8221;left&#8221; css_animation=&#8221;&#8221; el_class=&#8221;elenco-sottopagina-raccordi&#8221;][vc_column_inner width=&#8221;1\/2&#8243;]<div class='q_icon_with_title tiny normal_icon'><div class=\"icon_holder \" style=\" \"><span data-icon-type=\"normal\"   style=\"\" class=\"qode_iwt_icon_holder q_font_awsome_icon fa-lg \"><span aria-hidden=\"true\" class=\"qode_icon_font_elegant icon_check qode_iwt_icon_element\" style=\"\" ><\/span><\/span><\/div><div class=\"icon_text_holder\" style=\"\"><div class=\"icon_text_inner\" style=\"\"><h4 class=\"icon_title\" style=\"font-weight: 500;\">Dimens\u00f5es:<\/h4><p style=''>19.05 x 1.65 mm (3\/4\u201d 16 bwg)19.05 x 2.11 mm (3\/4\u201d 14 bwg) 25.40 x 1.65 mm (1\u201d 16 bwg) 25.40 x 2.11 mm (1\u201d 14 bwg)<\/p><\/div><\/div><\/div><div class='q_icon_with_title tiny normal_icon'><div class=\"icon_holder \" style=\" \"><span data-icon-type=\"normal\"   style=\"\" class=\"qode_iwt_icon_holder q_font_awsome_icon fa-lg \"><span aria-hidden=\"true\" class=\"qode_icon_font_elegant icon_check qode_iwt_icon_element\" style=\"\" ><\/span><\/span><\/div><div class=\"icon_text_holder\" style=\"\"><div class=\"icon_text_inner\" style=\"\"><h4 class=\"icon_title\" style=\"font-weight: 500;\"><\/h4><p style=''>Parede m\u00ednima<\/p><\/div><\/div><\/div><div class='q_icon_with_title tiny normal_icon'><div class=\"icon_holder \" style=\" \"><span data-icon-type=\"normal\"   style=\"\" class=\"qode_iwt_icon_holder q_font_awsome_icon fa-lg \"><span aria-hidden=\"true\" class=\"qode_icon_font_elegant icon_check qode_iwt_icon_element\" style=\"\" ><\/span><\/span><\/div><div class=\"icon_text_holder\" style=\"\"><div class=\"icon_text_inner\" style=\"\"><h4 class=\"icon_title\" style=\"font-weight: 500;\">Ligas:<\/h4><p style=''>A\u00e7os inoxid\u00e1veis austen\u00edticos (TP 316\/316L), Duplex (UNS S31803\/S32205)<\/p><\/div><\/div><\/div>[\/vc_column_inner][vc_column_inner width=&#8221;1\/2&#8243;]<div class='q_icon_with_title tiny normal_icon'><div class=\"icon_holder \" style=\" \"><span data-icon-type=\"normal\"   style=\"\" class=\"qode_iwt_icon_holder q_font_awsome_icon fa-lg \"><span aria-hidden=\"true\" class=\"qode_icon_font_elegant icon_check qode_iwt_icon_element\" style=\"\" ><\/span><\/span><\/div><div class=\"icon_text_holder\" style=\"\"><div class=\"icon_text_inner\" style=\"\"><h4 class=\"icon_title\" style=\"font-weight: 500;\">Normas t\u00e9cnicas: <\/h4><p style=''>ASTM A213, ASTM A789 <\/p><\/div><\/div><\/div><div class='q_icon_with_title tiny normal_icon'><div class=\"icon_holder \" style=\" \"><span data-icon-type=\"normal\"   style=\"\" class=\"qode_iwt_icon_holder q_font_awsome_icon fa-lg \"><span aria-hidden=\"true\" class=\"qode_icon_font_elegant icon_check qode_iwt_icon_element\" style=\"\" ><\/span><\/span><\/div><div class=\"icon_text_holder\" style=\"\"><div class=\"icon_text_inner\" style=\"\"><h4 class=\"icon_title\" style=\"font-weight: 500;\"><\/h4><p style=''>A pronta entrega e mediante necessidades dos clientes<\/p><\/div><\/div><\/div><div class='q_icon_with_title tiny normal_icon'><div class=\"icon_holder \" style=\" \"><span data-icon-type=\"normal\"   style=\"\" class=\"qode_iwt_icon_holder q_font_awsome_icon fa-lg \"><span aria-hidden=\"true\" class=\"qode_icon_font_elegant icon_check qode_iwt_icon_element\" style=\"\" ><\/span><\/span><\/div><div class=\"icon_text_holder\" style=\"\"><div class=\"icon_text_inner\" style=\"\"><h4 class=\"icon_title\" style=\"font-weight: 500;\"><\/h4><p style=''>Tubos cortados em tamanhos de at\u00e9 12,2 metros<\/p><\/div><\/div><\/div><div class='q_icon_with_title tiny normal_icon'><div class=\"icon_holder \" style=\" \"><span data-icon-type=\"normal\"   style=\"\" class=\"qode_iwt_icon_holder q_font_awsome_icon fa-lg \"><span aria-hidden=\"true\" class=\"qode_icon_font_elegant icon_check qode_iwt_icon_element\" style=\"\" ><\/span><\/span><\/div><div class=\"icon_text_holder\" style=\"\"><div class=\"icon_text_inner\" style=\"\"><h4 class=\"icon_title\" style=\"font-weight: 500;\"><\/h4><p style=''>Sem costura<\/p><\/div><\/div><\/div><div class='q_icon_with_title tiny normal_icon'><div class=\"icon_holder \" style=\" \"><span data-icon-type=\"normal\"   style=\"\" class=\"qode_iwt_icon_holder q_font_awsome_icon fa-lg \"><span aria-hidden=\"true\" class=\"qode_icon_font_elegant icon_check qode_iwt_icon_element\" style=\"\" ><\/span><\/span><\/div><div class=\"icon_text_holder\" style=\"\"><div class=\"icon_text_inner\" style=\"\"><h4 class=\"icon_title\" style=\"font-weight: 500;\"><\/h4><p style=''>Teste 100% hidr\u00e1ulico<\/p><\/div><\/div><\/div>[\/vc_column_inner][\/vc_row_inner][vc_empty_space height=&#8221;30px&#8221;][vc_column_text]<\/p>\n<h6><a href=\"https:\/\/www.raccortubi.com\/pt-br\/nossas-solucoes\/distribuicao-flanges-tubos-aco-niquel-titanio\/\"><span style=\"color: #e42313;\">&gt; Conhe\u00e7a mais sobre nossa rede de distribui\u00e7\u00e3o<\/span><\/a><\/h6>\n<p>[\/vc_column_text][vc_empty_space height=&#8221;20px&#8221;][vc_column_text]<style>#jtg-8294 .modula-item .jtg-social a, .lightbox-socials.jtg-social a{ color: #ffffff }#jtg-8294 .modula-item .jtg-social svg, .lightbox-socials.jtg-social svg { height: 16px; width: 16px }#jtg-8294 .modula-item .jtg-social a:not(:last-child), .lightbox-socials.jtg-social a:not(:last-child) { margin-right: 10px }#jtg-8294 .modula-item .caption { background-color: #ffffff;  }#jtg-8294 .modula-item .figc {color:#ffffff;}#jtg-8294 .modula-item .modula-item-content { transform: scale(1) }#jtg-8294 .modula-items .figc p.description { font-size:14px; }#jtg-8294 .modula-items .figc p.description { color:#ffffff;}#jtg-8294 .modula-items .figc .jtg-title { color:#ffffff; }#jtg-8294.modula-gallery .modula-item > a, #jtg-8294.modula-gallery .modula-item, #jtg-8294.modula-gallery .modula-item-content > a { cursor:zoom-in; } @media screen and (max-width:480px){#jtg-8294 .modula-item .figc .jtg-title {  font-size: 12px; }#jtg-8294 .modula-items .figc p.description { color:#ffffff;font-size:10px; }}<\/style>\n<!-- Gallery Container -->\n<div  id=\"jtg-8294\" class=\"modula modula-gallery modula-custom-grid\" data-config=\"{&quot;height&quot;:800,&quot;enableTwitter&quot;:false,&quot;enableWhatsapp&quot;:false,&quot;enableFacebook&quot;:false,&quot;enablePinterest&quot;:false,&quot;enableLinkedin&quot;:false,&quot;enableEmail&quot;:false,&quot;randomFactor&quot;:0.5,&quot;type&quot;:&quot;custom-grid&quot;,&quot;columns&quot;:12,&quot;gutter&quot;:10,&quot;enableResponsive&quot;:&quot;1&quot;,&quot;tabletColumns&quot;:&quot;3&quot;,&quot;mobileColumns&quot;:&quot;2&quot;,&quot;lazyLoad&quot;:&quot;0&quot;,&quot;lightboxOpts&quot;:{&quot;loop&quot;:false,&quot;arrows&quot;:true,&quot;toolbar&quot;:true,&quot;keyboard&quot;:false,&quot;wheel&quot;:false,&quot;buttons&quot;:[&quot;close&quot;],&quot;hash&quot;:false,&quot;lang&quot;:&quot;en&quot;,&quot;touch&quot;:false,&quot;protect&quot;:false,&quot;i18n&quot;:{&quot;en&quot;:{&quot;CLOSE&quot;:&quot;Close&quot;,&quot;NEXT&quot;:&quot;Next&quot;,&quot;PREV&quot;:&quot;Previous&quot;,&quot;Error&quot;:&quot;The requested content cannot be loaded. Please try again later.&quot;,&quot;PLAY_START&quot;:&quot;Start slideshow&quot;,&quot;PLAY_STOP&quot;:&quot;Pause slideshow&quot;,&quot;FULL_SCREEN&quot;:&quot;Full screen&quot;,&quot;THUMBS&quot;:&quot;Thumbnails&quot;,&quot;DOWNLOAD&quot;:&quot;Download&quot;,&quot;SHARE&quot;:&quot;Share&quot;,&quot;ZOOM&quot;:&quot;Zoom&quot;}},&quot;clickSlide&quot;:false,&quot;clickOutside&quot;:false,&quot;dblclickContent&quot;:false,&quot;dblclickSlide&quot;:false,&quot;dblclickOutside&quot;:false,&quot;clickContent&quot;:false,&quot;baseTpl&quot;:&quot;&lt;div class=\\&quot;modula-fancybox-container modula-lightbox-jtg-8294\\&quot; role=\\&quot;dialog\\&quot; tabindex=\\&quot;-1\\&quot;&gt;&lt;div class=\\&quot;modula-fancybox-bg\\&quot;&gt;&lt;\\\/div&gt;&lt;div class=\\&quot;modula-fancybox-inner\\&quot;&gt;&lt;div class=\\&quot;modula-fancybox-infobar\\&quot;&gt;&lt;span data-fancybox-index&gt;&lt;\\\/span&gt;&nbsp;\\\/&nbsp;&lt;span data-fancybox-count&gt;&lt;\\\/span&gt;&lt;\\\/div&gt;&lt;div class=\\&quot;modula-fancybox-toolbar\\&quot;&gt;{{buttons}}&lt;\\\/div&gt;&lt;div class=\\&quot;modula-fancybox-navigation\\&quot;&gt;{{arrows}}&lt;\\\/div&gt;&lt;div class=\\&quot;modula-fancybox-stage\\&quot;&gt;&lt;\\\/div&gt;&lt;div class=\\&quot;modula-fancybox-caption\\&quot;&gt;&lt;div class=\\&quot;modula-fancybox-caption__body\\&quot;&gt;&lt;\\\/div&gt;&lt;\\\/div&gt;&lt;\\\/div&gt;&lt;\\\/div&gt;&quot;},&quot;inView&quot;:false,&quot;email_subject&quot;:&quot;Check out this awesome image !!&quot;,&quot;email_message&quot;:&quot;Here is the link to the image : %%image_link%% and this is the link to the gallery : %%gallery_link%%&quot;,&quot;lightbox&quot;:&quot;fancybox&quot;}\">\n\n\t\n\t<!-- Items Container -->\n\t<div  class=\"modula-items\">\n\t\t<div class=\"modula-item effect-pufrobo\" data-width=\"8\" data-height=\"4\" >\n\t<div class=\"modula-item-overlay\"><\/div>\n\n\t<div class=\"modula-item-content\">\n\n\t\t\t\t\n\t\t\t\t\t<a data-image-id=\"8295\" href=\"https:\/\/www.raccortubi.com\/wp-content\/uploads\/2021\/03\/TubiCalore_1.jpg\" rel=\"jtg-8294\" data-caption=\"\" class=\"tile-inner modula-item-link\"><\/a>\n\t\t\n\t\t\n\t\t<img decoding=\"async\" class='pic' data-valign=\"middle\" data-halign=\"center\" alt=\"\" data-full=\"https:\/\/www.raccortubi.com\/wp-content\/uploads\/2021\/03\/TubiCalore_1.jpg\" src=\"https:\/\/www.raccortubi.com\/wp-content\/uploads\/2021\/03\/TubiCalore_1-4000x2000.jpg\" data-src=\"https:\/\/www.raccortubi.com\/wp-content\/uploads\/2021\/03\/TubiCalore_1-4000x2000.jpg\" data-caption=\"\"\/>\n\n\t\t\n\t\t<div class=\"figc no-description\">\n\t\t\t<div class=\"figc-inner\">\n\t\t\t\t\t\t\t\t\t\t\t\t\t\t\t<\/div>\n\t\t<\/div>\n\n\t<\/div>\n\n<\/div><div class=\"modula-item effect-pufrobo\" data-width=\"4\" data-height=\"2\" >\n\t<div class=\"modula-item-overlay\"><\/div>\n\n\t<div class=\"modula-item-content\">\n\n\t\t\t\t\n\t\t\t\t\t<a data-image-id=\"8299\" href=\"https:\/\/www.raccortubi.com\/wp-content\/uploads\/2021\/03\/TubiCalore_2.jpg\" rel=\"jtg-8294\" data-caption=\"\" class=\"tile-inner modula-item-link\"><\/a>\n\t\t\n\t\t\n\t\t<img decoding=\"async\" class='pic' data-valign=\"middle\" data-halign=\"center\" alt=\"\" data-full=\"https:\/\/www.raccortubi.com\/wp-content\/uploads\/2021\/03\/TubiCalore_2.jpg\" src=\"https:\/\/www.raccortubi.com\/wp-content\/uploads\/2021\/03\/TubiCalore_2-2000x1000.jpg\" data-src=\"https:\/\/www.raccortubi.com\/wp-content\/uploads\/2021\/03\/TubiCalore_2-2000x1000.jpg\" data-caption=\"\"\/>\n\n\t\t\n\t\t<div class=\"figc no-description\">\n\t\t\t<div class=\"figc-inner\">\n\t\t\t\t\t\t\t\t\t\t\t\t\t\t\t<\/div>\n\t\t<\/div>\n\n\t<\/div>\n\n<\/div><div class=\"modula-item effect-pufrobo\" data-width=\"4\" data-height=\"2\" >\n\t<div class=\"modula-item-overlay\"><\/div>\n\n\t<div class=\"modula-item-content\">\n\n\t\t\t\t\n\t\t\t\t\t<a data-image-id=\"8303\" href=\"https:\/\/www.raccortubi.com\/wp-content\/uploads\/2021\/03\/TubiCalore_3.jpg\" rel=\"jtg-8294\" data-caption=\"\" class=\"tile-inner modula-item-link\"><\/a>\n\t\t\n\t\t\n\t\t<img decoding=\"async\" class='pic' data-valign=\"middle\" data-halign=\"center\" alt=\"\" data-full=\"https:\/\/www.raccortubi.com\/wp-content\/uploads\/2021\/03\/TubiCalore_3.jpg\" src=\"https:\/\/www.raccortubi.com\/wp-content\/uploads\/2021\/03\/TubiCalore_3-2000x1000.jpg\" data-src=\"https:\/\/www.raccortubi.com\/wp-content\/uploads\/2021\/03\/TubiCalore_3-2000x1000.jpg\" data-caption=\"\"\/>\n\n\t\t\n\t\t<div class=\"figc no-description\">\n\t\t\t<div class=\"figc-inner\">\n\t\t\t\t\t\t\t\t\t\t\t\t\t\t\t<\/div>\n\t\t<\/div>\n\n\t<\/div>\n\n<\/div>\t\t\n\t<\/div>\n\n\t\n\t\n\t<script type=\"application\/ld+json\">\n\t{\n\t\t\"@context\": \"http:\/\/schema.org\",\n\t\t\"@type\"   : \"ImageGallery\",\n\t\t\"id\"      : \"https:\/\/www.raccortubi.com\/pt-br\/wp-json\/wp\/v2\/pages\/8694\/\",\n\t\t\"url\"     : \"https:\/\/www.raccortubi.com\/pt-br\/wp-json\/wp\/v2\/pages\/8694\/\"\n\t}\n\n    <\/script>\n\n\t\n<\/div>[\/vc_column_text][vc_empty_space height=&#8221;30px&#8221;][vc_column_text]<\/p>\n<h3>Download<\/h3>\n<p>[\/vc_column_text][vc_empty_space height=&#8221;20px&#8221;][vc_row_inner row_type=&#8221;row&#8221; type=&#8221;full_width&#8221; text_align=&#8221;left&#8221; css_animation=&#8221;&#8221; el_class=&#8221;bottoni-singolo-prodotto&#8221;][vc_column_inner width=&#8221;1\/2&#8243;]<a  itemprop=\"url\" href=\"https:\/\/www.raccortubi.com\/wp-content\/uploads\/2023\/10\/Raccortubi-Group_Trocadores-de-calor_ficha-t\u00e9cnica.pdf\" target=\"_blank\" data-hover-background-color=#ffffff data-hover-border-color=#e42313 data-hover-color=#e42313 class=\"qbutton  default\" style=\"color: #ffffff; border-color: #e42313; font-style: normal; border-radius: 0px;-moz-border-radius: 0px;-webkit-border-radius: 0px; background-color: #e42313;\">Tubos para trocadores de calor<\/a>[vc_empty_space height=&#8221;20px&#8221;][\/vc_column_inner][vc_column_inner width=&#8221;1\/2&#8243;]<a  itemprop=\"url\" href=\"https:\/\/www.raccortubi.com\/wp-content\/uploads\/2023\/10\/Raccortubi-Group_STOCKProdu\u00e7\u00e3o.pdf\" target=\"_blank\" data-hover-background-color=#ffffff data-hover-border-color=#e42313 data-hover-color=#e42313 class=\"qbutton  default\" style=\"color: #ffffff; border-color: #e42313; font-style: normal; border-radius: 0px;-moz-border-radius: 0px;-webkit-border-radius: 0px; background-color: #e42313;\">Gama de estoque <\/a>[vc_empty_space height=&#8221;20px&#8221;][vc_empty_space height=&#8221;20px&#8221;][\/vc_column_inner][\/vc_row_inner][\/vc_column][\/vc_row]<\/p>\n","protected":false},"excerpt":{"rendered":"<p>[vc_row css_animation=&#8221;&#8221; row_type=&#8221;row&#8221; use_row_as_full_screen_section=&#8221;no&#8221; type=&#8221;grid&#8221; angled_section=&#8221;no&#8221; text_align=&#8221;left&#8221; background_image_as_pattern=&#8221;without_pattern&#8221; css=&#8221;.vc_custom_1610700027670{padding-top: 70px !important;}&#8221; el_class=&#8221;sottopagina-raccordi&#8221;][vc_column width=&#8221;1\/4&#8243;][vc_widget_sidebar sidebar_id=&#8221;SideBar_Tubos_PT&#8221;][\/vc_column][vc_column width=&#8221;3\/4&#8243; css=&#8221;.vc_custom_1610702263996{padding-left: 50px !important;}&#8221; el_class=&#8221;colonna-contenuto&#8221;][vc_column_text el_class=&#8221;titolo-link&#8221;] Fornecemos tubos para trocadores de calor sem costura, dispon\u00edveis em estoque ou customizados. Oferecemos uma solu\u00e7\u00e3o literalmente feita sob medida para voc\u00ea, em a\u00e7o inoxid\u00e1vel&#8230;<\/p>\n","protected":false},"author":7,"featured_media":0,"parent":8223,"menu_order":0,"comment_status":"open","ping_status":"closed","template":"full_width.php","meta":{"footnotes":""},"_links":{"self":[{"href":"https:\/\/www.raccortubi.com\/pt-br\/wp-json\/wp\/v2\/pages\/8694"}],"collection":[{"href":"https:\/\/www.raccortubi.com\/pt-br\/wp-json\/wp\/v2\/pages"}],"about":[{"href":"https:\/\/www.raccortubi.com\/pt-br\/wp-json\/wp\/v2\/types\/page"}],"author":[{"embeddable":true,"href":"https:\/\/www.raccortubi.com\/pt-br\/wp-json\/wp\/v2\/users\/7"}],"replies":[{"embeddable":true,"href":"https:\/\/www.raccortubi.com\/pt-br\/wp-json\/wp\/v2\/comments?post=8694"}],"version-history":[{"count":11,"href":"https:\/\/www.raccortubi.com\/pt-br\/wp-json\/wp\/v2\/pages\/8694\/revisions"}],"predecessor-version":[{"id":12016,"href":"https:\/\/www.raccortubi.com\/pt-br\/wp-json\/wp\/v2\/pages\/8694\/revisions\/12016"}],"up":[{"embeddable":true,"href":"https:\/\/www.raccortubi.com\/pt-br\/wp-json\/wp\/v2\/pages\/8223"}],"wp:attachment":[{"href":"https:\/\/www.raccortubi.com\/pt-br\/wp-json\/wp\/v2\/media?parent=8694"}],"curies":[{"name":"wp","href":"https:\/\/api.w.org\/{rel}","templated":true}]}}