{"id":8615,"date":"2020-12-22T15:14:14","date_gmt":"2020-12-22T15:14:14","guid":{"rendered":"https:\/\/www.raccortubi.com\/conexoes\/curve\/"},"modified":"2023-10-05T13:50:26","modified_gmt":"2023-10-05T13:50:26","slug":"fornecimento-curvas-solda-de-topo","status":"publish","type":"page","link":"https:\/\/www.raccortubi.com\/pt-br\/producao-conexoes-solda-de-topo\/fornecimento-curvas-solda-de-topo\/","title":{"rendered":"Curvas"},"content":{"rendered":"<p>[vc_row css_animation=&#8221;&#8221; row_type=&#8221;row&#8221; use_row_as_full_screen_section=&#8221;no&#8221; type=&#8221;grid&#8221; angled_section=&#8221;no&#8221; text_align=&#8221;left&#8221; background_image_as_pattern=&#8221;without_pattern&#8221; css=&#8221;.vc_custom_1610700027670{padding-top: 70px !important;}&#8221; el_class=&#8221;sottopagina-raccordi&#8221;][vc_column width=&#8221;1\/4&#8243;][vc_widget_sidebar sidebar_id=&#8221;SideBar_Conexoes_PT&#8221;][\/vc_column][vc_column width=&#8221;3\/4&#8243; css=&#8221;.vc_custom_1610702263996{padding-left: 50px !important;}&#8221; el_class=&#8221;colonna-contenuto&#8221;][vc_column_text el_class=&#8221;titolo-link&#8221;]<\/p>\n<h3>Fornecemos <strong> curvas solda de topo <\/strong> <strong> \u00e0 pronta entrega <\/strong> \u2013 via nossos <strong><a href=\"https:\/\/www.raccortubi.com\/pt-br\/nossas-solucoes\/distribuicao-flanges-tubos-aco-niquel-titanio\/\"> estoques <\/a> <\/strong> estoques na It\u00e1lia, Brasil, Dubai, Cingapura, Reino Unido \u2013 e tamb\u00e9m diretamente de nossas unidades de produ\u00e7\u00e3o.<\/h3>\n<p>[\/vc_column_text][vc_empty_space height=&#8221;15px&#8221;][vc_column_text]A <strong> fabrica\u00e7\u00e3o <\/strong> das curvas pode ocorrer por processo de <strong> conforma\u00e7\u00e3o a frio<\/strong>, atrav\u00e9s das f\u00e1bricas <strong><a href=\"https:\/\/www.raccortubi.com\/pt-br\/nosso-grupo\/tecninox\/\">Tecninox<\/a> <\/strong>(Piacenza) e <strong><a href=\"https:\/\/www.raccortubi.com\/pt-br\/nosso-grupo\/raccortubi-do-brasil\/\">Tecninox do Brasil<\/a> <\/strong>(Brasil).<br \/>\nFornecemos uma ampla gama de <a href=\"https:\/\/www.raccortubi.com\/pt-br\/nossas-solucoes\/materiais-tubulacao-altas-temperaturas\/\">ligas<\/a> \u2013 <strong> a\u00e7os inoxid\u00e1veis austen\u00edticos <\/strong>, <strong> super austen\u00edticos <\/strong>, <strong> ligas de tit\u00e2nio <\/strong>, <strong> ligas de n\u00edquel <\/strong> ecc. \u2013 que atendem <a href=\"https:\/\/www.raccortubi.com\/pt-br\/nossas-solucoes\/fornecimento-tubulacao-industria-energia-quimica-estaleiros-navais\/\">as mais cr\u00edticas necessidades<\/a> como <strong> ind\u00fastrias qu\u00edmicas<\/strong>, <strong> petroqu\u00edmicas<\/strong>, <strong> papel e celulose<\/strong>, <strong> plataformas offshore<\/strong>, <strong> estaleiros <\/strong> e <strong> termel\u00e9tricas<\/strong>.<br \/>\nToda nossa gama de conex\u00f5es, dentre elas curvas, s\u00e3o produzidas em conformidade com os padr\u00f5es de normas t\u00e9cnicas mais atualizados <strong>(ASTM\/ASME\/ANSI)<\/strong> e de qualidade, em uma ampla variedade de espessuras, ligas e di\u00e2metros <strong>(\u00bd\u201d a 16\u201d)<\/strong>.<\/p>\n<p>&nbsp;<\/p>\n<p>Como distribuidores, tamb\u00e9m podemos fornecer uma gama completa de curvas, em termos de di\u00e2metro, grosura e material.<\/p>\n<p>Quer saber tudo o que podemos lhe oferecer? Preencha o formul\u00e1rio e envie-nos o seu pedido![\/vc_column_text][vc_empty_space height=&#8221;30px&#8221;][vc_column_text]<\/p>\n<h3>Especifica\u00e7\u00f5es t\u00e9cnicas<\/h3>\n<p>[\/vc_column_text][vc_empty_space height=&#8221;20px&#8221;][vc_row_inner row_type=&#8221;row&#8221; type=&#8221;full_width&#8221; text_align=&#8221;left&#8221; css_animation=&#8221;&#8221; el_class=&#8221;elenco-sottopagina-raccordi&#8221;][vc_column_inner width=&#8221;1\/2&#8243;]<div class='q_icon_with_title tiny normal_icon'><div class=\"icon_holder \" style=\" \"><span data-icon-type=\"normal\"   style=\"\" class=\"qode_iwt_icon_holder q_font_awsome_icon fa-lg \"><span aria-hidden=\"true\" class=\"qode_icon_font_elegant icon_check qode_iwt_icon_element\" style=\"\" ><\/span><\/span><\/div><div class=\"icon_text_holder\" style=\"\"><div class=\"icon_text_inner\" style=\"\"><h4 class=\"icon_title\" style=\"font-weight: 500;\"> \u00c2ngulos<\/h4><p style=''>45\u00b0, 60\u00b0, 90\u00b0 e sob medida<\/p><\/div><\/div><\/div><div class='q_icon_with_title tiny normal_icon'><div class=\"icon_holder \" style=\" \"><span data-icon-type=\"normal\"   style=\"\" class=\"qode_iwt_icon_holder q_font_awsome_icon fa-lg \"><span aria-hidden=\"true\" class=\"qode_icon_font_elegant icon_check qode_iwt_icon_element\" style=\"\" ><\/span><\/span><\/div><div class=\"icon_text_holder\" style=\"\"><div class=\"icon_text_inner\" style=\"\"><h4 class=\"icon_title\" style=\"font-weight: 500;\">Raios<\/h4><p style=''>curto (RC), longo (RL) e sob medida<\/p><\/div><\/div><\/div><div class='q_icon_with_title tiny normal_icon'><div class=\"icon_holder \" style=\" \"><span data-icon-type=\"normal\"   style=\"\" class=\"qode_iwt_icon_holder q_font_awsome_icon fa-lg \"><span aria-hidden=\"true\" class=\"qode_icon_font_elegant icon_check qode_iwt_icon_element\" style=\"\" ><\/span><\/span><\/div><div class=\"icon_text_holder\" style=\"\"><div class=\"icon_text_inner\" style=\"\"><h4 class=\"icon_title\" style=\"font-weight: 500;\">Espessuras<\/h4><p style=''>Sch10, Sch20, Sch30, STD, Sch40, Sch60, XS, Sch.80, Sch.100, Sch.120, Sch.140, Sch.160, XXS (ASME B36.10) \/ Sch.5S, Sch.10S, Sch.40S, Sch.80S (ASME B36.19) \/ sob medida (espessura nominal \/ espessura m\u00ednima \/ toleran\u00e7as espec\u00edficas)<\/p><\/div><\/div><\/div><div class='q_icon_with_title tiny normal_icon'><div class=\"icon_holder \" style=\" \"><span data-icon-type=\"normal\"   style=\"\" class=\"qode_iwt_icon_holder q_font_awsome_icon fa-lg \"><span aria-hidden=\"true\" class=\"qode_icon_font_elegant icon_check qode_iwt_icon_element\" style=\"\" ><\/span><\/span><\/div><div class=\"icon_text_holder\" style=\"\"><div class=\"icon_text_inner\" style=\"\"><h4 class=\"icon_title\" style=\"font-weight: 500;\">Ligas<\/h4><p style=''>A\u00e7os inoxid\u00e1veis austen\u00edticos (WP 304\/304L; WP316\/316L; WP 321\/321H; WP 304\/304H; WP 347\/347H), Duplex e Super Duplex (UNS S31803\/S32205; UNS S32760; UNS S32750), ligas de N\u00edquel (UNS N06625; UNS N08825), Tit\u00e2nio (TI GR 2), 6MO (UNS S31254), Ur\u00e9ia (WP 316L UG; 25.22.2 \/ UNS S31050) <\/p><\/div><\/div><\/div><div class='q_icon_with_title tiny normal_icon'><div class=\"icon_holder \" style=\" \"><span data-icon-type=\"normal\"   style=\"\" class=\"qode_iwt_icon_holder q_font_awsome_icon fa-lg \"><span aria-hidden=\"true\" class=\"qode_icon_font_elegant icon_check qode_iwt_icon_element\" style=\"\" ><\/span><\/span><\/div><div class=\"icon_text_holder\" style=\"\"><div class=\"icon_text_inner\" style=\"\"><h4 class=\"icon_title\" style=\"font-weight: 500;\">Normas t\u00e9cnicas<\/h4><p style=''>ASTM\/ASME A403\/A403M, A815\/A815M, B363, B366\/B366M<\/p><\/div><\/div><\/div>[\/vc_column_inner][vc_column_inner width=&#8221;1\/2&#8243;]<div class='q_icon_with_title tiny normal_icon'><div class=\"icon_holder \" style=\" \"><span data-icon-type=\"normal\"   style=\"\" class=\"qode_iwt_icon_holder q_font_awsome_icon fa-lg \"><span aria-hidden=\"true\" class=\"qode_icon_font_elegant icon_check qode_iwt_icon_element\" style=\"\" ><\/span><\/span><\/div><div class=\"icon_text_holder\" style=\"\"><div class=\"icon_text_inner\" style=\"\"><h4 class=\"icon_title\" style=\"font-weight: 500;\">Aplica\u00e7\u00f5es<\/h4><p style=''>Estaleiros, centrais nucleares, qu\u00edmica e farmac\u00eautica, desaliniza\u00e7\u00e3o, fertilizantes, green chem, oil&amp;gas, offshore, petroqu\u00edmica, energias renov\u00e1veis (solar, e\u00f3lica, geot\u00e9rmica, etc.), tratamento de \u00e1gua, produ\u00e7\u00e3o de hidrog\u00eanio, alimentos e bebidas, etc.<\/p><\/div><\/div><\/div><div class='q_icon_with_title tiny normal_icon'><div class=\"icon_holder \" style=\" \"><span data-icon-type=\"normal\"   style=\"\" class=\"qode_iwt_icon_holder q_font_awsome_icon fa-lg \"><span aria-hidden=\"true\" class=\"qode_icon_font_elegant icon_check qode_iwt_icon_element\" style=\"\" ><\/span><\/span><\/div><div class=\"icon_text_holder\" style=\"\"><div class=\"icon_text_inner\" style=\"\"><h5 class=\"icon_title\" style=\"\"><\/h5><p style=''>Dimens\u00f5es ANSI B16.25 (curvas raio curto ANSI B16.28)<\/p><\/div><\/div><\/div><div class='q_icon_with_title tiny normal_icon'><div class=\"icon_holder \" style=\" \"><span data-icon-type=\"normal\"   style=\"\" class=\"qode_iwt_icon_holder q_font_awsome_icon fa-lg \"><span aria-hidden=\"true\" class=\"qode_icon_font_elegant icon_check qode_iwt_icon_element\" style=\"\" ><\/span><\/span><\/div><div class=\"icon_text_holder\" style=\"\"><div class=\"icon_text_inner\" style=\"\"><h5 class=\"icon_title\" style=\"\"><\/h5><p style=''>Fornecimentos via fabrica\u00e7\u00e3o e estoque<\/p><\/div><\/div><\/div><div class='q_icon_with_title tiny normal_icon'><div class=\"icon_holder \" style=\" \"><span data-icon-type=\"normal\"   style=\"\" class=\"qode_iwt_icon_holder q_font_awsome_icon fa-lg \"><span aria-hidden=\"true\" class=\"qode_icon_font_elegant icon_check qode_iwt_icon_element\" style=\"\" ><\/span><\/span><\/div><div class=\"icon_text_holder\" style=\"\"><div class=\"icon_text_inner\" style=\"\"><h5 class=\"icon_title\" style=\"\"><\/h5><p style=''>Conforma\u00e7\u00f5es a frio<\/p><\/div><\/div><\/div><div class='q_icon_with_title tiny normal_icon'><div class=\"icon_holder \" style=\" \"><span data-icon-type=\"normal\"   style=\"\" class=\"qode_iwt_icon_holder q_font_awsome_icon fa-lg \"><span aria-hidden=\"true\" class=\"qode_icon_font_elegant icon_check qode_iwt_icon_element\" style=\"\" ><\/span><\/span><\/div><div class=\"icon_text_holder\" style=\"\"><div class=\"icon_text_inner\" style=\"\"><h5 class=\"icon_title\" style=\"\"><\/h5><p style=''>Com costura<\/p><\/div><\/div><\/div><div class='q_icon_with_title tiny normal_icon'><div class=\"icon_holder \" style=\" \"><span data-icon-type=\"normal\"   style=\"\" class=\"qode_iwt_icon_holder q_font_awsome_icon fa-lg \"><span aria-hidden=\"true\" class=\"qode_icon_font_elegant icon_check qode_iwt_icon_element\" style=\"\" ><\/span><\/span><\/div><div class=\"icon_text_holder\" style=\"\"><div class=\"icon_text_inner\" style=\"\"><h5 class=\"icon_title\" style=\"\"><\/h5><p style=''>Sem costura <\/p><\/div><\/div><\/div>[\/vc_column_inner][\/vc_row_inner][vc_empty_space height=&#8221;30px&#8221;][vc_column_text]<\/p>\n<h6><a href=\"https:\/\/www.raccortubi.com\/pt-br\/nossas-solucoes\/plantas-producao-conexoes-solda-de-topo\/\"><span style=\"color: #306980;\">&gt; Conhe\u00e7a mais sobre nossa fabrica\u00e7\u00e3o\u201d<\/span><\/a><\/h6>\n<p>[\/vc_column_text][vc_empty_space height=&#8221;30px&#8221;][vc_column_text]<style>#jtg-7099 .modula-item .jtg-social a, .lightbox-socials.jtg-social a{ color: #ffffff }#jtg-7099 .modula-item .jtg-social svg, .lightbox-socials.jtg-social svg { height: 16px; width: 16px }#jtg-7099 .modula-item .jtg-social a:not(:last-child), .lightbox-socials.jtg-social a:not(:last-child) { margin-right: 10px }#jtg-7099 .modula-item .caption { background-color: #ffffff;  }#jtg-7099 .modula-item .figc {color:#ffffff;}#jtg-7099 .modula-item .modula-item-content { transform: scale(1) }#jtg-7099 .modula-items .figc p.description { font-size:14px; }#jtg-7099 .modula-items .figc p.description { color:#ffffff;}#jtg-7099 .modula-items .figc .jtg-title { color:#ffffff; }#jtg-7099.modula-gallery .modula-item > a, #jtg-7099.modula-gallery .modula-item, #jtg-7099.modula-gallery .modula-item-content > a { cursor:zoom-in; } @media screen and (max-width:480px){#jtg-7099 .modula-item .figc .jtg-title {  font-size: 12px; }#jtg-7099 .modula-items .figc p.description { color:#ffffff;font-size:10px; }}<\/style>\n<!-- Gallery Container -->\n<div  id=\"jtg-7099\" class=\"modula modula-gallery modula-custom-grid\" data-config=\"{&quot;height&quot;:800,&quot;enableTwitter&quot;:false,&quot;enableWhatsapp&quot;:false,&quot;enableFacebook&quot;:false,&quot;enablePinterest&quot;:false,&quot;enableLinkedin&quot;:false,&quot;enableEmail&quot;:false,&quot;randomFactor&quot;:0.5,&quot;type&quot;:&quot;custom-grid&quot;,&quot;columns&quot;:12,&quot;gutter&quot;:10,&quot;enableResponsive&quot;:&quot;1&quot;,&quot;tabletColumns&quot;:&quot;3&quot;,&quot;mobileColumns&quot;:&quot;2&quot;,&quot;lazyLoad&quot;:&quot;0&quot;,&quot;lightboxOpts&quot;:{&quot;loop&quot;:false,&quot;arrows&quot;:true,&quot;toolbar&quot;:true,&quot;keyboard&quot;:false,&quot;wheel&quot;:false,&quot;buttons&quot;:[&quot;close&quot;],&quot;hash&quot;:false,&quot;lang&quot;:&quot;en&quot;,&quot;touch&quot;:false,&quot;protect&quot;:false,&quot;i18n&quot;:{&quot;en&quot;:{&quot;CLOSE&quot;:&quot;Close&quot;,&quot;NEXT&quot;:&quot;Next&quot;,&quot;PREV&quot;:&quot;Previous&quot;,&quot;Error&quot;:&quot;The requested content cannot be loaded. Please try again later.&quot;,&quot;PLAY_START&quot;:&quot;Start slideshow&quot;,&quot;PLAY_STOP&quot;:&quot;Pause slideshow&quot;,&quot;FULL_SCREEN&quot;:&quot;Full screen&quot;,&quot;THUMBS&quot;:&quot;Thumbnails&quot;,&quot;DOWNLOAD&quot;:&quot;Download&quot;,&quot;SHARE&quot;:&quot;Share&quot;,&quot;ZOOM&quot;:&quot;Zoom&quot;}},&quot;clickSlide&quot;:false,&quot;clickOutside&quot;:false,&quot;dblclickContent&quot;:false,&quot;dblclickSlide&quot;:false,&quot;dblclickOutside&quot;:false,&quot;clickContent&quot;:false,&quot;baseTpl&quot;:&quot;&lt;div class=\\&quot;modula-fancybox-container modula-lightbox-jtg-7099\\&quot; role=\\&quot;dialog\\&quot; tabindex=\\&quot;-1\\&quot;&gt;&lt;div class=\\&quot;modula-fancybox-bg\\&quot;&gt;&lt;\\\/div&gt;&lt;div class=\\&quot;modula-fancybox-inner\\&quot;&gt;&lt;div class=\\&quot;modula-fancybox-infobar\\&quot;&gt;&lt;span data-fancybox-index&gt;&lt;\\\/span&gt;&nbsp;\\\/&nbsp;&lt;span data-fancybox-count&gt;&lt;\\\/span&gt;&lt;\\\/div&gt;&lt;div class=\\&quot;modula-fancybox-toolbar\\&quot;&gt;{{buttons}}&lt;\\\/div&gt;&lt;div class=\\&quot;modula-fancybox-navigation\\&quot;&gt;{{arrows}}&lt;\\\/div&gt;&lt;div class=\\&quot;modula-fancybox-stage\\&quot;&gt;&lt;\\\/div&gt;&lt;div class=\\&quot;modula-fancybox-caption\\&quot;&gt;&lt;div class=\\&quot;modula-fancybox-caption__body\\&quot;&gt;&lt;\\\/div&gt;&lt;\\\/div&gt;&lt;\\\/div&gt;&lt;\\\/div&gt;&quot;},&quot;inView&quot;:false,&quot;email_subject&quot;:&quot;Check out this awesome image !!&quot;,&quot;email_message&quot;:&quot;Here is the link to the image : %%image_link%% and this is the link to the gallery : %%gallery_link%%&quot;,&quot;lightbox&quot;:&quot;fancybox&quot;}\">\n\n\t\n\t<!-- Items Container -->\n\t<div  class=\"modula-items\">\n\t\t<div class=\"modula-item effect-pufrobo\" data-width=\"2\" data-height=\"2\" >\n\t<div class=\"modula-item-overlay\"><\/div>\n\n\t<div class=\"modula-item-content\">\n\n\t\t\t\t\n\t\t\t\t\t<a data-image-id=\"10805\" href=\"https:\/\/www.raccortubi.com\/wp-content\/uploads\/2023\/03\/curve-incandescenti-Tecninox.jpg\" rel=\"jtg-7099\" data-caption=\"\" class=\"tile-inner modula-item-link\"><\/a>\n\t\t\n\t\t\n\t\t<img decoding=\"async\" class='pic' data-valign=\"middle\" data-halign=\"center\" alt=\"produzione curve a saldare di testa Tecninox\" data-full=\"https:\/\/www.raccortubi.com\/wp-content\/uploads\/2023\/03\/curve-incandescenti-Tecninox.jpg\" src=\"https:\/\/www.raccortubi.com\/wp-content\/uploads\/2023\/03\/curve-incandescenti-Tecninox-900x900.jpg\" data-src=\"https:\/\/www.raccortubi.com\/wp-content\/uploads\/2023\/03\/curve-incandescenti-Tecninox-900x900.jpg\" data-caption=\"\"\/>\n\n\t\t\n\t\t<div class=\"figc no-description\">\n\t\t\t<div class=\"figc-inner\">\n\t\t\t\t\t\t\t\t\t\t\t\t\t\t\t<\/div>\n\t\t<\/div>\n\n\t<\/div>\n\n<\/div><div class=\"modula-item effect-pufrobo\" data-width=\"2\" data-height=\"2\" >\n\t<div class=\"modula-item-overlay\"><\/div>\n\n\t<div class=\"modula-item-content\">\n\n\t\t\t\t\n\t\t\t\t\t<a data-image-id=\"10818\" href=\"https:\/\/www.raccortubi.com\/wp-content\/uploads\/2023\/03\/Curva-duplex-superduplex-scaled.jpg\" rel=\"jtg-7099\" data-caption=\"\" class=\"tile-inner modula-item-link\"><\/a>\n\t\t\n\t\t\n\t\t<img decoding=\"async\" class='pic' data-valign=\"middle\" data-halign=\"center\" alt=\"curva duplex superduplex a saldare di testa\" data-full=\"https:\/\/www.raccortubi.com\/wp-content\/uploads\/2023\/03\/Curva-duplex-superduplex.jpg\" src=\"https:\/\/www.raccortubi.com\/wp-content\/uploads\/2023\/03\/Curva-duplex-superduplex-scaled-900x900.jpg\" data-src=\"https:\/\/www.raccortubi.com\/wp-content\/uploads\/2023\/03\/Curva-duplex-superduplex-scaled-900x900.jpg\" data-caption=\"\"\/>\n\n\t\t\n\t\t<div class=\"figc no-description\">\n\t\t\t<div class=\"figc-inner\">\n\t\t\t\t\t\t\t\t\t\t\t\t\t\t\t<\/div>\n\t\t<\/div>\n\n\t<\/div>\n\n<\/div><div class=\"modula-item effect-pufrobo\" data-width=\"2\" data-height=\"2\" >\n\t<div class=\"modula-item-overlay\"><\/div>\n\n\t<div class=\"modula-item-content\">\n\n\t\t\t\t\n\t\t\t\t\t<a data-image-id=\"7116\" href=\"https:\/\/www.raccortubi.com\/wp-content\/uploads\/2021\/01\/Curve-Raccortubi-UREA.jpg\" rel=\"jtg-7099\" data-caption=\"\" class=\"tile-inner modula-item-link\"><\/a>\n\t\t\n\t\t\n\t\t<img decoding=\"async\" class='pic' data-valign=\"middle\" data-halign=\"center\" alt=\"\" data-full=\"https:\/\/www.raccortubi.com\/wp-content\/uploads\/2021\/01\/Curve-Raccortubi-UREA.jpg\" src=\"https:\/\/www.raccortubi.com\/wp-content\/uploads\/2021\/01\/Curve-Raccortubi-UREA-900x900.jpg\" data-src=\"https:\/\/www.raccortubi.com\/wp-content\/uploads\/2021\/01\/Curve-Raccortubi-UREA-900x900.jpg\" data-caption=\"\"\/>\n\n\t\t\n\t\t<div class=\"figc no-description\">\n\t\t\t<div class=\"figc-inner\">\n\t\t\t\t\t\t\t\t\t\t\t\t\t\t\t<\/div>\n\t\t<\/div>\n\n\t<\/div>\n\n<\/div><div class=\"modula-item effect-pufrobo\" data-width=\"2\" data-height=\"2\" >\n\t<div class=\"modula-item-overlay\"><\/div>\n\n\t<div class=\"modula-item-content\">\n\n\t\t\t\t\n\t\t\t\t\t<a data-image-id=\"7104\" href=\"https:\/\/www.raccortubi.com\/wp-content\/uploads\/2021\/01\/Curve-grandi-Raccortubi.jpg\" rel=\"jtg-7099\" data-caption=\"\" class=\"tile-inner modula-item-link\"><\/a>\n\t\t\n\t\t\n\t\t<img decoding=\"async\" class='pic' data-valign=\"middle\" data-halign=\"center\" alt=\"\" data-full=\"https:\/\/www.raccortubi.com\/wp-content\/uploads\/2021\/01\/Curve-grandi-Raccortubi.jpg\" src=\"https:\/\/www.raccortubi.com\/wp-content\/uploads\/2021\/01\/Curve-grandi-Raccortubi-900x900.jpg\" data-src=\"https:\/\/www.raccortubi.com\/wp-content\/uploads\/2021\/01\/Curve-grandi-Raccortubi-900x900.jpg\" data-caption=\"\"\/>\n\n\t\t\n\t\t<div class=\"figc no-description\">\n\t\t\t<div class=\"figc-inner\">\n\t\t\t\t\t\t\t\t\t\t\t\t\t\t\t<\/div>\n\t\t<\/div>\n\n\t<\/div>\n\n<\/div><div class=\"modula-item effect-pufrobo\" data-width=\"2\" data-height=\"2\" >\n\t<div class=\"modula-item-overlay\"><\/div>\n\n\t<div class=\"modula-item-content\">\n\n\t\t\t\t\n\t\t\t\t\t<a data-image-id=\"7112\" href=\"https:\/\/www.raccortubi.com\/wp-content\/uploads\/2021\/01\/Curve-Raccortubi-nickel.jpg\" rel=\"jtg-7099\" data-caption=\"\" class=\"tile-inner modula-item-link\"><\/a>\n\t\t\n\t\t\n\t\t<img decoding=\"async\" class='pic' data-valign=\"middle\" data-halign=\"center\" alt=\"\" data-full=\"https:\/\/www.raccortubi.com\/wp-content\/uploads\/2021\/01\/Curve-Raccortubi-nickel.jpg\" src=\"https:\/\/www.raccortubi.com\/wp-content\/uploads\/2021\/01\/Curve-Raccortubi-nickel-900x900.jpg\" data-src=\"https:\/\/www.raccortubi.com\/wp-content\/uploads\/2021\/01\/Curve-Raccortubi-nickel-900x900.jpg\" data-caption=\"\"\/>\n\n\t\t\n\t\t<div class=\"figc no-description\">\n\t\t\t<div class=\"figc-inner\">\n\t\t\t\t\t\t\t\t\t\t\t\t\t\t\t<\/div>\n\t\t<\/div>\n\n\t<\/div>\n\n<\/div><div class=\"modula-item effect-pufrobo\" data-width=\"2\" data-height=\"2\" >\n\t<div class=\"modula-item-overlay\"><\/div>\n\n\t<div class=\"modula-item-content\">\n\n\t\t\t\t\n\t\t\t\t\t<a data-image-id=\"7128\" href=\"https:\/\/www.raccortubi.com\/wp-content\/uploads\/2021\/01\/Produzione-curve-a-saldare.jpg\" rel=\"jtg-7099\" data-caption=\"\" class=\"tile-inner modula-item-link\"><\/a>\n\t\t\n\t\t\n\t\t<img decoding=\"async\" class='pic' data-valign=\"middle\" data-halign=\"center\" alt=\"\" data-full=\"https:\/\/www.raccortubi.com\/wp-content\/uploads\/2021\/01\/Produzione-curve-a-saldare.jpg\" src=\"https:\/\/www.raccortubi.com\/wp-content\/uploads\/2021\/01\/Produzione-curve-a-saldare-900x900.jpg\" data-src=\"https:\/\/www.raccortubi.com\/wp-content\/uploads\/2021\/01\/Produzione-curve-a-saldare-900x900.jpg\" data-caption=\"\"\/>\n\n\t\t\n\t\t<div class=\"figc no-description\">\n\t\t\t<div class=\"figc-inner\">\n\t\t\t\t\t\t\t\t\t\t\t\t\t\t\t<\/div>\n\t\t<\/div>\n\n\t<\/div>\n\n<\/div><div class=\"modula-item effect-pufrobo\" data-width=\"2\" data-height=\"2\" >\n\t<div class=\"modula-item-overlay\"><\/div>\n\n\t<div class=\"modula-item-content\">\n\n\t\t\t\t\n\t\t\t\t\t<a data-image-id=\"6906\" href=\"https:\/\/www.raccortubi.com\/wp-content\/uploads\/2020\/12\/Curve-Raccortubi-UREA.jpg\" rel=\"jtg-7099\" data-caption=\"\" class=\"tile-inner modula-item-link\"><\/a>\n\t\t\n\t\t\n\t\t<img decoding=\"async\" class='pic' data-valign=\"middle\" data-halign=\"center\" alt=\"\" data-full=\"https:\/\/www.raccortubi.com\/wp-content\/uploads\/2020\/12\/Curve-Raccortubi-UREA.jpg\" src=\"https:\/\/www.raccortubi.com\/wp-content\/uploads\/2020\/12\/Curve-Raccortubi-UREA-900x900.jpg\" data-src=\"https:\/\/www.raccortubi.com\/wp-content\/uploads\/2020\/12\/Curve-Raccortubi-UREA-900x900.jpg\" data-caption=\"\"\/>\n\n\t\t\n\t\t<div class=\"figc no-description\">\n\t\t\t<div class=\"figc-inner\">\n\t\t\t\t\t\t\t\t\t\t\t\t\t\t\t<\/div>\n\t\t<\/div>\n\n\t<\/div>\n\n<\/div>\t\t\n\t<\/div>\n\n\t\n\t\n\t<script type=\"application\/ld+json\">\n\t{\n\t\t\"@context\": \"http:\/\/schema.org\",\n\t\t\"@type\"   : \"ImageGallery\",\n\t\t\"id\"      : \"https:\/\/www.raccortubi.com\/pt-br\/wp-json\/wp\/v2\/pages\/8615\/\",\n\t\t\"url\"     : \"https:\/\/www.raccortubi.com\/pt-br\/wp-json\/wp\/v2\/pages\/8615\/\"\n\t}\n\n    <\/script>\n\n\t\n<\/div>[\/vc_column_text][vc_empty_space height=&#8221;20px&#8221;][vc_column_text]<\/p>\n<h3>Download<\/h3>\n<p>[\/vc_column_text][vc_empty_space height=&#8221;20px&#8221;][vc_row_inner row_type=&#8221;row&#8221; type=&#8221;full_width&#8221; text_align=&#8221;left&#8221; css_animation=&#8221;&#8221; el_class=&#8221;bottoni-singolo-prodotto&#8221;][vc_column_inner width=&#8221;1\/3&#8243;]<a  itemprop=\"url\" href=\"https:\/\/www.raccortubi.com\/wp-content\/uploads\/2023\/10\/Raccortubi-Group_STOCKProdu\u00e7\u00e3o.pdf\" target=\"_blank\" data-hover-background-color=#ffffff data-hover-border-color=#e42313 data-hover-color=#e42313 class=\"qbutton  default\" style=\"color: #ffffff; border-color: #e42313; font-style: normal; border-radius: 0px;-moz-border-radius: 0px;-webkit-border-radius: 0px; background-color: #e42313;\">Gama de estoque<\/a>[vc_empty_space height=&#8221;20px&#8221;][\/vc_column_inner][vc_column_inner width=&#8221;1\/3&#8243;]<a  itemprop=\"url\" href=\"https:\/\/www.raccortubi.com\/wp-content\/uploads\/2021\/03\/raccortubi-curve.pdf\" target=\"_blank\" data-hover-background-color=#ffffff data-hover-border-color=#e42313 data-hover-color=#e42313 class=\"qbutton  default\" style=\"color: #ffffff; border-color: #e42313; font-style: normal; border-radius: 0px;-moz-border-radius: 0px;-webkit-border-radius: 0px; background-color: #e42313;\">Cat\u00e1logo t\u00e9cnico<\/a>[vc_empty_space height=&#8221;20px&#8221;][\/vc_column_inner][\/vc_row_inner][vc_empty_space height=&#8221;70px&#8221;][\/vc_column][\/vc_row]<\/p>\n","protected":false},"excerpt":{"rendered":"<p>[vc_row css_animation=&#8221;&#8221; row_type=&#8221;row&#8221; use_row_as_full_screen_section=&#8221;no&#8221; type=&#8221;grid&#8221; angled_section=&#8221;no&#8221; text_align=&#8221;left&#8221; background_image_as_pattern=&#8221;without_pattern&#8221; css=&#8221;.vc_custom_1610700027670{padding-top: 70px !important;}&#8221; el_class=&#8221;sottopagina-raccordi&#8221;][vc_column width=&#8221;1\/4&#8243;][vc_widget_sidebar sidebar_id=&#8221;SideBar_Conexoes_PT&#8221;][\/vc_column][vc_column width=&#8221;3\/4&#8243; css=&#8221;.vc_custom_1610702263996{padding-left: 50px !important;}&#8221; el_class=&#8221;colonna-contenuto&#8221;][vc_column_text el_class=&#8221;titolo-link&#8221;] Fornecemos curvas solda de topo \u00e0 pronta entrega \u2013 via nossos estoques estoques na It\u00e1lia, Brasil, Dubai, Cingapura, Reino Unido \u2013 e tamb\u00e9m diretamente de&#8230;<\/p>\n","protected":false},"author":7,"featured_media":0,"parent":8600,"menu_order":0,"comment_status":"open","ping_status":"closed","template":"full_width.php","meta":{"footnotes":""},"_links":{"self":[{"href":"https:\/\/www.raccortubi.com\/pt-br\/wp-json\/wp\/v2\/pages\/8615"}],"collection":[{"href":"https:\/\/www.raccortubi.com\/pt-br\/wp-json\/wp\/v2\/pages"}],"about":[{"href":"https:\/\/www.raccortubi.com\/pt-br\/wp-json\/wp\/v2\/types\/page"}],"author":[{"embeddable":true,"href":"https:\/\/www.raccortubi.com\/pt-br\/wp-json\/wp\/v2\/users\/7"}],"replies":[{"embeddable":true,"href":"https:\/\/www.raccortubi.com\/pt-br\/wp-json\/wp\/v2\/comments?post=8615"}],"version-history":[{"count":14,"href":"https:\/\/www.raccortubi.com\/pt-br\/wp-json\/wp\/v2\/pages\/8615\/revisions"}],"predecessor-version":[{"id":11989,"href":"https:\/\/www.raccortubi.com\/pt-br\/wp-json\/wp\/v2\/pages\/8615\/revisions\/11989"}],"up":[{"embeddable":true,"href":"https:\/\/www.raccortubi.com\/pt-br\/wp-json\/wp\/v2\/pages\/8600"}],"wp:attachment":[{"href":"https:\/\/www.raccortubi.com\/pt-br\/wp-json\/wp\/v2\/media?parent=8615"}],"curies":[{"name":"wp","href":"https:\/\/api.w.org\/{rel}","templated":true}]}}