{"id":8223,"date":"2021-03-26T10:11:40","date_gmt":"2021-03-26T10:11:40","guid":{"rendered":"https:\/\/www.raccortubi.com\/?page_id=8223"},"modified":"2023-10-05T14:49:58","modified_gmt":"2023-10-05T14:49:58","slug":"distribuicao-tubos-plantas-industriais-brasil","status":"publish","type":"page","link":"https:\/\/www.raccortubi.com\/pt-br\/distribuicao-tubos-plantas-industriais-brasil\/","title":{"rendered":"Tubos"},"content":{"rendered":"<p>[vc_row css_animation=&#8221;&#8221; row_type=&#8221;row&#8221; use_row_as_full_screen_section=&#8221;no&#8221; type=&#8221;full_width&#8221; angled_section=&#8221;no&#8221; text_align=&#8221;left&#8221; background_image=&#8221;1722&#8243; background_image_as_pattern=&#8221;without_pattern&#8221; el_class=&#8221;homepage_img_1&#8243; css=&#8221;.vc_custom_1617983447828{background-image: url(https:\/\/www.raccortubi.com\/wp-content\/uploads\/2021\/04\/Tubi2_bg_image.jpg?id=8386) !important;background-position: center !important;background-repeat: no-repeat !important;background-size: cover !important;}&#8221;][vc_column][vc_row_inner row_type=&#8221;row&#8221; type=&#8221;grid&#8221; text_align=&#8221;left&#8221; css_animation=&#8221;&#8221; css=&#8221;.vc_custom_1517408052259{margin-top: 2% !important;}&#8221;][vc_column_inner el_class=&#8221;background_mobile&#8221; width=&#8221;1\/2&#8243;][vc_column_text]<span style=\"font-size: 40px; font-weight: 500; font-family: roboto, sans-serif; line-height: 50px;\">TUBOS<\/span>[\/vc_column_text][vc_empty_space height=&#8221;20px&#8221;][vc_column_text css=&#8221;.vc_custom_1681480085954{padding-right: 30px !important;}&#8221;]Oferecemos <strong> solu\u00e7\u00f5es completas <\/strong> para os seus projetos.<br \/>\nAl\u00e9m de <a href=\"https:\/\/www.raccortubi.com\/pt-br\/producao-conexoes-solda-de-topo\/\"> conex\u00f5es <\/a> e <a href=\"https:\/\/www.raccortubi.com\/pt-br\/distribuicao-flanges-de-pescoco-cegos-roscados\/\">flanges<\/a>, fornecemos <strong><a href=\"https:\/\/www.raccortubi.com\/pt-br\/distribuicao-tubos-plantas-industriais-brasil\/distribuicao-tubos-com-costura\/\">tubos soldados<\/a> e <a href=\"https:\/\/www.raccortubi.com\/pt-br\/distribuicao-tubos-plantas-industriais-brasil\/distribuicao-tubos-sem-costura\/\">sem costura<\/a><\/strong>, de fabricantes qualificados, (UE e fora da UE) em uma ampla variedade de ligas e di\u00e2metros.<\/p>\n<p>&nbsp;<\/p>\n<p>Nossos materiais s\u00e3o ideais para as <strong><a href=\"https:\/\/www.raccortubi.com\/pt-br\/nossas-solucoes\/fornecimento-tubulacao-industria-energia-quimica-estaleiros-navais\/\">aplica\u00e7\u00f5es<\/a> mais cr\u00edticas<\/strong>:<\/p>\n<p>estaleiros, centrais nucleares, qu\u00edmica e farmac\u00eautica, desaliniza\u00e7\u00e3o, fertilizantes, green chem, oil&amp;gas, offshore, petroqu\u00edmica, energias renov\u00e1veis (solar, e\u00f3lica, geot\u00e9rmica, etc.), tratamento de \u00e1gua, produ\u00e7\u00e3o de hidrog\u00eanio, alimentos e bebidas, etc.<\/p>\n<p>&nbsp;<\/p>\n<p>A Raccortubi tamb\u00e9m oferece um fornecimento consolidado de <a href=\"https:\/\/www.raccortubi.com\/pt-br\/distribuicao-tubos-plantas-industriais-brasil\/distribuicao-tubos-trocadores-calor\/\"><strong>tubos de troca t\u00e9rmica<\/strong><\/a> em a\u00e7o inoxid\u00e1vel austen\u00edtico sem costura (316 \/ 316L) e duplex (UNS S31803 \/ S32205), de acordo com as normas A 213 e A 789.<\/p>\n<p>Est\u00e3o dispon\u00edveis em nosso estoque tubos de at\u00e9 12,2 m de comprimento com di\u00e2metros externos de 19,05 mm e 25,4 mm, podendo ser cortados no comprimento desejado, mediante solicita\u00e7\u00e3o, gra\u00e7as aos equipamentos de \u00faltima gera\u00e7\u00e3o que respeitam as toler\u00e2ncias com extrema precis\u00e3o.<\/p>\n<p>Todo o processamento \u00e9 realizado internamente, reduzindo substancialmente os prazos de entrega.<\/p>\n<p>&nbsp;<\/p>\n<p>Escolha, dentro de nossa rede de <a href=\"https:\/\/www.raccortubi.com\/pt-br\/nossas-solucoes\/distribuicao-flanges-tubos-aco-niquel-titanio\/\"><strong> distribui\u00e7\u00e3o global<\/strong><\/a>, a unidade mais pr\u00f3xima de voc\u00ea, na It\u00e1lia, Brasil, Dubai, Reino Unido e Cingapura.[\/vc_column_text][vc_empty_space height=&#8221;30px&#8221;][\/vc_column_inner][vc_column_inner width=&#8221;1\/2&#8243;][\/vc_column_inner][\/vc_row_inner][\/vc_column][\/vc_row][vc_row css_animation=&#8221;&#8221; row_type=&#8221;row&#8221; use_row_as_full_screen_section=&#8221;no&#8221; type=&#8221;grid&#8221; angled_section=&#8221;no&#8221; text_align=&#8221;left&#8221; background_image_as_pattern=&#8221;without_pattern&#8221; background_color=&#8221;rgba(247,247,247,0.77)&#8221;][vc_column][vc_empty_space height=&#8221;70px&#8221;][vc_row_inner row_type=&#8221;row&#8221; type=&#8221;full_width&#8221; text_align=&#8221;left&#8221; css_animation=&#8221;&#8221; el_class=&#8221;box-prodotti&#8221;][vc_column_inner width=&#8221;1\/3&#8243;]<div class='image_hover hovered' style='' data-transition-delay='0.5'><div class='images_holder'><a itemprop='url' href='https:\/\/www.raccortubi.com\/pt-br\/distribuicao-tubos-plantas-industriais-brasil\/distribuicao-tubos-sem-costura\/' target='_self'><img itemprop='image' class='active_image ' src='https:\/\/www.raccortubi.com\/wp-content\/uploads\/2021\/04\/01790_PIPE_1.jpg' alt='' style='' \/><img itemprop='image' class='hover_image' src='https:\/\/www.raccortubi.com\/wp-content\/uploads\/2021\/04\/01790_PIPE_1.gif' alt='' style='' \/><\/a><\/div><\/div>[vc_column_text el_class=&#8221;prodotto-macro&#8221;]<\/p>\n<h4><span style=\"color: #ffffff;\">TUBOS SEM COSTURA<\/span><\/h4>\n<p>[\/vc_column_text][vc_empty_space height=&#8221;45px&#8221;][\/vc_column_inner][vc_column_inner width=&#8221;1\/3&#8243;]<div class='image_hover hovered' style='' data-transition-delay='0.5'><div class='images_holder'><a itemprop='url' href='https:\/\/www.raccortubi.com\/pt-br\/distribuicao-tubos-plantas-industriais-brasil\/distribuicao-tubos-com-costura\/' target='_self'><img itemprop='image' class='active_image ' src='https:\/\/www.raccortubi.com\/wp-content\/uploads\/2021\/04\/01790_PIPE_WELD_02.jpg' alt='' style='' \/><img itemprop='image' class='hover_image' src='https:\/\/www.raccortubi.com\/wp-content\/uploads\/2021\/04\/01790_PIPE_WELD_02.gif' alt='' style='' \/><\/a><\/div><\/div>[vc_column_text el_class=&#8221;prodotto-macro&#8221;]<\/p>\n<h4><span style=\"color: #ffffff;\">TUBOS COM COSTURA<\/span><\/h4>\n<p>[\/vc_column_text][vc_empty_space height=&#8221;45px&#8221;][\/vc_column_inner][vc_column_inner width=&#8221;1\/3&#8243;]<div class='image_hover hovered' style='' data-transition-delay='0.5'><div class='images_holder'><a itemprop='url' href='https:\/\/www.raccortubi.com\/pt-br\/distribuicao-tubos-plantas-industriais-brasil\/distribuicao-tubos-trocadores-calor\/' target='_self'><img itemprop='image' class='active_image ' src='https:\/\/www.raccortubi.com\/wp-content\/uploads\/2021\/04\/01790_PIPE_3_SCAMBIATORE_03.jpg' alt='' style='' \/><img itemprop='image' class='hover_image' src='https:\/\/www.raccortubi.com\/wp-content\/uploads\/2021\/04\/01790_PIPE_3_SCAMBIATORE_03.gif' alt='' style='' \/><\/a><\/div><\/div>[vc_column_text el_class=&#8221;prodotto-macro&#8221;]<\/p>\n<h4><span style=\"color: #ffffff;\">TUBOS TROCADORES DE CALOR<\/span><\/h4>\n<p>[\/vc_column_text][vc_empty_space height=&#8221;45px&#8221;][\/vc_column_inner][\/vc_row_inner][vc_empty_space height=&#8221;20px&#8221;][vc_column_text]<\/p>\n<h6><a href=\"https:\/\/www.raccortubi.com\/pt-br\/nossas-solucoes\/distribuicao-flanges-tubos-aco-niquel-titanio\/\"><span style=\"color: #e42313;\">&gt; Conhe\u00e7a mais sobre nossa rede de distribui\u00e7\u00e3o<\/span><\/a><\/h6>\n<p>[\/vc_column_text][\/vc_column][\/vc_row][vc_row css_animation=&#8221;&#8221; row_type=&#8221;row&#8221; use_row_as_full_screen_section=&#8221;no&#8221; type=&#8221;grid&#8221; angled_section=&#8221;no&#8221; text_align=&#8221;left&#8221; background_image_as_pattern=&#8221;without_pattern&#8221; background_color=&#8221;rgba(247,247,247,0.77)&#8221;][vc_column][vc_empty_space height=&#8221;70px&#8221;][vc_column_text]<\/p>\n<h3>Download<\/h3>\n<p>[\/vc_column_text][vc_empty_space height=&#8221;20px&#8221;][vc_row_inner row_type=&#8221;row&#8221; type=&#8221;full_width&#8221; text_align=&#8221;left&#8221; css_animation=&#8221;&#8221;][vc_column_inner width=&#8221;1\/3&#8243;]<a  itemprop=\"url\" href=\"https:\/\/www.raccortubi.com\/wp-content\/uploads\/2023\/10\/Raccortubi-Group_Trocadores-de-calor_ficha-t\u00e9cnica.pdf\" target=\"_blank\" data-hover-background-color=#ffffff data-hover-border-color=#e42313 data-hover-color=#e42313 class=\"qbutton  default\" style=\"color: #ffffff; border-color: #e42313; font-style: normal; background-color: #e42313;\">Tubos para trocadores de calor<\/a>[\/vc_column_inner][vc_column_inner width=&#8221;1\/3&#8243;]<a  itemprop=\"url\" href=\"https:\/\/www.raccortubi.com\/wp-content\/uploads\/2018\/04\/STOCK-PROGRAMME-RT-GROUP.pdf\" target=\"_blank\" data-hover-background-color=#ffffff data-hover-border-color=#e42313 data-hover-color=#e42313 class=\"qbutton  default\" style=\"color: #ffffff; border-color: #e42313; font-style: normal; background-color: #e42313;\">Gama de estoque<\/a>[\/vc_column_inner][vc_column_inner width=&#8221;1\/3&#8243;][\/vc_column_inner][\/vc_row_inner][vc_empty_space height=&#8221;70px&#8221;][\/vc_column][\/vc_row]<\/p>\n","protected":false},"excerpt":{"rendered":"<p>[vc_row css_animation=&#8221;&#8221; row_type=&#8221;row&#8221; use_row_as_full_screen_section=&#8221;no&#8221; type=&#8221;full_width&#8221; angled_section=&#8221;no&#8221; text_align=&#8221;left&#8221; background_image=&#8221;1722&#8243; background_image_as_pattern=&#8221;without_pattern&#8221; el_class=&#8221;homepage_img_1&#8243; css=&#8221;.vc_custom_1617983447828{background-image: url(https:\/\/www.raccortubi.com\/wp-content\/uploads\/2021\/04\/Tubi2_bg_image.jpg?id=8386) !important;background-position: center !important;background-repeat: no-repeat !important;background-size: cover !important;}&#8221;][vc_column][vc_row_inner row_type=&#8221;row&#8221; type=&#8221;grid&#8221; text_align=&#8221;left&#8221; css_animation=&#8221;&#8221; css=&#8221;.vc_custom_1517408052259{margin-top: 2% !important;}&#8221;][vc_column_inner el_class=&#8221;background_mobile&#8221; width=&#8221;1\/2&#8243;][vc_column_text]TUBOS[\/vc_column_text][vc_empty_space height=&#8221;20px&#8221;][vc_column_text css=&#8221;.vc_custom_1681480085954{padding-right: 30px !important;}&#8221;]Oferecemos solu\u00e7\u00f5es completas para os seus projetos. Al\u00e9m de conex\u00f5es e flanges, fornecemos tubos&#8230;<\/p>\n","protected":false},"author":7,"featured_media":0,"parent":0,"menu_order":0,"comment_status":"open","ping_status":"closed","template":"full_width.php","meta":{"footnotes":""},"_links":{"self":[{"href":"https:\/\/www.raccortubi.com\/pt-br\/wp-json\/wp\/v2\/pages\/8223"}],"collection":[{"href":"https:\/\/www.raccortubi.com\/pt-br\/wp-json\/wp\/v2\/pages"}],"about":[{"href":"https:\/\/www.raccortubi.com\/pt-br\/wp-json\/wp\/v2\/types\/page"}],"author":[{"embeddable":true,"href":"https:\/\/www.raccortubi.com\/pt-br\/wp-json\/wp\/v2\/users\/7"}],"replies":[{"embeddable":true,"href":"https:\/\/www.raccortubi.com\/pt-br\/wp-json\/wp\/v2\/comments?post=8223"}],"version-history":[{"count":32,"href":"https:\/\/www.raccortubi.com\/pt-br\/wp-json\/wp\/v2\/pages\/8223\/revisions"}],"predecessor-version":[{"id":12019,"href":"https:\/\/www.raccortubi.com\/pt-br\/wp-json\/wp\/v2\/pages\/8223\/revisions\/12019"}],"wp:attachment":[{"href":"https:\/\/www.raccortubi.com\/pt-br\/wp-json\/wp\/v2\/media?parent=8223"}],"curies":[{"name":"wp","href":"https:\/\/api.w.org\/{rel}","templated":true}]}}