{"id":2951,"date":"2018-01-19T14:46:47","date_gmt":"2018-01-19T14:46:47","guid":{"rendered":"https:\/\/www.raccortubi.com\/work-with-us\/"},"modified":"2021-01-04T18:23:54","modified_gmt":"2021-01-04T18:23:54","slug":"trabalhe-conosco","status":"publish","type":"page","link":"https:\/\/www.raccortubi.com\/pt-br\/trabalhe-conosco\/","title":{"rendered":"TRABALHE CONOSCO"},"content":{"rendered":"<p>[vc_row css_animation=&#8221;&#8221; row_type=&#8221;row&#8221; use_row_as_full_screen_section=&#8221;no&#8221; type=&#8221;grid&#8221; angled_section=&#8221;no&#8221; text_align=&#8221;left&#8221; background_image_as_pattern=&#8221;without_pattern&#8221; css=&#8221;.vc_custom_1516294548849{margin-top: 2% !important;}&#8221;][vc_column width=&#8221;1\/2&#8243;][vc_column_text]<\/p>\n<h1 class=\"classe_seo_3\">Junte-se \u00e0 equipe global do Grupo Raccortubi<\/h1>\n<p>[\/vc_column_text][vc_empty_space height=&#8221;15px&#8221;][vc_column_text]Fundada como fornecedora de produtos tubulares para a ind\u00fastria italiana de petr\u00f3leo e g\u00e1s, o Grupo Raccortubi \u00e9 agora um l\u00edder internacional na fabrica\u00e7\u00e3o e fornecimento de sistemas de tubula\u00e7\u00e3o para aplica\u00e7\u00f5es cr\u00edticas, como plantas qu\u00edmicas e petroqu\u00edmicas, usinas termel\u00e9tricas, estaleiros navais, f\u00e1bricas de fertilizantes e plataformas offshore.<\/p>\n<p>Nossa gente \u00e9 o que o permite atingir nossos objetivos e progredir constantemente, todos os dias.<\/p>\n<p>Pessoas apaixonadas e talentosas, com grandes habilidades e energia, d\u00e3o sua dedicada contribui\u00e7\u00e3o para o sucesso do Grupo, em todos os nossos escrit\u00f3rios internacionais.[\/vc_column_text][vc_empty_space height=&#8221;15px&#8221;][vc_column_text]<strong>Caso deseje juntar-se a nossa equipe, preencha o formul\u00e1rio a seguir.<\/strong>[\/vc_column_text][\/vc_column][vc_column width=&#8221;1\/2&#8243;][vc_column_text]<\/p>\n<h1 class=\"classe_seo_3\">Envie-nos sua inscri\u00e7\u00e3o<\/h1>\n<p>[\/vc_column_text][vc_empty_space height=&#8221;30px&#8221;][vc_column_text]<div role=\"form\" class=\"wpcf7\" id=\"wpcf7-f3056-o1\" lang=\"it-IT\" dir=\"ltr\">\n<div class=\"screen-reader-response\" aria-live=\"polite\"><\/div>\n<form action=\"\/pt-br\/wp-json\/wp\/v2\/pages\/2951#wpcf7-f3056-o1\" method=\"post\" class=\"wpcf7-form\" enctype=\"multipart\/form-data\" novalidate=\"novalidate\">\n<div style=\"display: none;\">\n<input type=\"hidden\" name=\"_wpcf7\" value=\"3056\" \/>\n<input type=\"hidden\" name=\"_wpcf7_version\" value=\"5.1.9\" \/>\n<input type=\"hidden\" name=\"_wpcf7_locale\" value=\"it_IT\" \/>\n<input type=\"hidden\" name=\"_wpcf7_unit_tag\" value=\"wpcf7-f3056-o1\" \/>\n<input type=\"hidden\" name=\"_wpcf7_container_post\" value=\"0\" \/>\n<input type=\"hidden\" name=\"g-recaptcha-response\" value=\"\" \/>\n<\/div>\n<p>Localiza\u00e7\u00e3o *<br \/>\n<span class=\"wpcf7-form-control-wrap menu-238\"><select name=\"menu-238\" class=\"wpcf7-form-control wpcf7-select wpcf7-validates-as-required\" aria-required=\"true\" aria-invalid=\"false\"><option value=\"\">---<\/option><option value=\"Raccortubi\">Raccortubi<\/option><option value=\"Raccortubi UK\">Raccortubi UK<\/option><option value=\"Raccortubi Do Brasil\">Raccortubi Do Brasil<\/option><option value=\"Raccortubi Middle East\">Raccortubi Middle East<\/option><option value=\"Raccortubi Singapore\">Raccortubi Singapore<\/option><option value=\"Tecninox\">Tecninox<\/option><\/select><\/span><\/p>\n<p><label> Nome completo *<br \/>\n<span class=\"wpcf7-form-control-wrap your-name\"><input type=\"text\" name=\"your-name\" value=\"\" size=\"40\" class=\"wpcf7-form-control wpcf7-text wpcf7-validates-as-required\" aria-required=\"true\" aria-invalid=\"false\" \/><\/span> <\/label><\/p>\n<p><label> Email *<br \/>\n<span class=\"wpcf7-form-control-wrap your-email\"><input type=\"email\" name=\"your-email\" value=\"\" size=\"40\" class=\"wpcf7-form-control wpcf7-text wpcf7-email wpcf7-validates-as-required wpcf7-validates-as-email\" aria-required=\"true\" aria-invalid=\"false\" \/><\/span> <\/label><\/p>\n<p><label> Telefone<br \/>\n <span class=\"wpcf7-form-control-wrap tel-349\"><input type=\"tel\" name=\"tel-349\" value=\"\" size=\"40\" class=\"wpcf7-form-control wpcf7-text wpcf7-tel wpcf7-validates-as-tel\" aria-invalid=\"false\" \/><\/span> <\/label><\/p>\n<p><label> Assunto *<br \/>\n <span class=\"wpcf7-form-control-wrap your-subject\"><input type=\"text\" name=\"your-subject\" value=\"\" size=\"40\" class=\"wpcf7-form-control wpcf7-text wpcf7-validates-as-required\" aria-required=\"true\" aria-invalid=\"false\" \/><\/span> <\/label><br><\/p>\n<p><label> Sobre voc\u00ea *<br \/>\n <span class=\"wpcf7-form-control-wrap your-message\"><textarea name=\"your-message\" cols=\"40\" rows=\"10\" class=\"wpcf7-form-control wpcf7-textarea wpcf7-validates-as-required\" aria-required=\"true\" aria-invalid=\"false\"><\/textarea><\/span> <\/label><br><\/p>\n<p>Anexe seu curr\u00edculo <span class=\"wpcf7-form-control-wrap file-cv\"><input type=\"file\" name=\"file-cv\" size=\"40\" class=\"wpcf7-form-control wpcf7-file wpcf7-validates-as-required\" accept=\".pdf,.doc,.docx\" aria-required=\"true\" aria-invalid=\"false\" \/><\/span><br><br \/>\n<em>(extens\u00f5es permitidas .pdf, .doc, .docx)<\/em><br \/>\n<br><\/p>\n<p><span class=\"wpcf7-form-control-wrap acceptance-266\"><span class=\"wpcf7-form-control wpcf7-acceptance\"><span class=\"wpcf7-list-item\"><input type=\"checkbox\" name=\"acceptance-266\" value=\"1\" aria-invalid=\"false\" \/><\/span><\/span><\/span>  Li e aceito as condi\u00e7\u00f5es da <a href=\"https:\/\/www.raccortubi.com\/pt-br\/politica-privacidade\/\" target=\"_blank\">pol\u00edtica de privacidade<\/a>.  <\/p>\n<div class=\"rootreca\" style=\"margin-bottom:10px;\">\n<\/div>\n<p><input type=\"submit\" value=\"Enviar\" class=\"wpcf7-form-control wpcf7-submit\" \/><\/p>\n<div class=\"wpcf7-response-output wpcf7-display-none\" aria-hidden=\"true\"><\/div><\/form><\/div>[\/vc_column_text][\/vc_column][\/vc_row][vc_row css_animation=&#8221;&#8221; row_type=&#8221;row&#8221; use_row_as_full_screen_section=&#8221;no&#8221; type=&#8221;full_width&#8221; angled_section=&#8221;no&#8221; text_align=&#8221;left&#8221; background_image_as_pattern=&#8221;without_pattern&#8221;][vc_column][vc_empty_space height=&#8221;100px&#8221;][\/vc_column][\/vc_row]<\/p>\n","protected":false},"excerpt":{"rendered":"<p>[vc_row css_animation=&#8221;&#8221; row_type=&#8221;row&#8221; use_row_as_full_screen_section=&#8221;no&#8221; type=&#8221;grid&#8221; angled_section=&#8221;no&#8221; text_align=&#8221;left&#8221; background_image_as_pattern=&#8221;without_pattern&#8221; css=&#8221;.vc_custom_1516294548849{margin-top: 2% !important;}&#8221;][vc_column width=&#8221;1\/2&#8243;][vc_column_text] Junte-se \u00e0 equipe global do Grupo Raccortubi [\/vc_column_text][vc_empty_space height=&#8221;15px&#8221;][vc_column_text]Fundada como fornecedora de produtos tubulares para a ind\u00fastria italiana de petr\u00f3leo e g\u00e1s, o Grupo Raccortubi \u00e9 agora um l\u00edder internacional na fabrica\u00e7\u00e3o e&#8230;<\/p>\n","protected":false},"author":3,"featured_media":0,"parent":0,"menu_order":0,"comment_status":"closed","ping_status":"closed","template":"full_width.php","meta":{"footnotes":""},"_links":{"self":[{"href":"https:\/\/www.raccortubi.com\/pt-br\/wp-json\/wp\/v2\/pages\/2951"}],"collection":[{"href":"https:\/\/www.raccortubi.com\/pt-br\/wp-json\/wp\/v2\/pages"}],"about":[{"href":"https:\/\/www.raccortubi.com\/pt-br\/wp-json\/wp\/v2\/types\/page"}],"author":[{"embeddable":true,"href":"https:\/\/www.raccortubi.com\/pt-br\/wp-json\/wp\/v2\/users\/3"}],"replies":[{"embeddable":true,"href":"https:\/\/www.raccortubi.com\/pt-br\/wp-json\/wp\/v2\/comments?post=2951"}],"version-history":[{"count":1,"href":"https:\/\/www.raccortubi.com\/pt-br\/wp-json\/wp\/v2\/pages\/2951\/revisions"}],"predecessor-version":[{"id":7017,"href":"https:\/\/www.raccortubi.com\/pt-br\/wp-json\/wp\/v2\/pages\/2951\/revisions\/7017"}],"wp:attachment":[{"href":"https:\/\/www.raccortubi.com\/pt-br\/wp-json\/wp\/v2\/media?parent=2951"}],"curies":[{"name":"wp","href":"https:\/\/api.w.org\/{rel}","templated":true}]}}