{"id":2945,"date":"2018-01-08T10:24:33","date_gmt":"2018-01-08T10:24:33","guid":{"rendered":"https:\/\/www.raccortubi.com\/quality\/"},"modified":"2025-10-09T12:19:36","modified_gmt":"2025-10-09T12:19:36","slug":"conexoes-solda-de-topo-certificados","status":"publish","type":"page","link":"https:\/\/www.raccortubi.com\/pt-br\/conexoes-solda-de-topo-certificados\/","title":{"rendered":"Qualidade"},"content":{"rendered":"<p>[vc_row css_animation=&#8221;&#8221; row_type=&#8221;row&#8221; use_row_as_full_screen_section=&#8221;no&#8221; type=&#8221;full_width&#8221; angled_section=&#8221;no&#8221; text_align=&#8221;right&#8221; background_image_as_pattern=&#8221;without_pattern&#8221; css=&#8221;.vc_custom_1517502172178{margin-top: 2% !important;background-image: url(https:\/\/www.raccortubi.com\/wp-content\/uploads\/2018\/01\/qualita_img_1-2.jpg?id=1837) !important;}&#8221; el_class=&#8221;background_progetti&#8221;][vc_column][vc_row_inner row_type=&#8221;row&#8221; type=&#8221;grid&#8221; text_align=&#8221;left&#8221; css_animation=&#8221;&#8221;][vc_column_inner el_class=&#8221;background_mobile&#8221; width=&#8221;2\/3&#8243; css=&#8221;.vc_custom_1517502237893{background-color: rgba(255,255,255,0.85) !important;*background-color: rgb(255,255,255) !important;}&#8221;][vc_column_text]<\/p>\n<h1 class=\"classe_seo_2\"><strong>Da sele\u00e7\u00e3o de fornecedores \u00e0 fabrica\u00e7\u00e3o, Qualidade \u00e9 a chave do Grupo Raccortubi<\/strong><\/h1>\n<h2 class=\"classe_seo_3\">para atender prontamente e de maneira acess\u00edvel as necessidades de nossos clientes.<\/h2>\n<p>[\/vc_column_text][vc_empty_space height=&#8221;30px&#8221;][vc_column_text css=&#8221;.vc_custom_1681480821381{padding-right: 30px !important;}&#8221;]<\/p>\n<p class=\"classe_seo_1\">Nosso compromisso com a Qualidade vem antes da <strong>fabrica\u00e7\u00e3o<\/strong> &#8211; a origem da mat\u00e9ria-prima \u00e9 certificada e garantida por fornecedores confi\u00e1veis. Nossos relacionamentos de longo prazo com as principais usinas sider\u00fargicas mundiais permitem uma rastreabilidade completa em toda a cadeia de suprimentos. A aten\u00e7\u00e3o na produ\u00e7\u00e3o na f\u00e1brica italiana garante que a qualidade dos materiais seja garantida em cada fase de fabrica\u00e7\u00e3o e nos permite controlar completamente todo o processo, <strong>desde a origem das mat\u00e9rias-primas at\u00e9 o cumprimento de todos os requisitos necess\u00e1rios para os usu\u00e1rios finais<\/strong>.<\/p>\n<p>[\/vc_column_text][vc_empty_space height=&#8221;30px&#8221;][vc_column_text css=&#8221;.vc_custom_1681481052174{padding-right: 30px !important;}&#8221;]<\/p>\n<div class=\"content_left_coll\">\n<p><strong>Todos os produtos s\u00e3o totalmente testados sendo submetidos a testes rigorosos realizados internamente, bem como por laborat\u00f3rios de parceiros certificados.<\/strong> Isso permite verificar se todos os processos de fabrica\u00e7\u00e3o internos est\u00e3o em conformidade com os mais altos padr\u00f5es de qualidade necess\u00e1rios aos requisitos dos mercados mais rigorosos.<\/p>\n<p>Isso permite que mesmo nas compras de pequenas quantidades \u2013 direto de nosso estoque, totalmente testadas \u2013 n\u00e3o existam demoras ao aguardar a realiza\u00e7\u00e3o de testes nem custos adicionais.<\/p>\n<p>&nbsp;<\/p>\n<p><strong>Os certificados de qualquer produto encomendado podem ser baixados pelos clientes a partir de um software on-line<\/strong>, mesmo antes de os materiais serem enviados.<\/p>\n<p>&nbsp;<\/p>\n<p>Dada a rigorosa aten\u00e7\u00e3o e dedica\u00e7\u00e3o para atualizar todos os processos de fabrica\u00e7\u00e3o aos mais recentes padr\u00f5es de certifica\u00e7\u00e3o, o Grupo Raccortubi recebeu uma s\u00e9rie de aprova\u00e7\u00f5es de usu\u00e1rios finais como <strong>NORSOK, BP e Total<\/strong>, juntamente com as importantes certifica\u00e7\u00f5es de seguran\u00e7a obtidas pelo Grupo. qualidade e meio ambiente, certificados PED e certifica\u00e7\u00f5es espec\u00edficas por setor de aplica\u00e7\u00e3o (por exemplo, o\u00a0Bv Type Approval para constru\u00e7\u00e3o naval).<\/p>\n<p>&nbsp;<\/p>\n<p>O Grupo tamb\u00e9m possui uma s\u00e9rie de aprova\u00e7\u00f5es internacionais para a comercializa\u00e7\u00e3o de seus produtos em todo o mundo, desde o <strong>CUTR<\/strong> (Customs Union Certificate of Conformity) para o Leste Europeu, ao <strong>CRN<\/strong> (Canadian Registration Number) para o Canad\u00e1, passando pelo <strong>CRC<\/strong> (Certificado de Registro Cadastral) no Brasil.<\/p>\n<\/div>\n<p>[\/vc_column_text][vc_empty_space height=&#8221;60px&#8221;][vc_column_text]<img decoding=\"async\" class=\"alignnone\" src=\"\/wp-content\/uploads\/2017\/10\/download_icon.svg\" alt=\"\" width=\"20px\" height=\"20px\" \/><\/p>\n<h4>DOWNLOAD:<\/h4>\n<p><strong>Raccortubi Group<\/strong> <a href=\"https:\/\/www.raccortubi.com\/wp-content\/uploads\/2025\/10\/ISO_9001-ENG-C651062-4-20250922.pdf\" target=\"_blank\" rel=\"noopener\">ISO 9001:2015<\/a> \/ <a href=\"\/wp-content\/uploads\/2024\/12\/TR-CU-032-TITANIUM-18-07-2029.pdf\" target=\"_blank\" rel=\"noopener\">EAC CU TR (Titanium)<\/a> \/ <a href=\"\/wp-content\/uploads\/2024\/12\/TR-CU-032-OTHER-18-07-2029.pdf\" target=\"_blank\" rel=\"noopener\">EAC CU TR (Other materials)<\/a> \/ <a href=\"https:\/\/www.raccortubi.com\/wp-content\/uploads\/2025\/04\/ISO-45001-C737212-0-en-US-20250401.pdf\" target=\"_blank\" rel=\"noopener\">ISO 45001:2018<\/a>\u00a0\/ <a href=\"https:\/\/www.raccortubi.com\/wp-content\/uploads\/2025\/06\/ISO_14001-ENG-C736048-1-20250521.pdf\" target=\"_blank\" rel=\"noopener\">ISO 14001:2015<\/a>\u00a0\/ <a href=\"https:\/\/www.raccortubi.com\/wp-content\/uploads\/2024\/01\/QUALITY-POLICY-24-07-2023.pdf\" target=\"_blank\" rel=\"noopener\">Quality Policy<\/a> \/ <a href=\"https:\/\/www.raccortubi.com\/wp-content\/uploads\/2025\/03\/CTAGroup_SustainabilityReport_2023_en.pdf\" target=\"_blank\" rel=\"noopener\">Sustainability Report (ESG)<\/a><\/p>\n<p><strong>Tecninox:<\/strong> \u00a0<a href=\"https:\/\/www.raccortubi.com\/wp-content\/uploads\/2025\/05\/ISO_9001-ENG-C651062-3-20250410.pdf\" target=\"_blank\" rel=\"noopener\">ISO 9001:2015<\/a> \/ <a href=\"https:\/\/www.raccortubi.com\/wp-content\/uploads\/2024\/01\/PED.pdf\" target=\"_blank\" rel=\"noopener\">PED <\/a>\/\u00a0<a href=\"https:\/\/www.raccortubi.com\/wp-content\/uploads\/2022\/02\/DNV-GL-MARINE_Tecninox.pdf\"> DNV GL MARINE <\/a> \/ <a href=\"https:\/\/www.raccortubi.com\/wp-content\/uploads\/2023\/11\/TCX_BV_NR320-Approval.pdf\">BV_NR320<\/a>\u00a0\/ <a href=\"https:\/\/www.raccortubi.com\/wp-content\/uploads\/2024\/01\/QUALITY-POLICY-24-07-2023.pdf\" target=\"_blank\" rel=\"noopener\">Quality Policy<\/a> \/ <a href=\"https:\/\/www.raccortubi.com\/wp-content\/uploads\/2025\/05\/ISO_14001-ENG-C737203-1-20250429.pdf\" target=\"_blank\" rel=\"noopener\">Tecninox ISO 14001:2015<\/a> \/ <a href=\"https:\/\/www.raccortubi.com\/wp-content\/uploads\/2024\/04\/TCX_45001_ENG.pdf\">Tecninox ISO 45001:2018<\/a><\/p>\n<p><strong>Raccortubi do Brasil:\u00a0<\/strong><a href=\"https:\/\/www.raccortubi.com\/wp-content\/uploads\/2025\/05\/ISO_9001-ENG-C651062-3-20250410.pdf\" target=\"_blank\" rel=\"noopener\">ISO 9001:2015<\/a><\/p>\n<p><strong>Raccortubi Middle East:\u00a0<\/strong><a href=\"https:\/\/www.raccortubi.com\/wp-content\/uploads\/2025\/05\/ISO_9001-ENG-C651062-3-20250410.pdf\" target=\"_blank\" rel=\"noopener\">ISO 9001:2015<\/a><\/p>\n<p><strong>Raccortubi UK: <\/strong><a href=\"\/wp-content\/uploads\/2024\/12\/ISO-9001-263135-2018-MSC-GBR-UKAS-4-en-US-20240515.pdf\" target=\"_blank\" rel=\"noopener\">ISO 9001:2015<\/a> \/ <a href=\"\/wp-content\/uploads\/2024\/12\/ISO-14001-C584249-0-en-US-20240515.pdf\" target=\"_blank\" rel=\"noopener\">ISO 14001:2015<\/a> \/ <a href=\"\/wp-content\/uploads\/2024\/12\/ISO-45001-C584251-0-en-US-20240515.pdf\" target=\"_blank\" rel=\"noopener\">ISO 45001:2018<\/a><\/p>\n<p><strong>Raccortubi Singapore:<\/strong>\u00a0<a href=\"https:\/\/www.raccortubi.com\/wp-content\/uploads\/2025\/05\/ISO_9001-ENG-C651062-3-20250410.pdf\" target=\"_blank\" rel=\"noopener\">ISO 9001:2015<\/a>[\/vc_column_text][vc_empty_space height=&#8221;40px&#8221;][\/vc_column_inner][vc_column_inner width=&#8221;1\/3&#8243;][\/vc_column_inner][\/vc_row_inner][\/vc_column][\/vc_row][vc_row css_animation=&#8221;&#8221; row_type=&#8221;row&#8221; use_row_as_full_screen_section=&#8221;no&#8221; type=&#8221;grid&#8221; angled_section=&#8221;no&#8221; text_align=&#8221;left&#8221; background_image_as_pattern=&#8221;without_pattern&#8221;][vc_column][vc_empty_space height=&#8221;50px&#8221;][\/vc_column][\/vc_row][vc_row css_animation=&#8221;&#8221; row_type=&#8221;row&#8221; use_row_as_full_screen_section=&#8221;no&#8221; type=&#8221;grid&#8221; angled_section=&#8221;no&#8221; text_align=&#8221;left&#8221; background_image_as_pattern=&#8221;without_pattern&#8221;][vc_column][vc_row_inner row_type=&#8221;row&#8221; type=&#8221;grid&#8221; text_align=&#8221;left&#8221; css_animation=&#8221;&#8221; css=&#8221;.vc_custom_1518020873449{border-top-width: 2px !important;border-right-width: 2px !important;border-bottom-width: 2px !important;border-left-width: 2px !important;border-left-color: #e42313 !important;border-left-style: solid !important;border-right-color: #e42313 !important;border-right-style: solid !important;border-top-color: #e42313 !important;border-top-style: solid !important;border-bottom-color: #e42313 !important;border-bottom-style: solid !important;}&#8221;][vc_column_inner][vc_column_text css=&#8221;.vc_custom_1681481123739{padding-top: 30px !important;padding-right: 30px !important;padding-bottom: 30px !important;padding-left: 30px !important;}&#8221;]<\/p>\n<h4>LUTANDO CONTRA AS FALSIFICA\u00c7\u00d5ES<\/h4>\n<p>&nbsp;<\/p>\n<p>Em linha com seu forte foco na qualidade, o Grupo \u00e9 membro da \u201c<strong>Steel Alliance Against Counterfeiting<\/strong>\u201d (SAAC), uma iniciativa da ind\u00fastria sem fins lucrativos constitu\u00edda por fabricantes de tubos de a\u00e7o, flanges e conex\u00f5es. O objetivo da SAAC \u00e9 aumentar a conscientiza\u00e7\u00e3o e combater a pr\u00e1tica prejudicial, perigosa e ilegal de branding de produtos n\u00e3o rastre\u00e1veis com nomes de fabricantes aprovados. Qualquer acess\u00f3rio produzido na <a href=\"https:\/\/www.raccortubi.com\/pt-br\/nosso-grupo\/tecninox\/\">Tecninox<\/a> e na <a href=\"https:\/\/www.raccortubi.com\/pt-br\/nosso-grupo\/raccortubi-do-brasil\/\">Tecninox do Brasil<\/a> pode ser rastreado desde o certificado de qualidade que o acompanha, do material base at\u00e9 o heat number e os resultados dos testes. A Raccortubi \u00e9 uma orgulhosa representante da SAAC\u2019s Fight Fake Products em todo o mundo.<br \/>\nVeja <a href=\"http:\/\/www.fight-fake.org\" target=\"_blank\" rel=\"noopener\">www.fight-fake.org<\/a> para informa\u00e7\u00f5es.[\/vc_column_text][\/vc_column_inner][\/vc_row_inner][\/vc_column][\/vc_row][vc_row css_animation=&#8221;&#8221; row_type=&#8221;row&#8221; use_row_as_full_screen_section=&#8221;no&#8221; type=&#8221;grid&#8221; angled_section=&#8221;no&#8221; text_align=&#8221;left&#8221; background_image_as_pattern=&#8221;without_pattern&#8221;][vc_column][vc_empty_space height=&#8221;50px&#8221;][\/vc_column][\/vc_row]<\/p>\n","protected":false},"excerpt":{"rendered":"<p>[vc_row css_animation=&#8221;&#8221; row_type=&#8221;row&#8221; use_row_as_full_screen_section=&#8221;no&#8221; type=&#8221;full_width&#8221; angled_section=&#8221;no&#8221; text_align=&#8221;right&#8221; background_image_as_pattern=&#8221;without_pattern&#8221; css=&#8221;.vc_custom_1517502172178{margin-top: 2% !important;background-image: url(https:\/\/www.raccortubi.com\/wp-content\/uploads\/2018\/01\/qualita_img_1-2.jpg?id=1837) !important;}&#8221; el_class=&#8221;background_progetti&#8221;][vc_column][vc_row_inner row_type=&#8221;row&#8221; type=&#8221;grid&#8221; text_align=&#8221;left&#8221; css_animation=&#8221;&#8221;][vc_column_inner el_class=&#8221;background_mobile&#8221; width=&#8221;2\/3&#8243; css=&#8221;.vc_custom_1517502237893{background-color: rgba(255,255,255,0.85) !important;*background-color: rgb(255,255,255) !important;}&#8221;][vc_column_text] Da sele\u00e7\u00e3o de fornecedores \u00e0 fabrica\u00e7\u00e3o, Qualidade \u00e9 a chave do Grupo Raccortubi para atender prontamente e de maneira acess\u00edvel&#8230;<\/p>\n","protected":false},"author":3,"featured_media":0,"parent":0,"menu_order":0,"comment_status":"open","ping_status":"closed","template":"full_width.php","meta":{"footnotes":""},"_links":{"self":[{"href":"https:\/\/www.raccortubi.com\/pt-br\/wp-json\/wp\/v2\/pages\/2945"}],"collection":[{"href":"https:\/\/www.raccortubi.com\/pt-br\/wp-json\/wp\/v2\/pages"}],"about":[{"href":"https:\/\/www.raccortubi.com\/pt-br\/wp-json\/wp\/v2\/types\/page"}],"author":[{"embeddable":true,"href":"https:\/\/www.raccortubi.com\/pt-br\/wp-json\/wp\/v2\/users\/3"}],"replies":[{"embeddable":true,"href":"https:\/\/www.raccortubi.com\/pt-br\/wp-json\/wp\/v2\/comments?post=2945"}],"version-history":[{"count":43,"href":"https:\/\/www.raccortubi.com\/pt-br\/wp-json\/wp\/v2\/pages\/2945\/revisions"}],"predecessor-version":[{"id":12840,"href":"https:\/\/www.raccortubi.com\/pt-br\/wp-json\/wp\/v2\/pages\/2945\/revisions\/12840"}],"wp:attachment":[{"href":"https:\/\/www.raccortubi.com\/pt-br\/wp-json\/wp\/v2\/media?parent=2945"}],"curies":[{"name":"wp","href":"https:\/\/api.w.org\/{rel}","templated":true}]}}