{"id":2940,"date":"2018-01-24T15:21:00","date_gmt":"2018-01-24T15:21:00","guid":{"rendered":"https:\/\/www.raccortubi.com\/privacy-policy\/"},"modified":"2023-05-23T13:55:05","modified_gmt":"2023-05-23T13:55:05","slug":"politica-privacidade","status":"publish","type":"page","link":"https:\/\/www.raccortubi.com\/pt-br\/politica-privacidade\/","title":{"rendered":"Pol\u00edtica de Privacidade y Cookies"},"content":{"rendered":"<p>[vc_row css_animation=&#8221;&#8221; row_type=&#8221;row&#8221; use_row_as_full_screen_section=&#8221;no&#8221; type=&#8221;full_width&#8221; angled_section=&#8221;no&#8221; text_align=&#8221;left&#8221; background_image_as_pattern=&#8221;without_pattern&#8221;][vc_column][vc_empty_space height=&#8221;100px&#8221;][vc_column_text]<strong>LEGISLA\u00c7\u00c3O DE PRIVACIDADE<\/strong><\/p>\n<p>Estes regulamentos s\u00e3o aplic\u00e1veis a todos os sites da Raccortubi Group, o qual possui um endere\u00e7o URL.<\/p>\n<p>O documento tem por objetivo a express\u00e3o dos crit\u00e9rios e pr\u00e1ticas gerais para a prote\u00e7\u00e3o da privacidade que define os m\u00e9todos usados para a coleta, arquivamento e uso de dados pessoais.<\/p>\n<p>O presente c\u00f3digo de privacidade pode ser consultado e \u00e9 disponibilizado na homepage do site atrav\u00e9s de links em cada p\u00e1gina do mesmo onde os dados pessoais s\u00e3o coletados. Caso seja necess\u00e1rio, tais pontos de coleta poder\u00e3o conter informa\u00e7\u00f5es adicionais sobre o prop\u00f3sito espec\u00edfico de uso dos dados. Tal c\u00f3digo, junto com qualquer informa\u00e7\u00e3o suplementar, \u00e9 elaborado para garantir a prote\u00e7\u00e3o dos visitantes e dos usu\u00e1rios do site da Raccortubi do Brasil Ltda.<\/p>\n<p>&nbsp;<\/p>\n<p>Atrav\u00e9s deste site tamb\u00e9m \u00e9 poss\u00edvel consultar as pol\u00edticas gerais de privacidade do Grupo, atrav\u00e9s de informa\u00e7\u00f5es gerais referentes ao processamento de dados de clientes \/ fornecedores, que poder\u00e3o ser consultados <em><strong><a href=\"https:\/\/www.raccortubi.com\/wp-content\/uploads\/2023\/05\/SGP_FOR_Informativa-clienti-fornitori_rev3-PT.pdf\" target=\"_blank\" rel=\"noopener\">aqui<\/a><\/strong><\/em>.<\/p>\n<p>&nbsp;<\/p>\n<p><strong>DECLARA\u00c7\u00c3O DE PROTE\u00c7\u00c3O DE DADOS E CONTROLES<\/strong><\/p>\n<p>\u00c9 com entusiasmo que a Raccortubi recebe o seu interesse em visitar este site, agradecemos o seu interesse em nossa empresa e servi\u00e7o. A Raccortubi do Brasil Ltda dedica aten\u00e7\u00e3o especial \u00e0 prote\u00e7\u00e3o dos seus dados pessoais, informando o usu\u00e1rio os dados coletados no momento da visita ao site e como ser\u00e3o usados.<\/p>\n<p>Os Controladores de dados s\u00e3o empresas do Grupo, que podem ser contatadas nos seguintes endere\u00e7os:<\/p>\n<ul>\n<li>Raccortubi Spa \u2013 Viale De Gasperi, 194 \u2013 20010 Marcallo con Casone (MI) \u2013 +39.02.9763001 \u2013 <a href=\"mailto:privacy@raccortubi.com\" target=\"_blank\" rel=\"noopener\">privacy@raccortubi.com<\/a><\/li>\n<li>Tecninox Srl &#8211; Via Don Spagnoli, 7 \u2013 29010 Sarmato (PC) &#8211; +39.0523.887452 \u2013 <a href=\"mailto:privacy@tecninox.net\">privacy@raccortubi.net<\/a><\/li>\n<\/ul>\n<p>&nbsp;<\/p>\n<p>O Grupo nomeou um Oficial de Prote\u00e7\u00e3o de Dados, que pode ser contatado para qualquer informa\u00e7\u00e3o sobre privacidade ou para exercer os direitos listados abaixo (Contatos do OPD: Dr. Gregorio Galli &#8211; Strada della Viggioletta, 08 &#8211; 29121 Piacenza; Tel: 0523.1865049 &#8211; E-mail: <a href=\"mailto:dpo@gallidataservice.com\">dpo@gallidataservice.com<\/a>)<\/p>\n<p>&nbsp;<\/p>\n<p><strong>GARANTIA DE PRIVACIDADE<\/strong><\/p>\n<p>O termo \u201cdados pessoais\u201d usado neste c\u00f3digo refere-se aos dados que podem ser utilizados para identificar, direta ou indiretamente, pessoas f\u00edsicas ou jur\u00eddicas. A Raccortubi do Brasil Ltda (CNPJ 18.210.166\/0001-06), com sede em Jacare\u00ed-SP, Rodovia Geraldo Scavone 2080, Unidades 17\/18, n\u00e3o tratar\u00e1 seus dados sem o seu pr\u00e9vio consentimento nos casos em que n\u00e3o seja permitido pela legisla\u00e7\u00e3o atual. Ao tratar os seus dados pessoais, a Raccortubi do Brasil Ltda compromete-se a respeitar o Regulamento da UE 2016\/679, abaixo do GDPR, e do Decreto Legislativo 196\/03 (conforme alterado e complementado pelo Decreto Legislativo 101\/2018). No \u00e2mbito do que foi citado acima, a Raccortubi do Brasil Ltda garante o cumprimento das normas mais rigorosas de seguran\u00e7a no tratamento dos seus dados. As se\u00e7\u00f5es a seguir do c\u00f3digo descreve os m\u00e9todos usados para a coleta dos seus dados pessoais.<\/p>\n<p>&nbsp;<\/p>\n<p><strong>COLETA DOS DADOS T\u00c9CNICOS DE NAVEGA\u00c7\u00c3O<\/strong><\/p>\n<p>Ao visitar este site, os dados gerais s\u00e3o automaticamente coletados (sem cadastramento) e tratados como dados pessoais, Os servidores de rede utilizados pelo site conservam os seguintes dados: o nome do seu provedor de servi\u00e7o de internet, a origem do site do usu\u00e1rio, as p\u00e1ginas que o usu\u00e1rio visita enquanto est\u00e1 em nosso site e relativo endere\u00e7o IP. Esses dados s\u00e3o analisados an\u00f4nimamente. Os dados s\u00e3o utilizados exclusivamente para melhorar a usabilidade, conte\u00fados e a funcionalidade de nosso site. Caso os dados sejam transmitidos para os provedores de servi\u00e7o externo, s\u00e3o adotadas medidas organizacionais e t\u00e9cnicas para garantir que os padr\u00f5es de prote\u00e7\u00e3o aos dados sejam atendidos. A base legal do processamento deve ser identificada nas obriga\u00e7\u00f5es legais e no interesse leg\u00edtimo do propriet\u00e1rio.<\/p>\n<p>&nbsp;<\/p>\n<p><strong>COLETA E TRATAMENTO DE OUTROS DADOS PESSOAIS<\/strong><\/p>\n<p>A maior parte das se\u00e7\u00f5es do site da Raccortubi n\u00e3o exige cadastramento, permitindo um acesso e consulta sem identificar o visitante. Por outro lado, algumas se\u00e7\u00f5es do site poder\u00e3o exigir cadastramento. Ao realizar o cadastro pode ser requerido o preenchimento de alguns campos (alguns s\u00e3o obrigat\u00f3rios, outros opcionais), bem como escolher um nome de usu\u00e1rio e uma senha. Neste caso, o n\u00e3o fornecimento de alguns dados pessoais poder\u00e1 impossibilitar o acesso a algumas se\u00e7\u00f5es do site e a Raccortubi n\u00e3o poder\u00e1 atender \u00e0s solicita\u00e7\u00f5es.<\/p>\n<p>Os dados pessoais s\u00e3o coletados somente quando s\u00e3o fornecidos, por exemplo, durante o cadastramento, ao preencher formul\u00e1rios ou enviar e-mails, ou tamb\u00e9m ao solicitar servi\u00e7os, informa\u00e7\u00f5es ou material. O banco de dados e as informa\u00e7\u00f5es do usu\u00e1rio s\u00e3o mantidos dentro do campo de a\u00e7\u00e3o da nossa empresa, de quaisquer poss\u00edveis parceiros t\u00e9cnicos e de nossos provedores. O objetivo do processamento \u00e9 a correta presta\u00e7\u00e3o de servi\u00e7o, respeitando a base legal vigente e o consentimento da parte interessada.<\/p>\n<p>&nbsp;<\/p>\n<p><strong>CONFIDENCIALIDADE DAS INFORMA\u00c7\u00d5ES<\/strong><\/p>\n<p>A poss\u00edvel comunica\u00e7\u00e3o a terceiros ou a difus\u00e3o dos dados pessoais do usu\u00e1rio n\u00e3o podem ocorrer sem o consentimento pr\u00e9vio do usu\u00e1rio. Raccortubi n\u00e3o distribuir\u00e1 ou comunicar\u00e1 os dados pessoais al\u00e9m da Raccortubi. Contudo, esses dados poder\u00e3o ser ocasionalmente transferidos a terceiros que agem em nome da Raccortubi ou intersec\u00e7\u00f5es com atividades comerciais da mesma, a fim de efetuar tratamentos adicionais de acordo com os objetivos para os quais os dados foram coletados originalmente. Se o compartilhamento de dados a terceiros for necess\u00e1rio por quaisquer raz\u00f5es, a Raccortubi se certificar\u00e1 que tal comunica\u00e7\u00e3o e uso de dados sejam informados para consentimento. Os terceiros mencionados podem adotar regulamentos de privacidade diferentes. De qualquer maneira, a Raccortubi visa garantir que esses terceiros forne\u00e7am o mesmo n\u00edvel de prote\u00e7\u00e3o que a mesma adota e, em alguns casos, est\u00e3o contratualmente autorizados a processar dados e est\u00e3o comprometidos a transferi-los somente para os objetivos expressamente autorizados pela Raccortubi de acordo com o consentimento do usu\u00e1rio, fornecido de acordo com os termos estabelecidos adiante nesta se\u00e7\u00e3o, sob pena de revoca\u00e7\u00e3o. Neste caso, a Raccortubi, n\u00e3o poder\u00e1 atender as suas solicita\u00e7\u00f5es. A Raccortubi do Brasil Ltda, sempre que poss\u00edvel, informar\u00e1 a terceiros aos quais os dados do usu\u00e1rio foram transferidos que o consentimento deste foi revogado.<\/p>\n<p>&nbsp;<\/p>\n<p><strong>DIREITO DE ACESSO A INFORMA\u00c7\u00d5ES<\/strong><\/p>\n<p>A Raccortubi reconhece o direito de verificar e corrigir quaisquer informa\u00e7\u00f5es relativas aos dados pessoais do usu\u00e1rio, quando o mesmo n\u00e3o mais as considere v\u00e1lida ou incorreta. Neste caso, basta enviar um e-mail para o endere\u00e7o de e-mail indicado no par\u00e1grafo intitulado &#8221; <strong>DECLARA\u00c7\u00c3O DE PROTE\u00c7\u00c3O DE DADOS E CONTROLES<\/strong> &#8220;. Os sujeitos envolvidos na coleta de dados podem exercer todos os direitos reconhecidos pelo art. 15-21:<\/p>\n<p>&nbsp;<\/p>\n<ul>\n<li>direito de solicitar a presen\u00e7a e acesso a dados pessoais que lhe digam respeito (Artigo 15 &#8220;Direito de acesso&#8221;)<\/li>\n<li>direito de obter a corre\u00e7\u00e3o \/ integra\u00e7\u00e3o de dados imprecisos ou incompletos (Art.16 &#8220;Direito de retifica\u00e7\u00e3o&#8221;)<\/li>\n<li>direito de obter, se houver raz\u00f5es justificadas, o cancelamento de dados (Art.17 &#8220;Direito ao cancelamento&#8221;)<\/li>\n<li>direito de obter limita\u00e7\u00e3o de processamento (Art.18 &#8220;Direito \u00e0 limita\u00e7\u00e3o&#8221;)<\/li>\n<li>direito de receber dados relativos a ele em um formato estruturado (Art. 20 &#8220;Direito \u00e0 portabilidade)<\/li>\n<li>o direito de se opor ao processamento e processos automatizados de tomada de decis\u00e3o, incluindo a elabora\u00e7\u00e3o de perfis (Art. 21, 22); n\u00e3o s\u00e3o realizados tratamentos envolvendo processos automatizados de tomada de decis\u00e3o;<\/li>\n<li>direito de revogar um consentimento previamente concedido;<\/li>\n<li>direito de apresentar, em caso de n\u00e3o resposta, uma queixa \u00e0 Autoridade de Prote\u00e7\u00e3o de Dados.<\/li>\n<\/ul>\n<p>&nbsp;<\/p>\n<p><strong>SEGURAN\u00c7A E CONFIDENCIALIDADE<\/strong><\/p>\n<p>Visando garantir a seguran\u00e7a e a confidencialidade dos dados coletados online, a Raccortubi Utiliza sistemas de dados protegidos por firewalls e senhas, de acordo com as disposi\u00e7\u00f5es estabelecidas adiante no art.32 do GDPR. O acesso aos dados pessoais \u00e9 permitido somente a funcion\u00e1rios designados autorizados com necessidade real de acesso, os quais receberam treinamento adequado sobre o uso desses dados, de acordo com os princ\u00edpios de confidencialidade e seguran\u00e7a. A Raccortubi adotou medidas organizacionais e t\u00e9cnicas para proteger os dados fornecidos pelo usu\u00e1rio contra poss\u00edvel manipula\u00e7\u00e3o, involunt\u00e1ria ou volunt\u00e1ria, perda, destrui\u00e7\u00e3o ou acesso por pessoas n\u00e3o autorizadas. As nossas medidas de seguran\u00e7a est\u00e3o sujeitas a revis\u00f5es cont\u00ednuas, em conformidade com os avan\u00e7os t\u00e9cnicos.<\/p>\n<p>&nbsp;<\/p>\n<p><strong>COOKIES<\/strong><\/p>\n<p>Informa\u00e7\u00f5es an\u00f4nimas ser\u00e3o tratadas pela Raccortubi visando fornecer os conte\u00fados do site e coletar estat\u00edsticas sobre os visitantes, para interesses internos e pesquisa de mercado. Como parte das suas atividades, a Raccortubi atualmente utiliza cookies em seus sites (t\u00e9cnicos ou anal\u00edticos prim\u00e1rios ou anal\u00edticos de terceiros, usando ferramentas que reduzem o poder de identifica\u00e7\u00e3o). O cookie \u00e9 uma informa\u00e7\u00e3o enviada para o navegador do usu\u00e1rio e salvo no disco r\u00edgido de seu computador. Os cookies n\u00e3o causam danos ao computador.<\/p>\n<p>Os cookies coletam o nome do primeiro dom\u00ednio de n\u00edvel do usu\u00e1rio, os dados e o hor\u00e1rio de acesso. O usu\u00e1rio pode modificar a configura\u00e7\u00e3o do pr\u00f3prio navegador para avis\u00e1-lo cada vez que receber um cookie, podendo assim decidir se deseja aceit\u00e1-lo ou n\u00e3o.<\/p>\n<p>&nbsp;<\/p>\n<p><strong>Cookies utilizados por este site<\/strong><\/p>\n<p><strong>Cookies T\u00e9cnicos<\/strong><\/p>\n<table>\n<tbody>\n<tr>\n<td style=\"text-align: left;\"><strong>COOKIE<\/strong><\/td>\n<td style=\"text-align: left;\"><strong>TIPO<\/strong><\/td>\n<td style=\"text-align: left;\"><strong>DURA\u00c7\u00c3O<\/strong><\/td>\n<td style=\"text-align: left;\"><strong>DESCRI\u00c7\u00c3O<\/strong><\/td>\n<\/tr>\n<tr>\n<td style=\"text-align: left;\">wp-settings-1<\/td>\n<td style=\"text-align: left;\">t\u00e9cnico<\/td>\n<td style=\"text-align: left;\">1 ano<\/td>\n<td style=\"text-align: left;\">Empregado para detectar o acesso de administradores ao site.<\/td>\n<\/tr>\n<tr>\n<td style=\"text-align: left;\">wp-settings-time-1<\/td>\n<td style=\"text-align: left;\">t\u00e9cnico<\/td>\n<td style=\"text-align: left;\">1 ano<\/td>\n<td style=\"text-align: left;\">Empregado para detectar o acesso de administradores ao site.<\/td>\n<\/tr>\n<tr>\n<td style=\"text-align: left;\">_icl_visitor_lang_js<\/td>\n<td style=\"text-align: left;\">t\u00e9cnico<\/td>\n<td style=\"text-align: left;\">1 ano<\/td>\n<td style=\"text-align: left;\">Armazena o idioma redirecionado.<\/td>\n<\/tr>\n<tr>\n<td style=\"text-align: left;\">_icl_current_language<\/td>\n<td style=\"text-align: left;\">t\u00e9cnico<\/td>\n<td style=\"text-align: left;\">1 ano<\/td>\n<td style=\"text-align: left;\">Armazene suas prefer\u00eancias no idioma em que o site \u00e9 exibido.<\/td>\n<\/tr>\n<tr>\n<td style=\"text-align: left;\">displayCookieConsent<\/td>\n<td style=\"text-align: left;\">t\u00e9cnico<\/td>\n<td style=\"text-align: left;\">1 ano<\/td>\n<td style=\"text-align: left;\">Usado para acompanhar o consentimento do usu\u00e1rio e, possivelmente, n\u00e3o reproduzir as informa\u00e7\u00f5es breves em p\u00e1ginas futuras ou possivelmente na segunda visita do usu\u00e1rio.<\/td>\n<\/tr>\n<tr>\n<td style=\"text-align: left;\">wpml_browser_redirect_test<\/td>\n<td style=\"text-align: left;\">t\u00e9cnico<\/td>\n<td style=\"text-align: left;\">1 ano<\/td>\n<td style=\"text-align: left;\">Verifique se os cookies est\u00e3o ativados.<\/td>\n<\/tr>\n<tr>\n<td style=\"text-align: left;\">viewed_cookie_policy<\/td>\n<td style=\"text-align: left;\">t\u00e9cnico<\/td>\n<td style=\"text-align: left;\">1 ano<\/td>\n<td style=\"text-align: left;\">Usado para acompanhar o consentimento do usu\u00e1rio e, possivelmente, n\u00e3o reproduzir as informa\u00e7\u00f5es breves em p\u00e1ginas futuras ou possivelmente na segunda visita do usu\u00e1rio.<\/td>\n<\/tr>\n<\/tbody>\n<\/table>\n<p>&nbsp;<\/p>\n<p><strong>Cookies estat\u00edsticos do Google Analytics<\/strong><\/p>\n<table width=\"1239\">\n<tbody>\n<tr>\n<td style=\"text-align: left;\"><strong>COOKIE<\/strong><\/td>\n<td style=\"text-align: left;\"><strong>TIPO<\/strong><\/td>\n<td style=\"text-align: left;\"><strong>DURA\u00c7\u00c3O<\/strong><\/td>\n<td style=\"text-align: left;\"><strong>DESCRI\u00c7\u00c3O<\/strong><\/td>\n<\/tr>\n<tr>\n<td style=\"text-align: left;\">_ga<\/td>\n<td style=\"text-align: left;\">anal\u00edticos<\/td>\n<td style=\"text-align: left;\">2 anos<\/td>\n<td style=\"text-align: left;\">A biblioteca javascript Google Universal Analytics usa cookies para distinguir usu\u00e1rios an\u00f4nimos e exclusivos e para<\/td>\n<\/tr>\n<tr>\n<td style=\"text-align: left;\">_gid<\/td>\n<td style=\"text-align: left;\">anal\u00edticos<\/td>\n<td style=\"text-align: left;\">1 dia<\/td>\n<td style=\"text-align: left;\">gerenciar a frequ\u00eancia de solicita\u00e7\u00f5es para o servidor. Cookie usado para identificar a sess\u00e3o.<\/td>\n<\/tr>\n<tr>\n<td style=\"text-align: left;\">__utma<\/td>\n<td style=\"text-align: left;\">anal\u00edticos<\/td>\n<td style=\"text-align: left;\">2 anos<\/td>\n<td style=\"text-align: left;\">Cookie que permite estabelecer o n\u00famero de visitas de um usu\u00e1rio no site.<\/td>\n<\/tr>\n<tr>\n<td style=\"text-align: left;\">__utmb<\/td>\n<td style=\"text-align: left;\">anal\u00edticos<\/td>\n<td style=\"text-align: left;\">30 minutos<\/td>\n<td style=\"text-align: left;\">Cookie usado para estabelecer a dura\u00e7\u00e3o da visita no site.<\/td>\n<\/tr>\n<tr>\n<td style=\"text-align: left;\">__utmc<\/td>\n<td style=\"text-align: left;\">anal\u00edticos<\/td>\n<td style=\"text-align: left;\">sess\u00e3o<\/td>\n<td style=\"text-align: left;\">Cookie usado no uni\u00e3o__utmb para estabelecer a dura\u00e7\u00e3o da visita no site. Expira no final da sess\u00e3o.<\/td>\n<\/tr>\n<tr>\n<td style=\"text-align: left;\">__utmz<\/td>\n<td style=\"text-align: left;\">anal\u00edticos<\/td>\n<td style=\"text-align: left;\">6 meses<\/td>\n<td style=\"text-align: left;\">Cookies que estabelecem a origem do usu\u00e1rio da Internet.<\/td>\n<\/tr>\n<\/tbody>\n<\/table>\n<p>&nbsp;<\/p>\n<p><strong>USU\u00c1RIOS COM IDADE INFERIOR A 18 ANOS<\/strong><\/p>\n<p>A Raccortubi convida os pais e respons\u00e1veis por menores a ensin\u00e1-los a como utilizar os dados pessoais na Internet de forma respons\u00e1vel e segura. Estes indiv\u00edduos n\u00e3o devem transmitir seus dados pessoais ao site da Raccortubi sem o consentimento dos pais ou tutores. A Raccortubi compromete-se a n\u00e3o coletar intencionalmente os dados pessoais de menores de idade, utiliz\u00e1-los ou comunic\u00e1-los a terceiros.<\/p>\n<p>&nbsp;<\/p>\n<p><strong>LINKS DE OUTROS SITES<\/strong><\/p>\n<p>O presente c\u00f3digo de privacidade aplica-se somente aos sites da Raccortubi excluindo sites de terceiros. A Raccortubi reserva o direito de fornecer links de outros sites que sejam considerados de interesse dos visitantes do pr\u00f3prio site. A Raccortubi assegura que esses sites respeitam as mais altas normas de qualidade. Contudo, dada a natureza da Internet, a Raccortubi n\u00e3o pode garantir os padr\u00f5es de cada site cujo link \u00e9 fornecido, nem pode ser considerada respons\u00e1vel pelos conte\u00fados dos sites diferentes do seu.<\/p>\n<p>A Raccortubi visa melhorar constantemente as ferramentas \u00e0 disposi\u00e7\u00e3o do usu\u00e1rio, e o faz realizando modifica\u00e7\u00f5es aos dados fornecidos. Portanto, convidamos o usu\u00e1rio a visitar periodicamente esta p\u00e1gina para verificar essas melhorias.<\/p>\n<p>&nbsp;<\/p>\n<p><em>(\u201c<\/em><a href=\"https:\/\/www.raccortubi.com\/pt-br\/politica-privacidade\/\"><em>Pol\u00edtica de Privacidade y Cookies<\/em><\/a><em>\u201d, Maio 2023)<\/em>[\/vc_column_text][vc_empty_space height=&#8221;100px&#8221;][\/vc_column][\/vc_row]<\/p>\n","protected":false},"excerpt":{"rendered":"<p>[vc_row css_animation=&#8221;&#8221; row_type=&#8221;row&#8221; use_row_as_full_screen_section=&#8221;no&#8221; type=&#8221;full_width&#8221; angled_section=&#8221;no&#8221; text_align=&#8221;left&#8221; background_image_as_pattern=&#8221;without_pattern&#8221;][vc_column][vc_empty_space height=&#8221;100px&#8221;][vc_column_text]LEGISLA\u00c7\u00c3O DE PRIVACIDADE Estes regulamentos s\u00e3o aplic\u00e1veis a todos os sites da Raccortubi Group, o qual possui um endere\u00e7o URL. O documento tem por objetivo a express\u00e3o dos crit\u00e9rios e pr\u00e1ticas gerais para a prote\u00e7\u00e3o da privacidade&#8230;<\/p>\n","protected":false},"author":3,"featured_media":0,"parent":0,"menu_order":0,"comment_status":"closed","ping_status":"closed","template":"","meta":{"footnotes":""},"_links":{"self":[{"href":"https:\/\/www.raccortubi.com\/pt-br\/wp-json\/wp\/v2\/pages\/2940"}],"collection":[{"href":"https:\/\/www.raccortubi.com\/pt-br\/wp-json\/wp\/v2\/pages"}],"about":[{"href":"https:\/\/www.raccortubi.com\/pt-br\/wp-json\/wp\/v2\/types\/page"}],"author":[{"embeddable":true,"href":"https:\/\/www.raccortubi.com\/pt-br\/wp-json\/wp\/v2\/users\/3"}],"replies":[{"embeddable":true,"href":"https:\/\/www.raccortubi.com\/pt-br\/wp-json\/wp\/v2\/comments?post=2940"}],"version-history":[{"count":2,"href":"https:\/\/www.raccortubi.com\/pt-br\/wp-json\/wp\/v2\/pages\/2940\/revisions"}],"predecessor-version":[{"id":11513,"href":"https:\/\/www.raccortubi.com\/pt-br\/wp-json\/wp\/v2\/pages\/2940\/revisions\/11513"}],"wp:attachment":[{"href":"https:\/\/www.raccortubi.com\/pt-br\/wp-json\/wp\/v2\/media?parent=2940"}],"curies":[{"name":"wp","href":"https:\/\/api.w.org\/{rel}","templated":true}]}}