{"id":2926,"date":"2018-01-24T09:45:00","date_gmt":"2018-01-24T09:45:00","guid":{"rendered":"https:\/\/www.raccortubi.com\/nossas-solucoes\/materials\/"},"modified":"2023-10-05T10:08:56","modified_gmt":"2023-10-05T10:08:56","slug":"materiais-tubulacao-altas-temperaturas-2","status":"publish","type":"page","link":"https:\/\/www.raccortubi.com\/pt-br\/nossas-solucoes\/materiais-tubulacao-altas-temperaturas-2\/","title":{"rendered":"Materiais"},"content":{"rendered":"<p>[vc_row css_animation=&#8221;&#8221; row_type=&#8221;row&#8221; use_row_as_full_screen_section=&#8221;no&#8221; type=&#8221;grid&#8221; angled_section=&#8221;no&#8221; text_align=&#8221;left&#8221; background_image_as_pattern=&#8221;without_pattern&#8221; css=&#8221;.vc_custom_1518603790537{margin-top: 2% !important;}&#8221;][vc_column width=&#8221;2\/3&#8243;][vc_column_text]<\/p>\n<h1 class=\"classe_seo_2\">Disponibilizar a linha completa de materiais est\u00e1 no cora\u00e7\u00e3o da Raccortubi<\/h1>\n<h2 class=\"classe_seo_3\">e garante o melhor servi\u00e7o e flexibilidade, tanto na produ\u00e7\u00e3o quanto via estoque.<\/h2>\n<p>[\/vc_column_text][vc_empty_space height=&#8221;30px&#8221;][vc_column_text]<\/p>\n<p class=\"classe_seo_1\">O grupo Raccortubi armazena e distribui <strong>tubos<\/strong>, <strong>acess\u00f3rios<\/strong> e <strong>flanges<\/strong> em uma ampla gama de di\u00e2metros e espessuras, em <strong>a\u00e7o inoxid\u00e1vel austen\u00edtico, duplex, super duplex, 6mo, ligas de n\u00edquel e tit\u00e2nio<\/strong>. Todos os estoques incluem tubos e acess\u00f3rios em ureia grade, tubos para <strong>trocadores de calor<\/strong> (de comprimentos especiais), tubos de instrumenta\u00e7\u00e3o e materiais para aplica\u00e7\u00f5es em alta temperatura.<\/p>\n<p>[\/vc_column_text][vc_empty_space height=&#8221;30px&#8221;][vc_column_text]Mais de 150 toneladas de a\u00e7os planos em duplex, super duplex, 6Mo e tit\u00e2nio est\u00e3o dispon\u00edveis nas duas f\u00e1bricas, significando que nossas conex\u00f5es tubulares podem ser produzidas \u2013 sem limita\u00e7\u00f5es de espessura &#8211; de forma r\u00e1pida e econ\u00f4mica.<\/p>\n<p>&nbsp;<\/p>\n<p>Tais itens integram todos os estoques globalmente e permitem uma ampla disponibilidade de material. A Raccortubi pode, portanto, fornecer produtos para v\u00e1rias aplica\u00e7\u00f5es, n\u00e3o s\u00f3 para a ind\u00fastria de petr\u00f3leo e g\u00e1s, mas tamb\u00e9m para usinas termel\u00e9tricas, plantas de fertilizantes,\u00a0qu\u00edmica,\u00a0qu\u00edmica verde, petroqu\u00edmica e para a ind\u00fastria nuclear.<\/p>\n<p>Nestes setores, de fato, s\u00e3o necess\u00e1rios materiais de alto desempenho, por exemplo em termos de resist\u00eancia \u00e0 corros\u00e3o, estresse t\u00e9rmico, alta press\u00e3o.<\/p>\n<p>&nbsp;<\/p>\n<p><a href=\"https:\/\/www.raccortubi.com\/pt-br\/nossas-solucoes\/fornecimento-tubulacao-industria-energia-quimica-estaleiros-navais\"><span style=\"color: #e42313;\">&gt; Conhe\u00e7a nossas\u00a0aplica\u00e7\u00f5es<\/span><\/a>[\/vc_column_text][\/vc_column][vc_column width=&#8221;1\/3&#8243;][vc_single_image image=&#8221;1808&#8243; img_size=&#8221;full&#8221; qode_css_animation=&#8221;&#8221;][\/vc_column][\/vc_row][vc_row css_animation=&#8221;&#8221; row_type=&#8221;row&#8221; use_row_as_full_screen_section=&#8221;no&#8221; type=&#8221;grid&#8221; angled_section=&#8221;no&#8221; text_align=&#8221;left&#8221; background_image_as_pattern=&#8221;without_pattern&#8221; row_negative_margin=&#8221;disable_negative_margin&#8221;][vc_column][vc_empty_space][vc_column_text]Abaixo est\u00e1 uma vis\u00e3o geral dos principais materiais usados \u200b\u200bem nossa produ\u00e7\u00e3o de conex\u00f5es para solda de topo.<\/p>\n<p>Como parte dos nossos fornecimentos, podemos completar os nossos pacotes de tubagens tamb\u00e9m com outros tipos de materiais e produtos, gra\u00e7as \u00e0 nossa experi\u00eancia e a uma rede consolidada de fornecedores qualificados.[\/vc_column_text][vc_empty_space height=&#8221;50px&#8221;][vc_tabs style=&#8221;boxed&#8221; el_class=&#8221;tab_red&#8221;][vc_tab title=&#8221;A\u00c7O INOXID\u00c1VEL&#8221; tab_id=&#8221;1517491452664-2-5&#8243;][vc_row_inner row_type=&#8221;row&#8221; type=&#8221;full_width&#8221; text_align=&#8221;left&#8221; css_animation=&#8221;&#8221;][vc_column_inner width=&#8221;1\/2&#8243;][vc_column_text]Tubos, acess\u00f3rios e flanges em a\u00e7o inoxid\u00e1vel austen\u00edtico (304 \/ 304L, 316 \/ 316L) formam a oferta do Grupo Raccortubi, tanto na fabrica\u00e7\u00e3o quanto via estoque em todas as suas unidades de neg\u00f3cios no mundo. Sistemas de tubula\u00e7\u00e3o em 321 \/ 321H, 347 \/ 347H tamb\u00e9m est\u00e3o dispon\u00edveis para aplica\u00e7\u00f5es em meios expostos a altas temperaturas.[\/vc_column_text][\/vc_column_inner][vc_column_inner width=&#8221;1\/2&#8243;][vc_single_image image=&#8221;1810&#8243; img_size=&#8221;full&#8221; qode_css_animation=&#8221;&#8221; el_class=&#8221;filter_grayscale&#8221;][\/vc_column_inner][\/vc_row_inner][\/vc_tab][vc_tab title=&#8221;Duplex \/ SUPER DUPLEX&#8221; tab_id=&#8221;1517491706161-8-7&#8243;][vc_row_inner row_type=&#8221;row&#8221; type=&#8221;full_width&#8221; text_align=&#8221;left&#8221; css_animation=&#8221;&#8221;][vc_column_inner width=&#8221;1\/2&#8243;][vc_column_text]Tubos, acess\u00f3rios e flanges em Duplex (UNS 31803) e Super Duplex (UNS 32750 e UNS 32760) s\u00e3o partes importantes de todos os estoques do Grupo Raccortubi, tanto na It\u00e1lia como em seus estoques internacionais. Sendo ideal para quaisquer aplica\u00e7\u00f5es de petr\u00f3leo e g\u00e1s, todos esses itens est\u00e3o dispon\u00edveis \u00e0 pronta entrega e com qualidade assegurada a fim de atender aos principais requisitos do mercado internacional. Todos os certificados fornecidos tornam os produtos amplamente rastre\u00e1veis desde a mat\u00e9ria-prima, tratamento t\u00e9rmico e os resultados dos testes de qualidade.[\/vc_column_text][\/vc_column_inner][vc_column_inner width=&#8221;1\/2&#8243;][vc_single_image image=&#8221;2053&#8243; img_size=&#8221;full&#8221; qode_css_animation=&#8221;&#8221; el_class=&#8221;filter_grayscale&#8221;][\/vc_column_inner][\/vc_row_inner][\/vc_tab][vc_tab title=&#8221;6MO&#8221; tab_id=&#8221;1517491824903-7-8&#8243;][vc_row_inner row_type=&#8221;row&#8221; type=&#8221;full_width&#8221; text_align=&#8221;left&#8221; css_animation=&#8221;&#8221;][vc_column_inner width=&#8221;1\/2&#8243;][vc_column_text]Tubos, acess\u00f3rios e flanges em a\u00e7o inoxid\u00e1vel Super Austenitico 6MO (UNS S31254) s\u00e3o disponibilizados por todas as subsidi\u00e1rias do Grupo para atender \u00e0s aplica\u00e7\u00f5es mais cr\u00edticas, onde os a\u00e7os austen\u00edticos standard n\u00e3o s\u00e3o indicados. Os produtos 6mo s\u00e3o utilizados principalmente em plataformas offshore, plantas de GLP e plantas de dessaliniza\u00e7\u00e3o.[\/vc_column_text][\/vc_column_inner][vc_column_inner width=&#8221;1\/2&#8243;][vc_single_image image=&#8221;2054&#8243; img_size=&#8221;full&#8221; qode_css_animation=&#8221;&#8221; el_class=&#8221;filter_grayscale&#8221;][\/vc_column_inner][\/vc_row_inner][\/vc_tab][vc_tab title=&#8221;LIGAS DE N\u00cdQUEL&#8221; tab_id=&#8221;1517491920202-7-2&#8243;][vc_row_inner row_type=&#8221;row&#8221; type=&#8221;full_width&#8221; text_align=&#8221;left&#8221; css_animation=&#8221;&#8221;][vc_column_inner width=&#8221;1\/2&#8243;][vc_column_text]N\u00f3s fabricamos e fornecemos sistemas de tubula\u00e7\u00e3o em 625 (UNS N06625) e 825 (UNS N08825) ligas de n\u00edquel, para todas as aplica\u00e7\u00f5es cr\u00edticas. Enquanto a liga 625-n\u00edquel \u00e9 ideal para aplica\u00e7\u00f5es marinhas e processamento qu\u00edmico envolvendo \u00e1cidos devido \u00e0 sua alta resist\u00eancia mec\u00e2nica e \u00e0 corros\u00e3o, a liga 825-n\u00edquel \u00e9 mais utilizada em instala\u00e7\u00f5es offshore, produ\u00e7\u00e3o de \u00e1cido fosf\u00f3rico e para fabrica\u00e7\u00e3o e transporte de gazes corrosivos.[\/vc_column_text][vc_column_text]<img decoding=\"async\" class=\"alignnone\" src=\"https:\/\/www.raccortubi.com\/wp-content\/uploads\/2017\/10\/download_icon.svg\" alt=\"\" width=\"20px\" height=\"20px\" \/><\/p>\n<h4>DOWNLOAD:<\/h4>\n<p><a href=\"https:\/\/www.raccortubi.com\/wp-content\/uploads\/2023\/10\/Raccortubi-Group_Nickel_ficha-t\u00e9cnica.pdf\">Ficha t\u00e9cnica de N\u00edquel<\/a>[\/vc_column_text][\/vc_column_inner][vc_column_inner width=&#8221;1\/2&#8243;][vc_single_image image=&#8221;1813&#8243; img_size=&#8221;full&#8221; qode_css_animation=&#8221;&#8221; el_class=&#8221;filter_grayscale&#8221;][\/vc_column_inner][\/vc_row_inner][\/vc_tab][vc_tab title=&#8221;Ureia&#8221; tab_id=&#8221;1516793169421-1-4&#8243;][vc_row_inner row_type=&#8221;row&#8221; type=&#8221;full_width&#8221; text_align=&#8221;left&#8221; css_animation=&#8221;&#8221;][vc_column_inner width=&#8221;1\/2&#8243;][vc_column_text]<strong>Beneficiando-se da parceria exclusiva com a Mannesmann Stainless Tubes<\/strong>, a Raccortubi fornece tubos a pronta entrega, que s\u00e3o utilizados tamb\u00e9m como mat\u00e9ria-prima para fabrica\u00e7\u00e3o interna de conex\u00f5es tubulares. A Raccortubi fornece sistemas de tubula\u00e7\u00e3o em 316L UG (UNS31603) e 310 mod. (UNS31050) &#8211; de \u00bd &#8220;a 14&#8243;, destinados a produ\u00e7\u00e3o de ureia e plantas de fertilizantes, seguindo as especifica\u00e7\u00f5es t\u00e9cnicas de Snamprogetti (Saipem), Stamicarbon e Urea Casale.[\/vc_column_text][vc_empty_space height=&#8221;50px&#8221;][vc_column_text]<img decoding=\"async\" class=\"alignnone\" style=\"padding-right: 5px;\" src=\"\/wp-content\/uploads\/2017\/10\/download_icon.svg\" alt=\"\" width=\"20px\" height=\"20px\" \/><\/p>\n<h4>DOWNLOAD:<\/h4>\n<p style=\"text-align: left;\"><a href=\"https:\/\/www.raccortubi.com\/wp-content\/uploads\/2023\/10\/Raccortubi-Group_UREA_fihca-t\u00e9cnica.pdf\" target=\"_blank\" rel=\"noopener\">Ficha t\u00e9cnica Ureia<\/a><\/p>\n<p>[\/vc_column_text][\/vc_column_inner][vc_column_inner width=&#8221;1\/2&#8243;][vc_single_image image=&#8221;1815&#8243; img_size=&#8221;full&#8221; qode_css_animation=&#8221;&#8221; el_class=&#8221;filter_grayscale&#8221;][\/vc_column_inner][\/vc_row_inner][vc_empty_space height=&#8221;30px&#8221;][vc_column_text]<\/p>\n<h3>Solu\u00e7\u00f5es completas em produtos tubulares para aplica\u00e7\u00f5es em Ureia<\/h3>\n<p>[\/vc_column_text][vc_empty_space height=&#8221;30px&#8221;][vc_row_inner row_type=&#8221;row&#8221; type=&#8221;grid&#8221; text_align=&#8221;left&#8221; padding_top=&#8221;30&#8243; padding_bottom=&#8221;30&#8243; css_animation=&#8221;&#8221; css=&#8221;.vc_custom_1516793632178{background-image: url(https:\/\/www.raccortubi.com\/wp-content\/uploads\/2018\/01\/materiali_urea_img_1.jpg?id=1458) !important;background-position: center !important;background-repeat: no-repeat !important;background-size: cover !important;}&#8221;][vc_column_inner css=&#8221;.vc_custom_1516791933171{padding-right: 30px !important;padding-left: 30px !important;}&#8221;][vc_empty_space height=&#8221;30px&#8221;][vc_column_text css=&#8221;.vc_custom_1524152341116{padding-right: 30px !important;padding-left: 30px !important;}&#8221;]<\/p>\n<h4><strong><span style=\"color: #ffffff;\">LIGAS<\/span><\/strong><\/h4>\n<p>[\/vc_column_text][vc_separator type=&#8221;normal&#8221; color=&#8221;#ffffff&#8221; transparency=&#8221;1&#8243; thickness=&#8221;1&#8243; el_class=&#8221;linea_scheda_materiali&#8221;][vc_empty_space height=&#8221;10px&#8221;][vc_column_text css=&#8221;.vc_custom_1516793322419{padding-right: 30px !important;padding-left: 30px !important;}&#8221;]<\/p>\n<p style=\"padding-bottom: 20px;\"><span style=\"color: #ffffff;\">316L UG UNS S31603<br \/>\n25.22.2 UNS S31050<\/span><\/p>\n<p>[\/vc_column_text][vc_empty_space height=&#8221;30px&#8221;][vc_column_text css=&#8221;.vc_custom_1524152360177{padding-right: 30px !important;padding-left: 30px !important;}&#8221;]<\/p>\n<h4><strong><span style=\"color: #ffffff;\">DIMENS\u00d5ES<\/span><\/strong><\/h4>\n<p>[\/vc_column_text][vc_separator type=&#8221;normal&#8221; color=&#8221;#ffffff&#8221; transparency=&#8221;1&#8243; thickness=&#8221;1&#8243; el_class=&#8221;linea_scheda_materiali&#8221;][vc_empty_space height=&#8221;10px&#8221;][vc_column_text css=&#8221;.vc_custom_1524152385998{padding-right: 30px !important;padding-left: 30px !important;}&#8221;]<\/p>\n<p style=\"padding-bottom: 20px;\"><span style=\"color: #ffffff;\">DIAMETROS NOMINAIS: DE \u00bd\u201d A 14\u201d<\/span><\/p>\n<p>[\/vc_column_text][vc_empty_space height=&#8221;30px&#8221;][vc_column_text css=&#8221;.vc_custom_1524152410469{padding-right: 30px !important;padding-left: 30px !important;}&#8221;]<\/p>\n<h4><strong><span style=\"color: #ffffff;\">ESPECIFICA\u00c7\u00d5ES T\u00c9CNICAS<\/span><\/strong><\/h4>\n<p>[\/vc_column_text][vc_separator type=&#8221;normal&#8221; color=&#8221;#ffffff&#8221; transparency=&#8221;1&#8243; thickness=&#8221;1&#8243; el_class=&#8221;linea_scheda_materiali&#8221;][vc_empty_space height=&#8221;10px&#8221;][vc_column_text css=&#8221;.vc_custom_1516793369027{padding-right: 30px !important;padding-left: 30px !important;}&#8221;]<\/p>\n<p style=\"padding-bottom: 20px;\"><span style=\"color: #ffffff;\">SNAMPROGETTI (SAIPEM)<br \/>\nSTAMICARBON<br \/>\nUREA CASALE<\/span><\/p>\n<p>[\/vc_column_text][vc_empty_space height=&#8221;30px&#8221;][vc_column_text css=&#8221;.vc_custom_1524152489017{padding-right: 30px !important;padding-left: 30px !important;}&#8221;]<\/p>\n<h4><strong><span style=\"color: #ffffff;\">GAMA DE FORNECIMENTO<\/span><\/strong><\/h4>\n<p>[\/vc_column_text][vc_separator type=&#8221;normal&#8221; color=&#8221;#ffffff&#8221; transparency=&#8221;1&#8243; thickness=&#8221;1&#8243; el_class=&#8221;linea_scheda_materiali&#8221;][vc_empty_space height=&#8221;10px&#8221;][vc_column_text css=&#8221;.vc_custom_1524152473299{padding-right: 30px !important;padding-left: 30px !important;}&#8221;]<\/p>\n<p style=\"padding-bottom: 20px;\"><span style=\"color: #ffffff;\">TUBOS E CONEX\u00d5ES A PRONTA ENTREGA<br \/>\nGEST\u00c3O DE PACOTES COMPLEXOS EM PRAZOS COMPETITIVOS<br \/>\nFABRICANTE DE CONEX\u00d5ES TUBULARES COM PRAZOS COMPETITIVOS<br \/>\nSUPORTE T\u00c9CNICO E PARCERIA ESTRAT\u00c9GICA COM O FABRICANTE SALZGITTER MANNESMANN STAINLESS TUBE<br \/>\nCOMPROMETIMENTO E SUPORTE DE TODA A EQUIPE RACCORTUBI, DO IN\u00cdCIO AO FIM, GARANTINDO A EXCEL\u00caNCIA DO SERVI\u00c7O<\/span><\/p>\n<p>[\/vc_column_text][\/vc_column_inner][\/vc_row_inner][\/vc_tab][vc_tab title=&#8221;TIT\u00c2NIO&#8221; tab_id=&#8221;4e68dce0-7277-0&#8243;][vc_row_inner row_type=&#8221;row&#8221; type=&#8221;full_width&#8221; text_align=&#8221;left&#8221; css_animation=&#8221;&#8221;][vc_column_inner width=&#8221;1\/2&#8243;][vc_column_text]A Raccortubi sempre fabricou acess\u00f3rios em tit\u00e2nio (ASTM B363) e agora todos os estoques do Grupo podem contar com uma ampla gama de tubos com costura (ASTM B862) e sem costura (ASTM B861), podendo tamb\u00e9m fornecer flanges (ASTM B381) e barras (ASTM B348) mediante solicita\u00e7\u00e3o.[\/vc_column_text][vc_empty_space height=&#8221;50px&#8221;][vc_column_text]<img decoding=\"async\" class=\"alignnone\" style=\"padding-right: 5px;\" src=\"\/wp-content\/uploads\/2017\/10\/download_icon.svg\" alt=\"\" width=\"20px\" height=\"20px\" \/><\/p>\n<h4>DOWNLOAD:<\/h4>\n<p style=\"text-align: left;\"><a href=\"https:\/\/www.raccortubi.com\/wp-content\/uploads\/2023\/10\/Raccortubi-Group_TIT\u00c2NIO_ficha-t\u00e9cnica.pdf\" target=\"_blank\" rel=\"noopener\">Ficha t\u00e9cnica\u00a0Tit\u00e2nio<\/a><\/p>\n<p>[\/vc_column_text][\/vc_column_inner][vc_column_inner width=&#8221;1\/2&#8243;][vc_single_image image=&#8221;1814&#8243; img_size=&#8221;full&#8221; qode_css_animation=&#8221;&#8221; el_class=&#8221;filter_grayscale&#8221;][\/vc_column_inner][\/vc_row_inner][vc_empty_space height=&#8221;30px&#8221;][vc_column_text]<\/p>\n<h3>Solu\u00e7\u00f5es completas em produtos tubulares em Titanio<\/h3>\n<p>[\/vc_column_text][vc_empty_space height=&#8221;30px&#8221;][vc_row_inner row_type=&#8221;row&#8221; type=&#8221;grid&#8221; text_align=&#8221;left&#8221; padding_top=&#8221;30&#8243; padding_bottom=&#8221;30&#8243; css_animation=&#8221;&#8221; css=&#8221;.vc_custom_1516792709313{background-image: url(https:\/\/www.raccortubi.com\/wp-content\/uploads\/2018\/01\/materiali_titanio_img_1-1.jpg?id=1439) !important;background-position: center !important;background-repeat: no-repeat !important;background-size: cover !important;}&#8221;][vc_column_inner css=&#8221;.vc_custom_1516791933171{padding-right: 30px !important;padding-left: 30px !important;}&#8221;][vc_empty_space height=&#8221;30px&#8221;][vc_column_text css=&#8221;.vc_custom_1524152606483{padding-right: 30px !important;padding-left: 30px !important;}&#8221;]<\/p>\n<h4><strong><span style=\"color: #ffffff;\">LIGAS<\/span><\/strong><\/h4>\n<p>[\/vc_column_text][vc_separator type=&#8221;normal&#8221; color=&#8221;#ffffff&#8221; transparency=&#8221;1&#8243; thickness=&#8221;1&#8243; el_class=&#8221;linea_scheda_materiali&#8221;][vc_empty_space height=&#8221;10px&#8221;][vc_column_text css=&#8221;.vc_custom_1518797915049{padding-right: 30px !important;padding-left: 30px !important;}&#8221;]<\/p>\n<p style=\"padding-bottom: 20px;\"><span style=\"color: #ffffff;\">TITANIUM GR 2<\/span><\/p>\n<p>[\/vc_column_text][vc_empty_space height=&#8221;30px&#8221;][vc_column_text css=&#8221;.vc_custom_1524152619075{padding-right: 30px !important;padding-left: 30px !important;}&#8221;]<\/p>\n<h4><strong><span style=\"color: #ffffff;\">DIMENS\u00d5ES<\/span><\/strong><\/h4>\n<p>[\/vc_column_text][vc_separator type=&#8221;normal&#8221; color=&#8221;#ffffff&#8221; transparency=&#8221;1&#8243; thickness=&#8221;1&#8243; el_class=&#8221;linea_scheda_materiali&#8221;][vc_empty_space height=&#8221;10px&#8221;][vc_column_text css=&#8221;.vc_custom_1524152691326{padding-right: 30px !important;padding-left: 30px !important;}&#8221;]<\/p>\n<p style=\"padding-bottom: 20px;\"><span style=\"color: #ffffff;\">DIAMETROS NOMINAIS: DE \u00bd\u201d A 56\u201d<\/span><\/p>\n<p>[\/vc_column_text][vc_empty_space height=&#8221;30px&#8221;][vc_column_text css=&#8221;.vc_custom_1524152712827{padding-right: 30px !important;padding-left: 30px !important;}&#8221;]<\/p>\n<h4><strong><span style=\"color: #ffffff;\">ESPECIFICA\u00c7\u00d5ES T\u00c9CNICAS<\/span><\/strong><\/h4>\n<p>[\/vc_column_text][vc_separator type=&#8221;normal&#8221; color=&#8221;#ffffff&#8221; transparency=&#8221;1&#8243; thickness=&#8221;1&#8243; el_class=&#8221;linea_scheda_materiali&#8221;][vc_empty_space height=&#8221;10px&#8221;][vc_column_text css=&#8221;.vc_custom_1524152753871{padding-right: 30px !important;padding-left: 30px !important;}&#8221;]<\/p>\n<p style=\"padding-bottom: 20px;\"><span style=\"color: #ffffff;\">ASTM B861 (TUBOS SEM COSTURA)<br \/>\nASTM B862 (TUBOS COM COSTURA)<br \/>\nASTM B363 (CONEX\u00d5ES TUBULARES)<br \/>\nASTM B381 (FLANGES)<br \/>\nASTM B348 (BARRAS)<\/span><\/p>\n<p>[\/vc_column_text][vc_empty_space height=&#8221;30px&#8221;][vc_column_text css=&#8221;.vc_custom_1524152771405{padding-right: 30px !important;padding-left: 30px !important;}&#8221;]<\/p>\n<h4><strong><span style=\"color: #ffffff;\">GAMA DE FORNECIMENTO<\/span><\/strong><\/h4>\n<p>[\/vc_column_text][vc_separator type=&#8221;normal&#8221; color=&#8221;#ffffff&#8221; transparency=&#8221;1&#8243; thickness=&#8221;1&#8243; el_class=&#8221;linea_scheda_materiali&#8221;][vc_empty_space height=&#8221;10px&#8221;][vc_column_text css=&#8221;.vc_custom_1524152868493{padding-right: 30px !important;padding-left: 30px !important;}&#8221;]<\/p>\n<p style=\"padding-bottom: 20px;\"><span style=\"color: #ffffff;\">TUBOS E CONEX\u00d5ES A PRONTA ENTREGA<br \/>\nGEST\u00c3O DE PACOTES COMPLEXOS EM PRAZOS COMPETITIVOS<br \/>\nFABRICANTE DE CONEX\u00d5ES TUBULARES COM PRAZOS COMPETITIVOS<br \/>\nSUPORTE T\u00c9CNICO<br \/>\nCOMPROMETIMENTO E SUPORTE DE TODA A EQUIPE RACCORTUBI, DO IN\u00cdCIO AO FIM, GARANTINDO A EXCEL\u00caNCIA DO SERVI\u00c7O<\/span><\/p>\n<p>[\/vc_column_text][\/vc_column_inner][\/vc_row_inner][\/vc_tab][\/vc_tabs][\/vc_column][\/vc_row][vc_row css_animation=&#8221;&#8221; row_type=&#8221;row&#8221; use_row_as_full_screen_section=&#8221;no&#8221; type=&#8221;full_width&#8221; angled_section=&#8221;no&#8221; text_align=&#8221;left&#8221; background_image_as_pattern=&#8221;without_pattern&#8221;][vc_column][vc_empty_space height=&#8221;100px&#8221;][\/vc_column][\/vc_row]<\/p>\n","protected":false},"excerpt":{"rendered":"<p>[vc_row css_animation=&#8221;&#8221; row_type=&#8221;row&#8221; use_row_as_full_screen_section=&#8221;no&#8221; type=&#8221;grid&#8221; angled_section=&#8221;no&#8221; text_align=&#8221;left&#8221; background_image_as_pattern=&#8221;without_pattern&#8221; css=&#8221;.vc_custom_1518603790537{margin-top: 2% !important;}&#8221;][vc_column width=&#8221;2\/3&#8243;][vc_column_text] Disponibilizar a linha completa de materiais est\u00e1 no cora\u00e7\u00e3o da Raccortubi e garante o melhor servi\u00e7o e flexibilidade, tanto na produ\u00e7\u00e3o quanto via estoque. [\/vc_column_text][vc_empty_space height=&#8221;30px&#8221;][vc_column_text] O grupo Raccortubi armazena e distribui tubos,&#8230;<\/p>\n","protected":false},"author":3,"featured_media":0,"parent":2901,"menu_order":0,"comment_status":"open","ping_status":"closed","template":"full_width.php","meta":{"footnotes":""},"_links":{"self":[{"href":"https:\/\/www.raccortubi.com\/pt-br\/wp-json\/wp\/v2\/pages\/2926"}],"collection":[{"href":"https:\/\/www.raccortubi.com\/pt-br\/wp-json\/wp\/v2\/pages"}],"about":[{"href":"https:\/\/www.raccortubi.com\/pt-br\/wp-json\/wp\/v2\/types\/page"}],"author":[{"embeddable":true,"href":"https:\/\/www.raccortubi.com\/pt-br\/wp-json\/wp\/v2\/users\/3"}],"replies":[{"embeddable":true,"href":"https:\/\/www.raccortubi.com\/pt-br\/wp-json\/wp\/v2\/comments?post=2926"}],"version-history":[{"count":7,"href":"https:\/\/www.raccortubi.com\/pt-br\/wp-json\/wp\/v2\/pages\/2926\/revisions"}],"predecessor-version":[{"id":11982,"href":"https:\/\/www.raccortubi.com\/pt-br\/wp-json\/wp\/v2\/pages\/2926\/revisions\/11982"}],"up":[{"embeddable":true,"href":"https:\/\/www.raccortubi.com\/pt-br\/wp-json\/wp\/v2\/pages\/2901"}],"wp:attachment":[{"href":"https:\/\/www.raccortubi.com\/pt-br\/wp-json\/wp\/v2\/media?parent=2926"}],"curies":[{"name":"wp","href":"https:\/\/api.w.org\/{rel}","templated":true}]}}