{"id":2897,"date":"2018-01-16T15:33:11","date_gmt":"2018-01-16T15:33:11","guid":{"rendered":"https:\/\/www.raccortubi.com\/nosso-grupo\/tecninox\/"},"modified":"2025-05-06T10:49:52","modified_gmt":"2025-05-06T10:49:52","slug":"tecninox","status":"publish","type":"page","link":"https:\/\/www.raccortubi.com\/pt-br\/nosso-grupo\/tecninox\/","title":{"rendered":"Tecninox"},"content":{"rendered":"<p>[vc_row css_animation=&#8221;&#8221; row_type=&#8221;row&#8221; use_row_as_full_screen_section=&#8221;no&#8221; type=&#8221;grid&#8221; angled_section=&#8221;no&#8221; text_align=&#8221;left&#8221; background_image_as_pattern=&#8221;without_pattern&#8221; css=&#8221;.vc_custom_1516956727166{margin-top: 5% !important;}&#8221; el_class=&#8221;hide_on_desktop&#8221;][vc_column offset=&#8221;vc_hidden-lg vc_hidden-md vc_hidden-sm&#8221;][vc_single_image image=&#8221;467&#8243; img_size=&#8221;full&#8221; qode_css_animation=&#8221;&#8221; el_class=&#8221;logo_divisione&#8221;][vc_empty_space height=&#8221;15px&#8221;][\/vc_column][\/vc_row][vc_row css_animation=&#8221;&#8221; row_type=&#8221;row&#8221; use_row_as_full_screen_section=&#8221;no&#8221; type=&#8221;grid&#8221; angled_section=&#8221;no&#8221; text_align=&#8221;left&#8221; background_image_as_pattern=&#8221;without_pattern&#8221; css=&#8221;.vc_custom_1516956609951{margin-top: 2% !important;}&#8221;][vc_column width=&#8221;2\/3&#8243;][vc_column_text]<\/p>\n<h1 class=\"classe_seo_2\">O planejamento adaptativo da Tecninox permite integrar sua produ\u00e7\u00e3o \u00e0s necessidades de reposi\u00e7\u00e3o dos estoque das filiais do Grupo.<\/h1>\n<p>[\/vc_column_text][vc_empty_space height=&#8221;30px&#8221;][vc_column_text]<\/p>\n<p class=\"classe_seo_1\">Fundada em 1988, a Tecninox produz conex\u00f5es padr\u00e3o schedule <a href=\"https:\/\/www.raccortubi.com\/pt-br\/nossas-solucoes\/plantas-producao-conexoes-solda-de-topo\/\"><strong>conformadas \u00e0 frio<\/strong> <\/a>de \u00bd\u201d at\u00e9 16\u201d, de modo a garantir a constante reposi\u00e7\u00e3o dos estoques do Grupo via planejamento e controle integrado de produ\u00e7\u00e3o. Tamb\u00e9m \u00e9 poss\u00edvel atender demandas espec\u00edficas de acordo com as necessidades especiais do cliente, utilizando a mat\u00e9ria-prima j\u00e1 dispon\u00edvel na Raccortubi, previamente adquirida para a r\u00e1pida reposi\u00e7\u00e3o dos estoques.<\/p>\n<p>[\/vc_column_text][\/vc_column][vc_column width=&#8221;1\/3&#8243; offset=&#8221;vc_hidden-xs&#8221;][vc_single_image image=&#8221;467&#8243; img_size=&#8221;full&#8221; qode_css_animation=&#8221;&#8221; el_class=&#8221;logo_divisione&#8221;][\/vc_column][\/vc_row][vc_row css_animation=&#8221;&#8221; row_type=&#8221;row&#8221; use_row_as_full_screen_section=&#8221;no&#8221; type=&#8221;grid&#8221; angled_section=&#8221;no&#8221; text_align=&#8221;left&#8221; background_image_as_pattern=&#8221;without_pattern&#8221; row_negative_margin=&#8221;disable_negative_margin&#8221;][vc_column][vc_empty_space height=&#8221;30px&#8221;][vc_tabs style=&#8221;boxed&#8221; el_class=&#8221;tab_blue&#8221;][vc_tab title=&#8221;GAMA DE PRODU\u00c7\u00c3O&#8221; tab_id=&#8221;396f2c87-5ee8-5&#8243;][vc_row_inner row_type=&#8221;row&#8221; type=&#8221;full_width&#8221; text_align=&#8221;left&#8221; css_animation=&#8221;&#8221;][vc_column_inner width=&#8221;2\/3&#8243;][vc_column_text]Atrav\u00e9s do processo de conforma\u00e7\u00e3o a frio, a Tecninox produz <strong>conex\u00f5es padr\u00e3o schedule de \u00bd\u201d at\u00e9 16\u201d em ligas especiais<\/strong> como a\u00e7os inoxid\u00e1veis, duplex, super duplex, 6Mo, ligas de Ni e Ti.[\/vc_column_text][vc_empty_space height=&#8221;50px&#8221;][vc_column_text css=&#8221;.vc_custom_1523970355713{padding-top: 30px !important;padding-right: 30px !important;padding-bottom: 30px !important;padding-left: 30px !important;background-image: url(https:\/\/www.raccortubi.com\/wp-content\/uploads\/2018\/01\/tecninox_prodotti_img_4.jpg?id=1032) !important;background-position: center !important;background-repeat: no-repeat !important;background-size: cover !important;}&#8221;]<\/p>\n<h3 style=\"padding-bottom: 20px;\"><span style=\"color: #ffffff;\">Gama de produ\u00e7\u00e3o<\/span><\/h3>\n<p><span style=\"color: #ffffff; text-transform: uppercase;\"><strong>A\u00e7os inoxid\u00e1veis e ligas especiais<\/strong><\/span><\/p>\n<p><span style=\"color: #ffffff;\">curvas de raio longo e curto \/ t\u00eas \/ redu\u00e7\u00f5es \/ caps:<\/span><\/p>\n<p><span style=\"color: #ffffff;\">\u22c51\/2\u201d (21.3 mm) &gt; 16\u201d (406.4 mm)<\/span><\/p>\n<p><span style=\"color: #ffffff;\">\u22c5sch. 10S &gt; sch. XXS<\/span>[\/vc_column_text][vc_empty_space height=&#8221;50px&#8221;][vc_column_text]<\/p>\n<h4>PLANEJAMENTO DE PRODU\u00c7\u00c3O ADAPTATIVO<\/h4>\n<p><strong>O planejamento adaptativo confere \u00e0 Tecninox uma alta flexibilidade industrial<\/strong>, permitindo oferecer alternativas para o complemento urgente de ordens de produ\u00e7\u00e3o ou mesmo novos projetos completos.<\/p>\n<p>Ao utilizar como mat\u00e9ria-prima tubos de di\u00e2metros e espessuras id\u00eanticos aos das conex\u00f5es a serem fabricadas, a Tecninox pode servir-se tamb\u00e9m dos materiais dispon\u00edveis no estoque na Raccortubi.<\/p>\n<p>O sistema tamb\u00e9m permite antecipar com precis\u00e3o a necessidade de reposi\u00e7\u00e3o de produtos para os estoques, contando com uma sofisticada <strong><em>&#8220;Finite Capacity Scheduling&#8221;<\/em><\/strong>.<\/p>\n<p>Resulta dessa ferramenta <strong>um fluxo de produ\u00e7\u00e3o constante<\/strong>, permitindo <strong>maximizar a utiliza\u00e7\u00e3o das mat\u00e9rias-primas e o controle sobre as fases de fabrica\u00e7\u00e3o<\/strong>, viabilizando adicionar novos fornecimentos sem afetar a entrega das ordens de produ\u00e7\u00e3o j\u00e1 planejados.[\/vc_column_text][vc_empty_space height=&#8221;50px&#8221;][\/vc_column_inner][vc_column_inner width=&#8221;1\/3&#8243;][vc_single_image image=&#8221;1026&#8243; img_size=&#8221;full&#8221; qode_css_animation=&#8221;&#8221; el_class=&#8221;filter_grayscale&#8221;][vc_empty_space height=&#8221;50px&#8221;][\/vc_column_inner][\/vc_row_inner][\/vc_tab][vc_tab title=&#8221;Qualidade&#8221; tab_id=&#8221;4e68dce0-7277-0&#8243;][vc_row_inner row_type=&#8221;row&#8221; type=&#8221;full_width&#8221; text_align=&#8221;left&#8221; css_animation=&#8221;&#8221;][vc_column_inner width=&#8221;1\/2&#8243;][vc_column_text]Existem <strong>pontos de verifica\u00e7\u00e3o da qualidade<\/strong> durante todo o processo de fabrica\u00e7\u00e3o da Tecninox.<\/p>\n<p>A extensiva inspe\u00e7\u00e3o de mat\u00e9rias-primas, bem como os altos investimentos em tecnologia, possibilitaram uma <strong>\u00e1rea automatizada dedicada a testes dimensionais, PMI, opera\u00e7\u00f5es de marca\u00e7\u00e3o e embalagem<\/strong>, permitindo que a Raccortubi forne\u00e7a produtos acabados de alta qualidade.[\/vc_column_text][vc_empty_space height=&#8221;30px&#8221;][vc_column_text]<\/p>\n<h4>TESTES LABORATORIAIS<\/h4>\n<p>Os ensaios PMI, Dureza, L\u00edquido Penetrante e An\u00e1lise do teor de ferrita s\u00e3o realizados internamente e demais testes destrutivos ou n\u00e3o destrutivos podem ser realizados em laborat\u00f3rios externos, certificados por \u00f3rg\u00e3os internacionais parceiros de longa data do Grupo Raccortubi.<\/p>\n<p><strong>Composi\u00e7\u00e3o qu\u00edmica, testes mec\u00e2nicos standard e adicionais em ligas duplex, super duplex e 6Mo<\/strong> s\u00e3o cuidadosamente controlados para que os mais altos padr\u00f5es sejam seguidos.<\/p>\n<p>Isto significa que os clientes do Grupo Raccortubi contam com produtos amplamente testados e certificados com disponibilidade imediata, sem perda de tempo e custos adicionais com testes laboratoriais.[\/vc_column_text][vc_empty_space height=&#8221;30px&#8221;][\/vc_column_inner][vc_column_inner width=&#8221;1\/2&#8243;][vc_single_image image=&#8221;1784&#8243; img_size=&#8221;full&#8221; qode_css_animation=&#8221;&#8221; el_class=&#8221;filter_grayscale&#8221;][vc_empty_space height=&#8221;30px&#8221;][\/vc_column_inner][\/vc_row_inner][vc_row_inner row_type=&#8221;row&#8221; type=&#8221;full_width&#8221; text_align=&#8221;left&#8221; css_animation=&#8221;&#8221;][vc_column_inner width=&#8221;1\/2&#8243;][vc_column_text]<\/p>\n<h4>APROVA\u00c7\u00d5ES E CERTIFICA\u00c7\u00d5ES<\/h4>\n<p>A Tecninox foi o primeiro fabricante de conex\u00f5es sem costura qualificado <strong>NORSOK M-650 Ed. 4.<\/strong><\/p>\n<p>Al\u00e9m de <strong>PED e ISO 45001:2018<\/strong> demostrando seu grande compromisso com a seguran\u00e7a de seus colaboradores e ambiente de trabalho,\u00a0bem como o compromisso com o meio ambiente, Tecninox\u00a0\u00e9 certificado\u00a0<strong>ISO 9001:2015 e ISO 14001:2015<\/strong>.<\/p>\n<p>O grupo tamb\u00e9m conta com diversas aprova\u00e7\u00f5es obtidas junto aos mais exigentes usu\u00e1rios finais e entidades certificadoras.[\/vc_column_text][vc_empty_space height=&#8221;50px&#8221;][\/vc_column_inner][vc_column_inner width=&#8221;1\/2&#8243;][\/vc_column_inner][\/vc_row_inner][vc_column_text]<img decoding=\"async\" class=\"alignnone\" style=\"padding-right: 5px;\" src=\"\/wp-content\/uploads\/2017\/10\/download_icon.svg\" alt=\"\" width=\"20px\" height=\"20px\" \/><\/p>\n<h4><span style=\"color: #000000;\">DOWNLOAD:\u00a0<\/span><\/h4>\n<p style=\"text-align: left;\"><a href=\"https:\/\/www.raccortubi.com\/wp-content\/uploads\/2025\/05\/ISO_9001-ENG-C651062-3-20250410.pdf\" target=\"_blank\" rel=\"noopener\">ISO 9001:2015<\/a> \/\u00a0<a href=\"https:\/\/www.raccortubi.com\/wp-content\/uploads\/2025\/04\/PED.pdf\" target=\"_blank\" rel=\"noopener\">PED<\/a> \/ <a href=\"https:\/\/www.raccortubi.com\/wp-content\/uploads\/2024\/08\/Politica-14001-45001-Tecninox-2022-Rev.6.pdf\" target=\"_blank\" rel=\"noopener\">Pol\u00edtica de seguran\u00e7a e meio ambiente\u00a0<\/a> \/ <a href=\"https:\/\/www.raccortubi.com\/wp-content\/uploads\/2025\/05\/ISO_14001-ENG-C737203-1-20250429.pdf\" target=\"_blank\" rel=\"noopener\">ISO 14001:2015<\/a> \/\u00a0 <a href=\"https:\/\/www.raccortubi.com\/wp-content\/uploads\/2025\/04\/ISO-45001-C737212-0-en-US-20250401.pdf\" target=\"_blank\" rel=\"noopener\">ISO 45001:2018<\/a> <span style=\"color: #000000;\">\/<\/span><\/p>\n<p>[\/vc_column_text][vc_empty_space height=&#8221;50px&#8221;][\/vc_tab][\/vc_tabs][\/vc_column][\/vc_row][vc_row css_animation=&#8221;&#8221; row_type=&#8221;row&#8221; use_row_as_full_screen_section=&#8221;no&#8221; type=&#8221;full_width&#8221; angled_section=&#8221;no&#8221; text_align=&#8221;left&#8221; background_image_as_pattern=&#8221;without_pattern&#8221;][vc_column][vc_empty_space height=&#8221;60px&#8221;][\/vc_column][\/vc_row][vc_row css_animation=&#8221;&#8221; row_type=&#8221;row&#8221; use_row_as_full_screen_section=&#8221;no&#8221; type=&#8221;full_width&#8221; angled_section=&#8221;no&#8221; text_align=&#8221;left&#8221; background_image_as_pattern=&#8221;without_pattern&#8221; border_color=&#8221;#306980&#8243; css=&#8221;.vc_custom_1516804238292{background-color: #c4c4c4 !important;}&#8221;][vc_column][vc_column_text]<\/p>\n<p style=\"text-align: center;\"><span style=\"font-size: 12px;\">Tecninox S.r.l. \u2013 Via Don Spagnoli 7, 29010 Sarmato \u2013 Piacenza Italy \u2013 VAT IT08398100159 \u2013 Paid-up capital \u20ac 1,500,000.00<\/span><\/p>\n<p>[\/vc_column_text][\/vc_column][\/vc_row]<\/p>\n","protected":false},"excerpt":{"rendered":"<p>[vc_row css_animation=&#8221;&#8221; row_type=&#8221;row&#8221; use_row_as_full_screen_section=&#8221;no&#8221; type=&#8221;grid&#8221; angled_section=&#8221;no&#8221; text_align=&#8221;left&#8221; background_image_as_pattern=&#8221;without_pattern&#8221; css=&#8221;.vc_custom_1516956727166{margin-top: 5% !important;}&#8221; el_class=&#8221;hide_on_desktop&#8221;][vc_column offset=&#8221;vc_hidden-lg vc_hidden-md vc_hidden-sm&#8221;][vc_single_image image=&#8221;467&#8243; img_size=&#8221;full&#8221; qode_css_animation=&#8221;&#8221; el_class=&#8221;logo_divisione&#8221;][vc_empty_space height=&#8221;15px&#8221;][\/vc_column][\/vc_row][vc_row css_animation=&#8221;&#8221; row_type=&#8221;row&#8221; use_row_as_full_screen_section=&#8221;no&#8221; type=&#8221;grid&#8221; angled_section=&#8221;no&#8221; text_align=&#8221;left&#8221; background_image_as_pattern=&#8221;without_pattern&#8221; css=&#8221;.vc_custom_1516956609951{margin-top: 2% !important;}&#8221;][vc_column width=&#8221;2\/3&#8243;][vc_column_text] O planejamento adaptativo da Tecninox permite integrar sua produ\u00e7\u00e3o \u00e0s necessidades de reposi\u00e7\u00e3o dos&#8230;<\/p>\n","protected":false},"author":3,"featured_media":0,"parent":2863,"menu_order":0,"comment_status":"open","ping_status":"closed","template":"full_width.php","meta":{"footnotes":""},"_links":{"self":[{"href":"https:\/\/www.raccortubi.com\/pt-br\/wp-json\/wp\/v2\/pages\/2897"}],"collection":[{"href":"https:\/\/www.raccortubi.com\/pt-br\/wp-json\/wp\/v2\/pages"}],"about":[{"href":"https:\/\/www.raccortubi.com\/pt-br\/wp-json\/wp\/v2\/types\/page"}],"author":[{"embeddable":true,"href":"https:\/\/www.raccortubi.com\/pt-br\/wp-json\/wp\/v2\/users\/3"}],"replies":[{"embeddable":true,"href":"https:\/\/www.raccortubi.com\/pt-br\/wp-json\/wp\/v2\/comments?post=2897"}],"version-history":[{"count":10,"href":"https:\/\/www.raccortubi.com\/pt-br\/wp-json\/wp\/v2\/pages\/2897\/revisions"}],"predecessor-version":[{"id":12740,"href":"https:\/\/www.raccortubi.com\/pt-br\/wp-json\/wp\/v2\/pages\/2897\/revisions\/12740"}],"up":[{"embeddable":true,"href":"https:\/\/www.raccortubi.com\/pt-br\/wp-json\/wp\/v2\/pages\/2863"}],"wp:attachment":[{"href":"https:\/\/www.raccortubi.com\/pt-br\/wp-json\/wp\/v2\/media?parent=2897"}],"curies":[{"name":"wp","href":"https:\/\/api.w.org\/{rel}","templated":true}]}}