{"id":2893,"date":"2018-01-17T16:52:11","date_gmt":"2018-01-17T16:52:11","guid":{"rendered":"https:\/\/www.raccortubi.com\/nosso-grupo\/raccortubi-singapore\/"},"modified":"2023-10-05T09:50:00","modified_gmt":"2023-10-05T09:50:00","slug":"raccortubi-singapore","status":"publish","type":"page","link":"https:\/\/www.raccortubi.com\/pt-br\/nosso-grupo\/raccortubi-singapore\/","title":{"rendered":"Raccortubi Singapore"},"content":{"rendered":"<p>[vc_row css_animation=&#8221;&#8221; row_type=&#8221;row&#8221; use_row_as_full_screen_section=&#8221;no&#8221; type=&#8221;grid&#8221; angled_section=&#8221;no&#8221; text_align=&#8221;left&#8221; background_image_as_pattern=&#8221;without_pattern&#8221; css=&#8221;.vc_custom_1516956833214{margin-top: 5% !important;}&#8221; el_class=&#8221;hide_on_desktop&#8221;][vc_column offset=&#8221;vc_hidden-lg vc_hidden-md vc_hidden-sm&#8221;][vc_single_image image=&#8221;783&#8243; img_size=&#8221;full&#8221; qode_css_animation=&#8221;&#8221; el_class=&#8221;logo_divisione&#8221;][vc_empty_space height=&#8221;15px&#8221;][\/vc_column][\/vc_row][vc_row css_animation=&#8221;&#8221; row_type=&#8221;row&#8221; use_row_as_full_screen_section=&#8221;no&#8221; type=&#8221;grid&#8221; angled_section=&#8221;no&#8221; text_align=&#8221;left&#8221; background_image_as_pattern=&#8221;without_pattern&#8221; css=&#8221;.vc_custom_1516956665194{margin-top: 2% !important;}&#8221;][vc_column width=&#8221;2\/3&#8243;][vc_column_text]<\/p>\n<h1 class=\"classe_seo_2\">Uma ampla gama de tubos e acess\u00f3rios dispon\u00edvel para entrega imediata permite \u00e0 Raccortubi Singapore garantir entregas r\u00e1pidas e flex\u00edveis.<\/h1>\n<p>[\/vc_column_text][vc_empty_space height=&#8221;30px&#8221;][vc_column_text]<\/p>\n<h2 class=\"classe_seo_3\">Ao contr\u00e1rio da maioria dos players no Sudeste Asi\u00e1tico, a Raccortubi Singapore conta com um grande centro de distribui\u00e7\u00e3o, composto por uma ampla gama de tubos e acess\u00f3rios em a\u00e7o inoxid\u00e1vel e ligas especiais que a torna uma refer\u00eancia para a ind\u00fastria local de Petr\u00f3leo e G\u00e1s.<\/h2>\n<p>[\/vc_column_text][\/vc_column][vc_column width=&#8221;1\/3&#8243; offset=&#8221;vc_hidden-xs&#8221;][vc_single_image image=&#8221;783&#8243; img_size=&#8221;full&#8221; qode_css_animation=&#8221;&#8221; el_class=&#8221;logo_divisione&#8221;][\/vc_column][\/vc_row][vc_row css_animation=&#8221;&#8221; row_type=&#8221;row&#8221; use_row_as_full_screen_section=&#8221;no&#8221; type=&#8221;grid&#8221; angled_section=&#8221;no&#8221; text_align=&#8221;left&#8221; background_image_as_pattern=&#8221;without_pattern&#8221; row_negative_margin=&#8221;disable_negative_margin&#8221;][vc_column][vc_empty_space height=&#8221;30px&#8221;][vc_tabs style=&#8221;boxed&#8221; el_class=&#8221;tab_red&#8221;][vc_tab title=&#8221;CARACTER\u00cdSTICAS&#8221; tab_id=&#8221;396f2c87-5ee8-5&#8243;][vc_row_inner row_type=&#8221;row&#8221; type=&#8221;full_width&#8221; text_align=&#8221;left&#8221; css_animation=&#8221;&#8221;][vc_column_inner width=&#8221;1\/2&#8243;][vc_column_text css=&#8221;.vc_custom_1523969659817{margin-bottom: 3% !important;}&#8221;]A Raccortubi Singapore armazena e distribui <strong>tubos, conex\u00f5es e flanges em a\u00e7o inoxid\u00e1vel austen\u00edtico, duplex, super duplex, 6mo, ligas de n\u00edquel e tit\u00e2nio.<\/strong><\/p>\n<p>&nbsp;<\/p>\n<p>Fornece aos clientes do Sudeste Asi\u00e1tico solu\u00e7\u00f5es <strong>para projetos completos, demandas para manuten\u00e7\u00e3o e necessidades urgentes.<\/strong><\/p>\n<p>&nbsp;<\/p>\n<p>Custo-benef\u00edcio e flexibilidade s\u00e3o os pilares do Raccortubi Singapore, <strong>reduzindo assim os prazos para atendimento at\u00e9 mesmo aos pedidos mais cr\u00edticos.<\/strong>[\/vc_column_text][vc_empty_space height=&#8221;30px&#8221;][vc_column_text]<\/p>\n<h4>QUALIDADE E ATENDIMENTO<\/h4>\n<p>Al\u00e9m de possuir as mais <strong>diversas aprova\u00e7\u00f5es junto aos usu\u00e1rios finais<\/strong>, as especifica\u00e7\u00f5es t\u00e9cnicas internas do Raccortubi Group foram projetadas para garantir a fabrica\u00e7\u00e3o e armazenamento dos materiais em total conformidade com a grande maioria dos requisitos t\u00e9cnicos do setor de Petr\u00f3leo &amp; G\u00e1s, eliminando tempo e custos adicionais que os clientes teriam para testes laboratoriais complementares.<\/p>\n<p>&nbsp;<\/p>\n<p>Para atender a todas as necessidades dos clientes, a Raccortubi Singapore oferece <strong><a href=\"https:\/\/www.raccortubi.com\/pt-br\/nossas-solucoes\/embalagens-especiais-conexoes\/\">personaliza\u00e7\u00e3o<\/a> de pedidos, incluindo codifica\u00e7\u00e3o de cores, marca\u00e7\u00e3o, testes extras e embalagens especiais.<\/strong><\/p>\n<p>&nbsp;<\/p>\n<p>A Raccortubi Singapore\u00a0\u00e9 certificado <strong>ISO 9001:2015<\/strong>.[\/vc_column_text][vc_empty_space height=&#8221;50px&#8221;][\/vc_column_inner][vc_column_inner width=&#8221;1\/2&#8243;][vc_single_image image=&#8221;1746&#8243; img_size=&#8221;full&#8221; alignment=&#8221;right&#8221; qode_css_animation=&#8221;&#8221; el_class=&#8221;filter_grayscale&#8221;][vc_empty_space height=&#8221;50px&#8221;][\/vc_column_inner][\/vc_row_inner][\/vc_tab][vc_tab title=&#8221;SOLU\u00c7\u00d5ES EM TUBOS E ACESS\u00d3RIOS&#8221; tab_id=&#8221;4e68dce0-7277-0&#8243;][vc_column_text]A Raccortubi Singapore armazena e distribui <strong>tubos, conex\u00f5es e flanges em a\u00e7o inoxid\u00e1vel austen\u00edtico, duplex, super duplex, 6mo, ligas de n\u00edquel e tit\u00e2nio.<\/strong><\/p>\n<p>&nbsp;<\/p>\n<p>A vantagem de pertencer ao Grupo Raccortubi \u00e9 que pode contar com uma <strong>rede de distribui\u00e7\u00e3o global e produ\u00e7\u00e3o integrada de conex\u00f5es tubulares<\/strong>. A Raccortubi Singapore disponibiliza aos clientes do Sudeste Asi\u00e1tico solu\u00e7\u00f5es completas para projetos complexos, demandas para manuten\u00e7\u00e3o e necessidades urgentes.<\/p>\n<p>&nbsp;<\/p>\n<p>Al\u00e9m da reposi\u00e7\u00e3o constante dos estoques via fabrica\u00e7\u00e3o interna baseada na It\u00e1lia, a Raccortubi Singapore \u00e9 capaz de garantir aos clientes <strong>solu\u00e7\u00f5es flex\u00edveis e de alta qualidade, com excelente rela\u00e7\u00e3o custo-benef\u00edcio, a prazos curtos.<\/strong>[\/vc_column_text][vc_empty_space height=&#8221;30px&#8221;][vc_row_inner row_type=&#8221;row&#8221; type=&#8221;grid&#8221; text_align=&#8221;left&#8221; padding_top=&#8221;30&#8243; css_animation=&#8221;&#8221; css=&#8221;.vc_custom_1516901484962{background-image: url(https:\/\/www.raccortubi.com\/wp-content\/uploads\/2018\/01\/raccortubi_singapore_img_2.jpg?id=1137) !important;background-position: center !important;background-repeat: no-repeat !important;background-size: cover !important;}&#8221;][vc_column_inner el_class=&#8221;link-miki&#8221; width=&#8221;1\/2&#8243;][vc_column_text css=&#8221;.vc_custom_1681308652530{padding-right: 30px !important;padding-left: 30px !important;}&#8221;]<\/p>\n<h3 style=\"padding-bottom: 20px;\"><span style=\"color: #ffffff;\">Distribui\u00e7\u00e3o<\/span><\/h3>\n<p><strong><span style=\"color: #ffffff; text-transform: uppercase;\">A\u00c7O INOXID\u00c1VEL AUSTEN\u00cdTICO, DUPLEX, SUPER DUPLEX, 6MO, LIGAS DE N\u00cdQUEL, TIT\u00c2NIO<\/span><\/strong><\/p>\n<p><span style=\"color: #ffffff;\">\u2022 <a href=\"https:\/\/www.raccortubi.com\/pt-br\/distribuicao-tubos-plantas-industriais-brasil\/\">Tubos<\/a><\/span><\/p>\n<p><span style=\"color: #ffffff;\">\u2022 <a href=\"https:\/\/www.raccortubi.com\/pt-br\/producao-conexoes-solda-de-topo\/\">Conex\u00f5es<\/a><\/span><\/p>\n<p><span style=\"color: #ffffff;\">\u2022 <a href=\"https:\/\/www.raccortubi.com\/pt-br\/distribuicao-flanges-de-pescoco-cegos-roscados\/\">Flanges<\/a><\/span>[\/vc_column_text][vc_empty_space height=&#8221;30px&#8221;][\/vc_column_inner][vc_column_inner width=&#8221;1\/2&#8243;][vc_column_text css=&#8221;.vc_custom_1681308694872{padding-right: 30px !important;padding-left: 30px !important;}&#8221;]<\/p>\n<h3 style=\"padding-bottom: 20px;\"><span style=\"color: #ffffff;\">Fabrica\u00e7\u00e3o<\/span><\/h3>\n<p><span style=\"color: #ffffff; text-transform: uppercase;\"><strong>A\u00c7O INOXID\u00c1VEL E LIGAS ESPECIAIS<\/strong><\/span><\/p>\n<p><span style=\"color: #ffffff;\">Curvas de raio longo\/curto \/ t\u00eas \/ redu\u00e7\u00f5es \/ caps:<\/span><\/p>\n<p><span style=\"color: #ffffff;\">\u2022 sem costura \u00bd\u201d (21.3 mm) &gt; 16\u201d (406.4 mm)<\/span><\/p>\n<p><span style=\"color: #ffffff;\">\u2022 com costura 4\u201d (114.3 mm) &gt; 16\u201d (406.4 mm)<\/span><br \/>\n[\/vc_column_text][vc_empty_space height=&#8221;30px&#8221;][\/vc_column_inner][\/vc_row_inner][vc_empty_space height=&#8221;50px&#8221;][\/vc_tab][\/vc_tabs][vc_empty_space height=&#8221;50px&#8221;][vc_column_text]<img decoding=\"async\" class=\"alignnone\" src=\"https:\/\/www.raccortubi.com\/wp-content\/uploads\/2017\/10\/download_icon.svg\" alt=\"\" width=\"20px\" height=\"20px\" \/><\/p>\n<h4>DOWNLOAD:<\/h4>\n<p><a href=\"https:\/\/www.raccortubi.com\/wp-content\/uploads\/2023\/10\/Raccortubi-Group_STOCKProdu\u00e7\u00e3o.pdf\" target=\"_blank\" rel=\"noopener\">Cat\u00e1logo de Produtos<\/a>[\/vc_column_text][vc_empty_space height=&#8221;50px&#8221;][\/vc_column][\/vc_row][vc_row css_animation=&#8221;&#8221; row_type=&#8221;row&#8221; use_row_as_full_screen_section=&#8221;no&#8221; type=&#8221;grid&#8221; angled_section=&#8221;no&#8221; text_align=&#8221;left&#8221; background_image_as_pattern=&#8221;without_pattern&#8221; border_color=&#8221;#e42313&#8243; css=&#8221;.vc_custom_1516806183215{background-color: #c4c4c4 !important;}&#8221;][vc_column][vc_column_text css=&#8221;.vc_custom_1516806203625{padding-top: 5px !important;padding-bottom: 5px !important;}&#8221;]<\/p>\n<p style=\"text-align: center;\"><span style=\"font-size: 12px;\">Raccortubi Singapore Pte. Ltd. &#8211; 101B Pioneer Road &#8211; Singapore 639607<\/span><\/p>\n<p>[\/vc_column_text][\/vc_column][\/vc_row]<\/p>\n","protected":false},"excerpt":{"rendered":"<p>[vc_row css_animation=&#8221;&#8221; row_type=&#8221;row&#8221; use_row_as_full_screen_section=&#8221;no&#8221; type=&#8221;grid&#8221; angled_section=&#8221;no&#8221; text_align=&#8221;left&#8221; background_image_as_pattern=&#8221;without_pattern&#8221; css=&#8221;.vc_custom_1516956833214{margin-top: 5% !important;}&#8221; el_class=&#8221;hide_on_desktop&#8221;][vc_column offset=&#8221;vc_hidden-lg vc_hidden-md vc_hidden-sm&#8221;][vc_single_image image=&#8221;783&#8243; img_size=&#8221;full&#8221; qode_css_animation=&#8221;&#8221; el_class=&#8221;logo_divisione&#8221;][vc_empty_space height=&#8221;15px&#8221;][\/vc_column][\/vc_row][vc_row css_animation=&#8221;&#8221; row_type=&#8221;row&#8221; use_row_as_full_screen_section=&#8221;no&#8221; type=&#8221;grid&#8221; angled_section=&#8221;no&#8221; text_align=&#8221;left&#8221; background_image_as_pattern=&#8221;without_pattern&#8221; css=&#8221;.vc_custom_1516956665194{margin-top: 2% !important;}&#8221;][vc_column width=&#8221;2\/3&#8243;][vc_column_text] Uma ampla gama de tubos e acess\u00f3rios dispon\u00edvel para entrega imediata permite \u00e0 Raccortubi&#8230;<\/p>\n","protected":false},"author":3,"featured_media":0,"parent":2863,"menu_order":0,"comment_status":"open","ping_status":"closed","template":"full_width.php","meta":{"footnotes":""},"_links":{"self":[{"href":"https:\/\/www.raccortubi.com\/pt-br\/wp-json\/wp\/v2\/pages\/2893"}],"collection":[{"href":"https:\/\/www.raccortubi.com\/pt-br\/wp-json\/wp\/v2\/pages"}],"about":[{"href":"https:\/\/www.raccortubi.com\/pt-br\/wp-json\/wp\/v2\/types\/page"}],"author":[{"embeddable":true,"href":"https:\/\/www.raccortubi.com\/pt-br\/wp-json\/wp\/v2\/users\/3"}],"replies":[{"embeddable":true,"href":"https:\/\/www.raccortubi.com\/pt-br\/wp-json\/wp\/v2\/comments?post=2893"}],"version-history":[{"count":7,"href":"https:\/\/www.raccortubi.com\/pt-br\/wp-json\/wp\/v2\/pages\/2893\/revisions"}],"predecessor-version":[{"id":11972,"href":"https:\/\/www.raccortubi.com\/pt-br\/wp-json\/wp\/v2\/pages\/2893\/revisions\/11972"}],"up":[{"embeddable":true,"href":"https:\/\/www.raccortubi.com\/pt-br\/wp-json\/wp\/v2\/pages\/2863"}],"wp:attachment":[{"href":"https:\/\/www.raccortubi.com\/pt-br\/wp-json\/wp\/v2\/media?parent=2893"}],"curies":[{"name":"wp","href":"https:\/\/api.w.org\/{rel}","templated":true}]}}