{"id":2889,"date":"2018-01-10T15:48:21","date_gmt":"2018-01-10T15:48:21","guid":{"rendered":"https:\/\/www.raccortubi.com\/nosso-grupo\/raccortubi-norsk\/"},"modified":"2024-02-26T09:23:24","modified_gmt":"2024-02-26T09:23:24","slug":"raccortubi-uk","status":"publish","type":"page","link":"https:\/\/www.raccortubi.com\/pt-br\/nosso-grupo\/raccortubi-uk\/","title":{"rendered":"Raccortubi UK"},"content":{"rendered":"<p>[vc_row css_animation=&#8221;&#8221; row_type=&#8221;row&#8221; use_row_as_full_screen_section=&#8221;no&#8221; type=&#8221;grid&#8221; angled_section=&#8221;no&#8221; text_align=&#8221;left&#8221; background_image_as_pattern=&#8221;without_pattern&#8221; css=&#8221;.vc_custom_1516956748173{margin-top: 5% !important;}&#8221; el_class=&#8221;hide_on_desktop&#8221;][vc_column offset=&#8221;vc_hidden-lg vc_hidden-md vc_hidden-sm&#8221;][vc_single_image image=&#8221;12339&#8243; img_size=&#8221;full&#8221; qode_css_animation=&#8221;&#8221; el_class=&#8221;logo_divisione&#8221; el_id=&#8221;hide_on_desktop&#8221;][vc_empty_space height=&#8221;15px&#8221;][\/vc_column][\/vc_row][vc_row css_animation=&#8221;&#8221; row_type=&#8221;row&#8221; use_row_as_full_screen_section=&#8221;no&#8221; type=&#8221;grid&#8221; angled_section=&#8221;no&#8221; text_align=&#8221;left&#8221; background_image_as_pattern=&#8221;without_pattern&#8221; css=&#8221;.vc_custom_1516956652230{margin-top: 2% !important;}&#8221;][vc_column width=&#8221;2\/3&#8243;][vc_column_text]<\/p>\n<h5>Com sede em Esc\u00f3cia (Aberdeen), a Raccortubi UK \u00e9 especializada em armazenar e distribuir tubos e acess\u00f3rios para\u00a0 aplica\u00e7\u00f5es cr\u00edticas. Em particular, para o setor de Oil &amp; Gas, para plantas de tratamento de \u00e1gua, usinas nucleares e projetos de <em>captura de carbono<\/em>.<\/h5>\n<p>[\/vc_column_text][vc_empty_space height=&#8221;30px&#8221;][vc_column_text]<\/p>\n<h5>Gra\u00e7as \u00e0 sua longa experi\u00eancia,<\/h5>\n<h1 class=\"classe_seo_2\">a Raccortubi UK \u00e9 capaz de atender as demandas de seus clientes locais de maneira r\u00e1pida e econ\u00f4mica.<\/h1>\n<p>[\/vc_column_text][vc_empty_space height=&#8221;30px&#8221;][\/vc_column][vc_column width=&#8221;1\/3&#8243; offset=&#8221;vc_hidden-xs&#8221;][vc_single_image image=&#8221;12339&#8243; img_size=&#8221;full&#8221; qode_css_animation=&#8221;&#8221; el_class=&#8221;logo_divisione&#8221;][\/vc_column][\/vc_row][vc_row css_animation=&#8221;&#8221; row_type=&#8221;row&#8221; use_row_as_full_screen_section=&#8221;no&#8221; type=&#8221;grid&#8221; angled_section=&#8221;no&#8221; text_align=&#8221;left&#8221; background_image_as_pattern=&#8221;without_pattern&#8221; row_negative_margin=&#8221;disable_negative_margin&#8221;][vc_column][vc_tabs style=&#8221;boxed&#8221; el_class=&#8221;tab_red&#8221;][vc_tab title=&#8221;CARACTER\u00cdSTICAS&#8221; tab_id=&#8221;396f2c87-5ee8-5&#8243;][vc_row_inner row_type=&#8221;row&#8221; type=&#8221;full_width&#8221; text_align=&#8221;left&#8221; css_animation=&#8221;&#8221;][vc_column_inner width=&#8221;1\/2&#8243;][vc_column_text css=&#8221;.vc_custom_1708939307981{margin-bottom: 3% !important;}&#8221;]A Raccortubi UK armazena e distribui <strong>tubos, conex\u00f5es e flanges em a\u00e7o inoxid\u00e1vel e ligas especiais<\/strong>, particularmente para plataformas offshore e aplica\u00e7\u00f5es em petr\u00f3leo e g\u00e1s.<\/p>\n<p>&nbsp;<\/p>\n<p>Atendendo desde pequenas demandas, oferece aos clientes um suporte personalizado em todas as etapas do processo de fornecimento, incluindo pacotes completos para grandes projetos, oferecendo material totalmente testado e certificado, tamb\u00e9m disponibilizando a forma\u00e7\u00e3o de estoques personalizados para contratos individuais, garantindo <strong>entregas em 24 horas<\/strong>.<\/p>\n<p>&nbsp;<\/p>\n<p>A configura\u00e7\u00e3o organizacional do Grupo, que combina perfeitamente a fabrica\u00e7\u00e3o e a distribui\u00e7\u00e3o, permite que a Raccortubi UK organize efetivamente qualquer entrega, tanto noReino Unido quanto internacionalmente.<\/p>\n<p>O reabastecimento consistente via as f\u00e1bricas italianas reduz as chances de indisponibilidade de produtos em estoque.<\/p>\n<p>&nbsp;<\/p>\n<p>A Raccortubi UK tamb\u00e9m possui uma oficina mec\u00e2nica interna, para dar assist\u00eancia e fornecer prazos de entrega r\u00e1pidos, com base nas solicita\u00e7\u00f5es dos clientes.<\/p>\n<p>&nbsp;<\/p>\n<p>A pedido, <strong>v\u00e1lvulas<\/strong> de todos os tipos, tamanhos, classes de press\u00e3o e qualidades de materiais tamb\u00e9m est\u00e3o dispon\u00edveis.<\/p>\n<p>&nbsp;<\/p>\n<p><strong>Solu\u00e7\u00f5es flex\u00edveis de alta qualidade, com boa rela\u00e7\u00e3o custo-benef\u00edcio e prazos curtos s\u00e3o os pilares da Raccortubi UK.<\/strong>[\/vc_column_text][vc_empty_space height=&#8221;30px&#8221;][\/vc_column_inner][vc_column_inner width=&#8221;1\/2&#8243;][vc_single_image image=&#8221;956&#8243; img_size=&#8221;full&#8221; alignment=&#8221;right&#8221; qode_css_animation=&#8221;&#8221; el_class=&#8221;filter_grayscale&#8221;][vc_empty_space height=&#8221;30px&#8221;][vc_column_text]<\/p>\n<p style=\"text-align: center;\">Veja <a href=\"https:\/\/www.youtube.com\/watch?v=V3DDYm8F2C8&amp;t=5s\" target=\"_blank\" rel=\"noopener\">aqui<\/a> o nosso v\u00eddeo de apresenta\u00e7\u00e3o<\/p>\n<p>[\/vc_column_text][\/vc_column_inner][\/vc_row_inner][vc_row_inner row_type=&#8221;row&#8221; type=&#8221;grid&#8221; text_align=&#8221;left&#8221; css_animation=&#8221;&#8221;][vc_column_inner width=&#8221;1\/2&#8243;][vc_single_image image=&#8221;926&#8243; img_size=&#8221;full&#8221; alignment=&#8221;right&#8221; qode_css_animation=&#8221;&#8221; el_class=&#8221;filter_grayscale&#8221;][vc_empty_space height=&#8221;30px&#8221;][\/vc_column_inner][vc_column_inner width=&#8221;1\/2&#8243;][vc_column_text]<\/p>\n<h4>QUALIDADE E ATENDIMENTO<\/h4>\n<p>A empresa tamb\u00e9m disponibiliza <strong>a estrutura de seu departamento de qualidade<\/strong> &#8211; testes de teor de ferrita, dureza, DPI, MPI, PMI, oferecendo tamb\u00e9m servi\u00e7o completo de an\u00e1lise qu\u00edmica e usinagem. Al\u00e9m disso, para completar todas as demandas dos clientes, a Raccortubi UK \u00e9 capaz de fornecer uma ampla personaliza\u00e7\u00e3o de pedidos, como codifica\u00e7\u00e3o por cores, marca\u00e7\u00e3o e embalagem especial.<\/p>\n<p>&nbsp;<\/p>\n<p>Com uma dedica\u00e7\u00e3o constante \u00e0 qualidade, a Raccortubi UK possui as mais diversas aprova\u00e7\u00f5es junto aos usu\u00e1rios finais e tamb\u00e9m <strong>est\u00e1 registrada na Achilles FPAL <\/strong>e na<strong> SEQual<\/strong>, uma exig\u00eancia essencial do mercado para distribuidores no Reino Unido, sinal do compromisso do Grupo em buscar as melhores pr\u00e1ticas tamb\u00e9m quando se trata de processos de gest\u00e3o de suprimentos.<\/p>\n<p>No fim, a Raccortubi UK \u00e9 certificado <strong>ISO 9001:2015<\/strong>. <strong>ISO 14001:2015<\/strong> e<strong> ISO 45001:2018<\/strong>.[\/vc_column_text][vc_empty_space height=&#8221;60px&#8221;][\/vc_column_inner][\/vc_row_inner][\/vc_tab][vc_tab title=&#8221;SOLU\u00c7\u00d5ES EM TUBOS E ACESS\u00d3RIOS&#8221; tab_id=&#8221;4e68dce0-7277-0&#8243;][vc_column_text]O estoque local da Raccortubi UK consiste em <strong>mais de 3000 toneladas<\/strong> de materiais dispon\u00edveis em tubos, conex\u00f5es e flanges em a\u00e7os inoxid\u00e1veis austen\u00edticos, duplex, super duplex, ligas de n\u00edquel e tit\u00e2nio\u00a0<strong>para\u00a0aplica\u00e7\u00f5es cr\u00edticas<\/strong>,\u00a0especialmente\u00a0para\u00a0<strong>plataformas offshore\u00a0<\/strong>e o setor de <strong>Oil &amp; Gas<\/strong>, para plantas de <strong>tratamento de \u00e1gua<\/strong>, <strong>usinas nucleares<\/strong> e projetos de <strong><em>captura de carbono<\/em><\/strong>.<\/p>\n<p>&nbsp;<\/p>\n<p>Al\u00e9m disso, a Raccortubi UK pode fornecer <strong>v\u00e1lvulas<\/strong> de todos os tipos, tamanhos, classes de press\u00e3o e qualidades de materiais, para completar a oferta.<\/p>\n<p>&nbsp;<\/p>\n<p>A Raccortubi UK se configura como um \u00fanico interlocutor para cada necessidade do cliente, com capacidade de fornecer pacotes completos para projetos, mesmo os mais heterog\u00eaneos, de forma r\u00e1pida e econ\u00f4mica.[\/vc_column_text][vc_empty_space height=&#8221;30px&#8221;][vc_row_inner row_type=&#8221;row&#8221; type=&#8221;grid&#8221; text_align=&#8221;left&#8221; padding_top=&#8221;30&#8243; css_animation=&#8221;&#8221; css=&#8221;.vc_custom_1516900775681{background-image: url(https:\/\/www.raccortubi.com\/wp-content\/uploads\/2018\/01\/raccortubi_norsk_img_3-1.jpg?id=948) !important;background-position: center !important;background-repeat: no-repeat !important;background-size: cover !important;}&#8221;][vc_column_inner el_class=&#8221;link-miki&#8221; width=&#8221;1\/2&#8243;][vc_column_text css=&#8221;.vc_custom_1681307198453{padding-right: 30px !important;padding-left: 30px !important;}&#8221;]<\/p>\n<h3 style=\"padding-bottom: 20px;\"><span style=\"color: #ffffff;\">Distribui\u00e7\u00e3o<\/span><\/h3>\n<p><strong><span style=\"color: #ffffff; text-transform: uppercase;\">A\u00c7O INOXID\u00c1VEL AUSTEN\u00cdTICO, DUPLEX, SUPER DUPLEX, 6MO, LIGAS DE N\u00cdQUEL, TIT\u00c2NIO<br \/>\n<\/span><\/strong><\/p>\n<p><span style=\"color: #ffffff;\">\u2022 <a href=\"https:\/\/www.raccortubi.com\/pt-br\/distribuicao-tubos-plantas-industriais-brasil\/\">Tubos<\/a><\/span><\/p>\n<p><span style=\"color: #ffffff;\">\u2022 <a href=\"https:\/\/www.raccortubi.com\/pt-br\/producao-conexoes-solda-de-topo\/\">Conex\u00f5es<\/a><\/span><\/p>\n<p><span style=\"color: #ffffff;\">\u2022 <a href=\"https:\/\/www.raccortubi.com\/pt-br\/distribuicao-flanges-de-pescoco-cegos-roscados\/\">Flanges<\/a><\/span>[\/vc_column_text][vc_empty_space height=&#8221;30px&#8221;][\/vc_column_inner][vc_column_inner width=&#8221;1\/2&#8243;][vc_column_text css=&#8221;.vc_custom_1681307235750{padding-right: 30px !important;padding-left: 30px !important;}&#8221;]<\/p>\n<h3 style=\"padding-bottom: 20px;\"><span style=\"color: #ffffff;\">Fabrica\u00e7\u00e3o<\/span><\/h3>\n<p><span style=\"color: #ffffff; text-transform: uppercase;\"><strong>A\u00c7O INOXID\u00c1VEL E LIGAS ESPECIAIS<\/strong><\/span><\/p>\n<p><span style=\"color: #ffffff;\">Curvas de raio longo\/curto \/ t\u00eas \/ redu\u00e7\u00f5es \/ caps:<\/span><\/p>\n<p><span style=\"color: #ffffff;\">\u2022 sem costura \u00bd\u201d (21.3 mm) &gt; 16\u201d (406.4 mm)<\/span><\/p>\n<p><span style=\"color: #ffffff;\">\u2022 com costura 4\u201d (114.3 mm) &gt; 16\u201d (406.4 mm)<\/span><br \/>\n[\/vc_column_text][vc_empty_space height=&#8221;30px&#8221;][\/vc_column_inner][\/vc_row_inner][vc_empty_space height=&#8221;50px&#8221;][vc_column_text]<img decoding=\"async\" class=\"alignnone\" style=\"padding-right: 5px;\" src=\"\/wp-content\/uploads\/2017\/10\/download_icon.svg\" alt=\"\" width=\"20px\" height=\"20px\" \/><\/p>\n<h4><span style=\"color: #000000;\">DOWNLOAD:\u00a0<\/span><\/h4>\n<p style=\"text-align: left;\"><a href=\"https:\/\/www.raccortubi.com\/wp-content\/uploads\/2023\/10\/Raccortubi-Group_STOCKProdu\u00e7\u00e3o.pdf\" target=\"_blank\" rel=\"noopener\">Cat\u00e1logo de Produtos<\/a><\/p>\n<p>[\/vc_column_text][vc_empty_space height=&#8221;30px&#8221;][vc_row_inner row_type=&#8221;row&#8221; type=&#8221;grid&#8221; text_align=&#8221;left&#8221; padding_top=&#8221;30&#8243; css_animation=&#8221;&#8221; css=&#8221;.vc_custom_1681307324834{background-image: url(https:\/\/www.raccortubi.com\/wp-content\/uploads\/2023\/04\/ValvessuppliedbyRaccortubiNorsk.jpg?id=11051) !important;background-position: center !important;background-repeat: no-repeat !important;background-size: cover !important;}&#8221;][vc_column_inner width=&#8221;1\/2&#8243;][vc_column_text css=&#8221;.vc_custom_1681461630070{padding-right: 30px !important;padding-left: 30px !important;}&#8221;]<\/p>\n<h3 style=\"padding-bottom: 20px;\"><span style=\"color: #ffffff;\">V\u00e1lvulas<\/span><\/h3>\n<p><strong><span style=\"color: #ffffff; text-transform: uppercase;\">Tipos de v\u00e1lvulas<\/span><\/strong><\/p>\n<p><span style=\"color: #ffffff;\">\u2022Esfera (Ball)<br \/>\n\u2022Gaveta (Gate)<br \/>\n\u2022Globo (Globe)<br \/>\n\u2022Reten\u00e7\u00e3o (Check)<br \/>\n\u2022Borboleta (Butterfly)<br \/>\n\u2022Duplo Bloqueio &amp; Dreno (Double Block &amp; Bleed)<br \/>\n\u2022Agulha (Needle)<br \/>\n\u2022Criog\u00eanica<br \/>\n\u2022De condu\u00edte (Through Conduit)<br \/>\n\u2022Al\u00edvio &amp; Seguran\u00e7a (Control &amp; PSV)<\/span><\/p>\n<p>&nbsp;<\/p>\n<p><span style=\"color: #ffffff;\">\u2022Manual<\/span><br \/>\n<span style=\"color: #ffffff;\">\u2022Por Atuador Pneum\u00e1tico<\/span><br \/>\n<span style=\"color: #ffffff;\">\u2022Topside<\/span><br \/>\n<span style=\"color: #ffffff;\">\u2022Subsea<\/span><\/p>\n<p>&nbsp;<\/p>\n<p><span style=\"color: #ffffff;\">\u2022Di\u00e2metros: 1\/4\u2033 \u2013 60\u2033<\/span><br \/>\n<span style=\"color: #ffffff;\">\u2022Classes de press\u00e3o: 150 \u2013 2500lb, API 5k-15k<\/span>[\/vc_column_text][\/vc_column_inner][vc_column_inner width=&#8221;1\/2&#8243;][vc_column_text css=&#8221;.vc_custom_1681461309330{padding-right: 30px !important;padding-left: 30px !important;}&#8221;]<\/p>\n<h3 style=\"padding-bottom: 20px;\"><\/h3>\n<p>&nbsp;<\/p>\n<p><span style=\"color: #ffffff; text-transform: uppercase;\"><strong>materiais<\/strong><\/span><\/p>\n<p><span style=\"color: #ffffff;\">\u2022A\u00e7o carbono de baixa temperatura<br \/>\n\u2022A\u00e7o carbono<br \/>\n\u2022A\u00e7o inoxid\u00e1vel<br \/>\n\u2022Duplex e Super Duplex<br \/>\n\u2022Liga de a\u00e7o<\/span><\/p>\n<p>&nbsp;<\/p>\n<p><strong><span style=\"color: #ffffff; text-transform: uppercase;\">termina\u00e7\u00f5es com roscas ou encaixe para solda<\/span><\/strong><\/p>\n<p><span style=\"color: #ffffff;\">\u2022RF<br \/>\n\u2022RTJ<br \/>\n\u2022BW<br \/>\n\u2022SW<br \/>\n\u2022NPT<br \/>\n\u2022NPT X SW<br \/>\n\u2022HUB<br \/>\n<\/span>[\/vc_column_text][vc_empty_space height=&#8221;30px&#8221;][\/vc_column_inner][\/vc_row_inner][vc_empty_space height=&#8221;50px&#8221;][\/vc_tab][\/vc_tabs][\/vc_column][\/vc_row][vc_row css_animation=&#8221;&#8221; row_type=&#8221;row&#8221; use_row_as_full_screen_section=&#8221;no&#8221; type=&#8221;full_width&#8221; angled_section=&#8221;no&#8221; text_align=&#8221;left&#8221; background_image_as_pattern=&#8221;without_pattern&#8221;][vc_column][vc_empty_space height=&#8221;50px&#8221;][\/vc_column][\/vc_row][vc_row css_animation=&#8221;&#8221; row_type=&#8221;row&#8221; use_row_as_full_screen_section=&#8221;no&#8221; type=&#8221;grid&#8221; angled_section=&#8221;no&#8221; text_align=&#8221;left&#8221; background_image_as_pattern=&#8221;without_pattern&#8221; border_color=&#8221;#e42313&#8243; css=&#8221;.vc_custom_1516803384504{background-color: #c4c4c4 !important;}&#8221;][vc_column][vc_column_text css=&#8221;.vc_custom_1708939345565{padding-top: 5px !important;padding-bottom: 5px !important;}&#8221;]<\/p>\n<p style=\"text-align: center;\"><span style=\"font-size: 12px;\">Raccortubi UK Ltd. &#8211; Building 2 Woodburn Road &#8211; Blackburn Business Park &#8211; Blackburn &#8211; Aberdeen AB21 0PS &#8211; United Kingdom &#8211; Registrar of Companies for Scotland No. 290474<\/span><\/p>\n<p>[\/vc_column_text][\/vc_column][\/vc_row]<\/p>\n","protected":false},"excerpt":{"rendered":"<p>[vc_row css_animation=&#8221;&#8221; row_type=&#8221;row&#8221; use_row_as_full_screen_section=&#8221;no&#8221; type=&#8221;grid&#8221; angled_section=&#8221;no&#8221; text_align=&#8221;left&#8221; background_image_as_pattern=&#8221;without_pattern&#8221; css=&#8221;.vc_custom_1516956748173{margin-top: 5% !important;}&#8221; el_class=&#8221;hide_on_desktop&#8221;][vc_column offset=&#8221;vc_hidden-lg vc_hidden-md vc_hidden-sm&#8221;][vc_single_image image=&#8221;12339&#8243; img_size=&#8221;full&#8221; qode_css_animation=&#8221;&#8221; el_class=&#8221;logo_divisione&#8221; el_id=&#8221;hide_on_desktop&#8221;][vc_empty_space height=&#8221;15px&#8221;][\/vc_column][\/vc_row][vc_row css_animation=&#8221;&#8221; row_type=&#8221;row&#8221; use_row_as_full_screen_section=&#8221;no&#8221; type=&#8221;grid&#8221; angled_section=&#8221;no&#8221; text_align=&#8221;left&#8221; background_image_as_pattern=&#8221;without_pattern&#8221; css=&#8221;.vc_custom_1516956652230{margin-top: 2% !important;}&#8221;][vc_column width=&#8221;2\/3&#8243;][vc_column_text] Com sede em Esc\u00f3cia (Aberdeen), a Raccortubi UK \u00e9 especializada em armazenar e&#8230;<\/p>\n","protected":false},"author":3,"featured_media":0,"parent":2863,"menu_order":0,"comment_status":"open","ping_status":"closed","template":"full_width.php","meta":{"footnotes":""},"_links":{"self":[{"href":"https:\/\/www.raccortubi.com\/pt-br\/wp-json\/wp\/v2\/pages\/2889"}],"collection":[{"href":"https:\/\/www.raccortubi.com\/pt-br\/wp-json\/wp\/v2\/pages"}],"about":[{"href":"https:\/\/www.raccortubi.com\/pt-br\/wp-json\/wp\/v2\/types\/page"}],"author":[{"embeddable":true,"href":"https:\/\/www.raccortubi.com\/pt-br\/wp-json\/wp\/v2\/users\/3"}],"replies":[{"embeddable":true,"href":"https:\/\/www.raccortubi.com\/pt-br\/wp-json\/wp\/v2\/comments?post=2889"}],"version-history":[{"count":8,"href":"https:\/\/www.raccortubi.com\/pt-br\/wp-json\/wp\/v2\/pages\/2889\/revisions"}],"predecessor-version":[{"id":12365,"href":"https:\/\/www.raccortubi.com\/pt-br\/wp-json\/wp\/v2\/pages\/2889\/revisions\/12365"}],"up":[{"embeddable":true,"href":"https:\/\/www.raccortubi.com\/pt-br\/wp-json\/wp\/v2\/pages\/2863"}],"wp:attachment":[{"href":"https:\/\/www.raccortubi.com\/pt-br\/wp-json\/wp\/v2\/media?parent=2889"}],"curies":[{"name":"wp","href":"https:\/\/api.w.org\/{rel}","templated":true}]}}