{"id":2877,"date":"2018-02-07T14:04:54","date_gmt":"2018-02-07T14:04:54","guid":{"rendered":"https:\/\/www.raccortubi.com\/nosso-grupo\/raccortubi\/"},"modified":"2025-10-09T12:16:15","modified_gmt":"2025-10-09T12:16:15","slug":"raccortubi","status":"publish","type":"page","link":"https:\/\/www.raccortubi.com\/pt-br\/nosso-grupo\/raccortubi\/","title":{"rendered":"Raccortubi"},"content":{"rendered":"<p>[vc_row css_animation=&#8221;&#8221; row_type=&#8221;row&#8221; use_row_as_full_screen_section=&#8221;no&#8221; type=&#8221;full_width&#8221; angled_section=&#8221;no&#8221; text_align=&#8221;left&#8221; background_image_as_pattern=&#8221;without_pattern&#8221; css=&#8221;.vc_custom_1518600449118{margin-top: 2% !important;margin-bottom: 2% !important;background-image: url(https:\/\/www.raccortubi.com\/wp-content\/uploads\/2018\/02\/raccortubi_img_1-2.jpg?id=2034) !important;background-position: center !important;background-repeat: no-repeat !important;background-size: contain !important;}&#8221; el_class=&#8221;background_right_bottom&#8221;][vc_column][vc_row_inner row_type=&#8221;row&#8221; type=&#8221;grid&#8221; text_align=&#8221;left&#8221; css_animation=&#8221;&#8221;][vc_column_inner width=&#8221;2\/3&#8243; css=&#8221;.vc_custom_1516700802571{background-color: rgba(255,255,255,0.8) !important;*background-color: rgb(255,255,255) !important;}&#8221;][vc_column_text]<\/p>\n<h5>Fundada em 1949 como estoquista e distribuidor de tubos, conex\u00f5es e flanges, em diversas ligas para o mercado italiano,<\/h5>\n<h1 class=\"classe_seo_2\"><strong>a Raccortubi S.p.A. \u00e9 a sede do Grupo Raccortubi.<\/strong><\/h1>\n<p>[\/vc_column_text][vc_empty_space height=&#8221;30px&#8221;][vc_column_text css=&#8221;.vc_custom_1681304113889{padding-right: 30px !important;}&#8221;]<\/p>\n<p class=\"classe_seo_1\">Localizada em Marcallo con Casone, pr\u00f3ximo a Mil\u00e3o, a matriz coordena toda a <strong>rede de distribui\u00e7\u00e3o<\/strong>, tanto na It\u00e1lia como em todo o mundo, a fim de garantir a mais alta efici\u00eancia na gest\u00e3o das solu\u00e7\u00f5es que o Grupo Raccortubi pode oferecer tanto de suas unidades italianas, como das subsidi\u00e1rias no exterior localizadas em Dubai, Cingapura, Brasil e Reino Unido.<\/p>\n<p class=\"classe_seo_1\">Um completo estoque com mais de 6.000 itens de tubos e acess\u00f3rios em a\u00e7o inoxid\u00e1vel e ligas especiais, constantemente reabastecido via planejamento e controle integrado de<strong> produ\u00e7\u00e3o\u00a0 de conex\u00f5es tubulares para solda de topo<\/strong>, da f\u00e1brica,<a href=\"https:\/\/www.raccortubi.com\/pt-br\/nosso-grupo\/tecninox\/\">Tecninox<\/a>.<\/p>\n<p class=\"classe_seo_1\">Tudo isso combinado \u00e0s parcerias com fornecedores estrat\u00e9gicos, garante a Raccortubi a capacidade de fornecer solu\u00e7\u00f5es completas em tubos e acess\u00f3rios, adaptados \u00e0s necessidades espec\u00edficas dos clientes, tanto para demandas pontuais quanto para <strong><a href=\"https:\/\/www.raccortubi.com\/pt-br\/nossas-solucoes\/fornecimento-sistemas-tubulacao-industrial\/\">projetos<\/a> complexos<\/strong>.<\/p>\n<p>[\/vc_column_text][vc_empty_space height=&#8221;50px&#8221;][vc_column_text css=&#8221;.vc_custom_1760012173024{padding-right: 30px !important;}&#8221;]<img decoding=\"async\" class=\"alignnone\" style=\"padding-right: 5px;\" src=\"\/wp-content\/uploads\/2017\/10\/download_icon.svg\" alt=\"\" width=\"20px\" height=\"20px\" \/><\/p>\n<h4><span style=\"color: #000000;\">DOWNLOAD:\u00a0<\/span><\/h4>\n<p style=\"text-align: left;\"><span style=\"color: #000000;\"><a href=\"https:\/\/www.raccortubi.com\/wp-content\/uploads\/2023\/10\/Raccortubi-Group_Porque-escolher-nos.pdf\" target=\"_blank\" rel=\"noopener\">Material informativo<\/a> \/<a href=\"https:\/\/www.raccortubi.com\/wp-content\/uploads\/2023\/10\/Raccortubi-Group_STOCKProdu\u00e7\u00e3o.pdf\" target=\"_blank\" rel=\"noopener\"> Programa de estoque e faixa de fabrica\u00e7\u00e3o<\/a> \/\u00a0<a class=\"\" href=\"https:\/\/www.raccortubi.com\/wp-content\/uploads\/2018\/04\/CODIGO-ETICO-rtxgroup-PT-spreads.pdf\" target=\"_blank\" rel=\"noopener\">C\u00f3digo de Conduta<\/a><\/span> \/ <a href=\"https:\/\/www.raccortubi.com\/wp-content\/uploads\/2024\/08\/RT_policy-HSE_2023_EN.pdf\">Pol\u00edtica HSE<\/a> \/ <a href=\"https:\/\/www.raccortubi.com\/wp-content\/uploads\/2025\/10\/ISO_9001-ENG-C651062-4-20250922.pdf\" target=\"_blank\" rel=\"noopener\">ISO 9001:2015<\/a> \/\u00a0<a href=\"https:\/\/www.raccortubi.com\/wp-content\/uploads\/2025\/04\/RT_45001-ENG.pdf\" target=\"_blank\" rel=\"noopener\">ISO 45001:2018<\/a>\u00a0\/ <a href=\"https:\/\/www.raccortubi.com\/wp-content\/uploads\/2025\/06\/ISO_14001-ENG-C736048-1-20250521.pdf\" target=\"_blank\" rel=\"noopener\">ISO 14001:2015<\/a>\u00a0\/\u00a0<a href=\"https:\/\/www.raccortubi.com\/wp-content\/uploads\/2022\/12\/Raccortubi-Group_Environmental-labelling.pdf\">\u00a0Rotulagem ambiental\u00a0<\/a><\/p>\n<p>[\/vc_column_text][vc_empty_space height=&#8221;50px&#8221;][\/vc_column_inner][vc_column_inner width=&#8221;1\/3&#8243;][\/vc_column_inner][\/vc_row_inner][\/vc_column][\/vc_row][vc_row css_animation=&#8221;&#8221; row_type=&#8221;row&#8221; use_row_as_full_screen_section=&#8221;no&#8221; type=&#8221;grid&#8221; angled_section=&#8221;no&#8221; text_align=&#8221;left&#8221; background_image_as_pattern=&#8221;without_pattern&#8221;][vc_column][vc_gallery type=&#8221;image_grid&#8221; images=&#8221;2036,2037&#8243; img_size=&#8221;full&#8221; onclick=&#8221;&#8221; column_number=&#8221;2&#8243; grayscale=&#8221;yes&#8221; images_space=&#8221;gallery_with_space&#8221; el_class=&#8221;filter_grayscale&#8221;][vc_empty_space height=&#8221;50px&#8221;][\/vc_column][\/vc_row]<\/p>\n","protected":false},"excerpt":{"rendered":"<p>[vc_row css_animation=&#8221;&#8221; row_type=&#8221;row&#8221; use_row_as_full_screen_section=&#8221;no&#8221; type=&#8221;full_width&#8221; angled_section=&#8221;no&#8221; text_align=&#8221;left&#8221; background_image_as_pattern=&#8221;without_pattern&#8221; css=&#8221;.vc_custom_1518600449118{margin-top: 2% !important;margin-bottom: 2% !important;background-image: url(https:\/\/www.raccortubi.com\/wp-content\/uploads\/2018\/02\/raccortubi_img_1-2.jpg?id=2034) !important;background-position: center !important;background-repeat: no-repeat !important;background-size: contain !important;}&#8221; el_class=&#8221;background_right_bottom&#8221;][vc_column][vc_row_inner row_type=&#8221;row&#8221; type=&#8221;grid&#8221; text_align=&#8221;left&#8221; css_animation=&#8221;&#8221;][vc_column_inner width=&#8221;2\/3&#8243; css=&#8221;.vc_custom_1516700802571{background-color: rgba(255,255,255,0.8) !important;*background-color: rgb(255,255,255) !important;}&#8221;][vc_column_text] Fundada em 1949 como estoquista e distribuidor de tubos, conex\u00f5es e flanges, em&#8230;<\/p>\n","protected":false},"author":3,"featured_media":0,"parent":2863,"menu_order":0,"comment_status":"open","ping_status":"closed","template":"full_width.php","meta":{"footnotes":""},"_links":{"self":[{"href":"https:\/\/www.raccortubi.com\/pt-br\/wp-json\/wp\/v2\/pages\/2877"}],"collection":[{"href":"https:\/\/www.raccortubi.com\/pt-br\/wp-json\/wp\/v2\/pages"}],"about":[{"href":"https:\/\/www.raccortubi.com\/pt-br\/wp-json\/wp\/v2\/types\/page"}],"author":[{"embeddable":true,"href":"https:\/\/www.raccortubi.com\/pt-br\/wp-json\/wp\/v2\/users\/3"}],"replies":[{"embeddable":true,"href":"https:\/\/www.raccortubi.com\/pt-br\/wp-json\/wp\/v2\/comments?post=2877"}],"version-history":[{"count":19,"href":"https:\/\/www.raccortubi.com\/pt-br\/wp-json\/wp\/v2\/pages\/2877\/revisions"}],"predecessor-version":[{"id":12836,"href":"https:\/\/www.raccortubi.com\/pt-br\/wp-json\/wp\/v2\/pages\/2877\/revisions\/12836"}],"up":[{"embeddable":true,"href":"https:\/\/www.raccortubi.com\/pt-br\/wp-json\/wp\/v2\/pages\/2863"}],"wp:attachment":[{"href":"https:\/\/www.raccortubi.com\/pt-br\/wp-json\/wp\/v2\/media?parent=2877"}],"curies":[{"name":"wp","href":"https:\/\/api.w.org\/{rel}","templated":true}]}}