{"id":2867,"date":"2017-10-30T17:44:48","date_gmt":"2017-10-30T17:44:48","guid":{"rendered":"https:\/\/www.raccortubi.com\/nosso-grupo\/chi-siamo\/"},"modified":"2024-02-26T09:40:19","modified_gmt":"2024-02-26T09:40:19","slug":"estoque-conexoes-solda-de-topo","status":"publish","type":"page","link":"https:\/\/www.raccortubi.com\/pt-br\/nosso-grupo\/estoque-conexoes-solda-de-topo\/","title":{"rendered":"Quem Somos"},"content":{"rendered":"<p>[vc_row css_animation=&#8221;&#8221; row_type=&#8221;row&#8221; use_row_as_full_screen_section=&#8221;no&#8221; type=&#8221;full_width&#8221; angled_section=&#8221;no&#8221; text_align=&#8221;left&#8221; background_image=&#8221;1722&#8243; background_image_as_pattern=&#8221;without_pattern&#8221; el_class=&#8221;homepage_img_1&#8243; css=&#8221;.vc_custom_1517754686298{padding-top: 3% !important;padding-bottom: 10% !important;background-image: url(https:\/\/www.raccortubi.com\/wp-content\/uploads\/2017\/10\/chi_siamo_img_1-2.jpg?id=1729) !important;background-position: center !important;background-repeat: no-repeat !important;background-size: cover !important;}&#8221;][vc_column][vc_row_inner row_type=&#8221;row&#8221; type=&#8221;grid&#8221; text_align=&#8221;left&#8221; css_animation=&#8221;&#8221; css=&#8221;.vc_custom_1517408052259{margin-top: 2% !important;}&#8221;][vc_column_inner el_class=&#8221;background_mobile&#8221; width=&#8221;1\/2&#8243;][vc_column_text]<\/p>\n<h1 class=\"classe_seo_2\">Fabricante, estoquista e distribuidor<\/h1>\n<h2 class=\"classe_seo_3\">de produtos tubulares utilizados em aplica\u00e7\u00f5es cr\u00edticas, como plantas qu\u00edmicas e petroqu\u00edmicas, estaleiros navais, plantas de fertilizantes e plataformas offshore, desde sua funda\u00e7\u00e3o na It\u00e1lia em 1949.<\/h2>\n<p>[\/vc_column_text][vc_empty_space height=&#8221;30px&#8221;][vc_column_text css=&#8221;.vc_custom_1681302026828{padding-right: 30px !important;}&#8221;]Especialistas na produ\u00e7\u00e3o integrada e distribui\u00e7\u00e3o de <strong>conex\u00f5es de \u00bd\u201d at\u00e9 16\u201d<\/strong>, em ligas especiais como <strong>a\u00e7os inoxid\u00e1veis, duplex, super duplex, 6Mo, ligas de Ni e Ti<\/strong>, tubos, conex\u00f5es e flanges, via estoque ou atendimento a projetos com requisi\u00e7\u00f5es especiais.<\/p>\n<p>Ampla gama de produtos nos mais variados di\u00e2metros e espessuras, disponibilizados a partir de filiais que atendem o mundo todo. Seja atrav\u00e9s do estoque principal em Marcallo con Casone (Mil\u00e3o, It\u00e1lia) ou via suas unidades de neg\u00f3cios, estrategicamente localizadas no Brasil, Dubai, Cingapura e Reino Unido.[\/vc_column_text][vc_empty_space height=&#8221;30px&#8221;][\/vc_column_inner][vc_column_inner width=&#8221;1\/2&#8243;][\/vc_column_inner][\/vc_row_inner][\/vc_column][\/vc_row][vc_row row_type=&#8221;parallax&#8221; parallax_content_width=&#8221;in_grid&#8221; text_align=&#8221;left&#8221; background_image=&#8221;713&#8243; full_screen_section_height=&#8221;no&#8221;][vc_column offset=&#8221;vc_hidden-sm vc_hidden-xs&#8221;][vc_row_inner row_type=&#8221;row&#8221; type=&#8221;grid&#8221; text_align=&#8221;left&#8221; css_animation=&#8221;&#8221;][vc_column_inner][vc_empty_space height=&#8221;60px&#8221;][vc_column_text]<\/p>\n<p style=\"text-align: center;\"><span style=\"font-size: 24px; font-weight: 900; line-height: 50px; color: #ffffff;\">Miss\u00e3o<\/span><br \/>\n<span style=\"font-size: 32px; font-weight: 100; line-height: 36px; color: #ffffff;\">Fornecer globalmente e de forma eficiente tubos e acess\u00f3rios de alt\u00edssima qualidade utilizados em aplica\u00e7\u00f5es cr\u00edticas, combinando atividades de fabrica\u00e7\u00e3o e distribui\u00e7\u00e3o, superando \u00e0s expectativas dos clientes, na prote\u00e7\u00e3o total da sa\u00fade, seguran\u00e7a e meio ambiente.<\/span><\/p>\n<p>[\/vc_column_text][vc_empty_space height=&#8221;60px&#8221;][vc_column_text]<\/p>\n<p style=\"text-align: center;\"><span style=\"font-size: 24px; font-weight: 900; line-height: 50px; color: #ffffff;\">Vis\u00e3o<\/span><br \/>\n<span style=\"font-size: 32px; font-weight: 100; line-height: 36px; color: #ffffff;\">N\u00f3s facilitamos a vida de nossos clientes, aliando a experi\u00eancia e a capacidade de um fabricante integrado \u00e0 flexibilidade de um distribuidor.<\/span><\/p>\n<p>[\/vc_column_text][vc_empty_space height=&#8221;60px&#8221;][\/vc_column_inner][\/vc_row_inner][\/vc_column][\/vc_row][vc_row css_animation=&#8221;&#8221; row_type=&#8221;row&#8221; use_row_as_full_screen_section=&#8221;no&#8221; type=&#8221;full_width&#8221; angled_section=&#8221;no&#8221; text_align=&#8221;left&#8221; background_image=&#8221;713&#8243; background_image_as_pattern=&#8221;without_pattern&#8221;][vc_column offset=&#8221;vc_hidden-lg vc_hidden-md&#8221;][vc_row_inner row_type=&#8221;row&#8221; type=&#8221;grid&#8221; text_align=&#8221;left&#8221; css_animation=&#8221;&#8221;][vc_column_inner][vc_empty_space height=&#8221;60px&#8221;][vc_column_text]<\/p>\n<p style=\"text-align: center;\"><span style=\"font-size: 24px; font-weight: 300; line-height: 50px; color: #ffffff;\">Miss\u00e3o<\/span><br \/>\n<span style=\"font-size: 32px; font-weight: 300; line-height: 36px; color: #ffffff;\">Fornecer globalmente e de forma eficiente tubos e acess\u00f3rios de alt\u00edssima qualidade utilizados em aplica\u00e7\u00f5es cr\u00edticas, combinando atividades de fabrica\u00e7\u00e3o e distribui\u00e7\u00e3o, superando \u00e0s expectativas dos clientes.<\/span><\/p>\n<p>[\/vc_column_text][vc_empty_space height=&#8221;60px&#8221;][vc_column_text]<\/p>\n<p style=\"text-align: center;\"><span style=\"font-size: 24px; font-weight: 300; line-height: 50px; color: #ffffff;\">Vis\u00e3o<\/span><br \/>\n<span style=\"font-size: 32px; font-weight: 300; line-height: 36px; color: #ffffff;\">N\u00f3s facilitamos a vida de nossos clientes, aliando a experi\u00eancia e a capacidade de um fabricante integrado \u00e0 flexibilidade de um distribuidor.<\/span><\/p>\n<p>[\/vc_column_text][vc_empty_space height=&#8221;60px&#8221;][\/vc_column_inner][\/vc_row_inner][\/vc_column][\/vc_row][vc_row css_animation=&#8221;&#8221; row_type=&#8221;row&#8221; use_row_as_full_screen_section=&#8221;no&#8221; type=&#8221;full_width&#8221; angled_section=&#8221;no&#8221; text_align=&#8221;left&#8221; background_image_as_pattern=&#8221;without_pattern&#8221; css=&#8221;.vc_custom_1518014598859{margin-top: 3% !important;margin-bottom: 3% !important;}&#8221;][vc_column][vc_row_inner row_type=&#8221;row&#8221; type=&#8221;grid&#8221; text_align=&#8221;left&#8221; css_animation=&#8221;&#8221;][vc_column_inner width=&#8221;1\/2&#8243;][vc_empty_space height=&#8221;30px&#8221;][vc_single_image image=&#8221;12371&#8243; img_size=&#8221;full&#8221; qode_css_animation=&#8221;&#8221;][\/vc_column_inner][vc_column_inner el_class=&#8221;background_mobile&#8221; width=&#8221;1\/2&#8243; css=&#8221;.vc_custom_1517754621704{background-color: rgba(255,255,255,0.85) !important;*background-color: rgb(255,255,255) !important;}&#8221;][vc_column_text]<\/p>\n<h1 class=\"classe_seo_2\">A perfeita combina\u00e7\u00e3o de <strong>Local<\/strong> e <strong>Global<\/strong><\/h1>\n<h2 class=\"classe_seo_3\">gra\u00e7as \u00e0 sinergia entre a fabrica\u00e7\u00e3o &#8211; centralizada na It\u00e1lia &#8211; e a rede de distribui\u00e7\u00e3o internacional. Esse diferencial possibilita reduzir tempo e custos log\u00edsticos, da mesma forma que permite ao Grupo entender de perto as necessidades dos clientes atrav\u00e9s de suas unidades de neg\u00f3cios.<\/h2>\n<p>[\/vc_column_text][vc_empty_space height=&#8221;30px&#8221;][vc_column_text css=&#8221;.vc_custom_1523632463962{padding-right: 30px !important;}&#8221;]Experi\u00eancia, flexibilidade, adaptabilidade e capacidade de resposta, juntamente com a garantia de qualidade certificada, tornam a Raccortubi <strong>um parceiro ideal para solu\u00e7\u00f5es em sistemas de tubula\u00e7\u00e3o.<\/strong>[\/vc_column_text][vc_empty_space height=&#8221;30px&#8221;][vc_column_text css=&#8221;.vc_custom_1695287921552{padding-right: 30px !important;}&#8221;]Desde 2023 que fazemos parte do <strong><a href=\"http:\/\/www.ctaspa.com\" target=\"_blank\" rel=\"noopener\">Grupo CTA<\/a><\/strong>.[\/vc_column_text][vc_separator type=&#8221;normal&#8221;][vc_column_text]<img decoding=\"async\" class=\"alignnone\" src=\"https:\/\/www.raccortubi.com\/wp-content\/uploads\/2017\/10\/download_icon.svg\" alt=\"\" width=\"20px\" height=\"20px\" \/><\/p>\n<h4>DOWNLOAD:<\/h4>\n<p><a href=\"https:\/\/www.raccortubi.com\/wp-content\/uploads\/2024\/02\/Raccortubi-Materiale-informativo-aggiornato_2024_quartino-EN.pdf\" target=\"_blank\" rel=\"noopener\">Porque escolher-nos<\/a>[\/vc_column_text][\/vc_column_inner][\/vc_row_inner][\/vc_column][\/vc_row][vc_row css_animation=&#8221;&#8221; row_type=&#8221;row&#8221; use_row_as_full_screen_section=&#8221;no&#8221; type=&#8221;grid&#8221; angled_section=&#8221;no&#8221; text_align=&#8221;left&#8221; background_image_as_pattern=&#8221;without_pattern&#8221;][vc_column][vc_empty_space height=&#8221;70px&#8221;][\/vc_column][\/vc_row]<\/p>\n","protected":false},"excerpt":{"rendered":"<p>[vc_row css_animation=&#8221;&#8221; row_type=&#8221;row&#8221; use_row_as_full_screen_section=&#8221;no&#8221; type=&#8221;full_width&#8221; angled_section=&#8221;no&#8221; text_align=&#8221;left&#8221; background_image=&#8221;1722&#8243; background_image_as_pattern=&#8221;without_pattern&#8221; el_class=&#8221;homepage_img_1&#8243; css=&#8221;.vc_custom_1517754686298{padding-top: 3% !important;padding-bottom: 10% !important;background-image: url(https:\/\/www.raccortubi.com\/wp-content\/uploads\/2017\/10\/chi_siamo_img_1-2.jpg?id=1729) !important;background-position: center !important;background-repeat: no-repeat !important;background-size: cover !important;}&#8221;][vc_column][vc_row_inner row_type=&#8221;row&#8221; type=&#8221;grid&#8221; text_align=&#8221;left&#8221; css_animation=&#8221;&#8221; css=&#8221;.vc_custom_1517408052259{margin-top: 2% !important;}&#8221;][vc_column_inner el_class=&#8221;background_mobile&#8221; width=&#8221;1\/2&#8243;][vc_column_text] Fabricante, estoquista e distribuidor de produtos tubulares utilizados em aplica\u00e7\u00f5es cr\u00edticas, como plantas&#8230;<\/p>\n","protected":false},"author":3,"featured_media":0,"parent":2863,"menu_order":0,"comment_status":"open","ping_status":"closed","template":"full_width.php","meta":{"footnotes":""},"_links":{"self":[{"href":"https:\/\/www.raccortubi.com\/pt-br\/wp-json\/wp\/v2\/pages\/2867"}],"collection":[{"href":"https:\/\/www.raccortubi.com\/pt-br\/wp-json\/wp\/v2\/pages"}],"about":[{"href":"https:\/\/www.raccortubi.com\/pt-br\/wp-json\/wp\/v2\/types\/page"}],"author":[{"embeddable":true,"href":"https:\/\/www.raccortubi.com\/pt-br\/wp-json\/wp\/v2\/users\/3"}],"replies":[{"embeddable":true,"href":"https:\/\/www.raccortubi.com\/pt-br\/wp-json\/wp\/v2\/comments?post=2867"}],"version-history":[{"count":10,"href":"https:\/\/www.raccortubi.com\/pt-br\/wp-json\/wp\/v2\/pages\/2867\/revisions"}],"predecessor-version":[{"id":12375,"href":"https:\/\/www.raccortubi.com\/pt-br\/wp-json\/wp\/v2\/pages\/2867\/revisions\/12375"}],"up":[{"embeddable":true,"href":"https:\/\/www.raccortubi.com\/pt-br\/wp-json\/wp\/v2\/pages\/2863"}],"wp:attachment":[{"href":"https:\/\/www.raccortubi.com\/pt-br\/wp-json\/wp\/v2\/media?parent=2867"}],"curies":[{"name":"wp","href":"https:\/\/api.w.org\/{rel}","templated":true}]}}