{"id":8587,"date":"2021-03-26T10:11:40","date_gmt":"2021-03-26T10:11:40","guid":{"rendered":"https:\/\/www.raccortubi.com\/tubi\/"},"modified":"2023-10-05T14:49:38","modified_gmt":"2023-10-05T14:49:38","slug":"distribucion-tuberia-plantas-industriales","status":"publish","type":"page","link":"https:\/\/www.raccortubi.com\/es\/distribucion-tuberia-plantas-industriales\/","title":{"rendered":"Tuber\u00eda"},"content":{"rendered":"<p>[vc_row css_animation=&#8221;&#8221; row_type=&#8221;row&#8221; use_row_as_full_screen_section=&#8221;no&#8221; type=&#8221;full_width&#8221; angled_section=&#8221;no&#8221; text_align=&#8221;left&#8221; background_image=&#8221;1722&#8243; background_image_as_pattern=&#8221;without_pattern&#8221; el_class=&#8221;homepage_img_1&#8243; css=&#8221;.vc_custom_1617983447828{background-image: url(https:\/\/www.raccortubi.com\/wp-content\/uploads\/2021\/04\/Tubi2_bg_image.jpg?id=8386) !important;background-position: center !important;background-repeat: no-repeat !important;background-size: cover !important;}&#8221;][vc_column][vc_row_inner row_type=&#8221;row&#8221; type=&#8221;grid&#8221; text_align=&#8221;left&#8221; css_animation=&#8221;&#8221; css=&#8221;.vc_custom_1517408052259{margin-top: 2% !important;}&#8221;][vc_column_inner el_class=&#8221;background_mobile&#8221; width=&#8221;1\/2&#8243;][vc_column_text]<span style=\"font-size: 40px; font-weight: 500; font-family: roboto, sans-serif; line-height: 50px;\">TUBER\u00cdA<\/span>[\/vc_column_text][vc_empty_space height=&#8221;20px&#8221;][vc_column_text css=&#8221;.vc_custom_1684922662074{padding-right: 30px !important;}&#8221;]Ofrecemos <strong> soluciones completas <\/strong> para sus proyectos.<br \/>\nAdem\u00e1s de <a href=\"https:\/\/www.raccortubi.com\/es\/produccion-accesorios-soldar-a-tope\/\"> accesorios <\/a> y <a href=\"https:\/\/www.raccortubi.com\/es\/distribucion-bridas-con-cuello-ciegas-roscadas\/\">bridas<\/a>, suministramos tuber\u00eda<a href=\"https:\/\/www.raccortubi.com\/es\/distribucion-tuberia-plantas-industriales\/distribucion-tubos-con-costura\/\"> con costura<\/a> y <a href=\"https:\/\/www.raccortubi.com\/es\/distribucion-tuberia-plantas-industriales\/distribucion-tubos-sin-costura\/\">sin costura<\/a>, de fabricantes calificados, en una amplia variedad de aleaciones y di\u00e1metros.<\/p>\n<p>&nbsp;<\/p>\n<p>Nuestros materiales son ideales para las aplicaciones m\u00e1s cr\u00edticas:<\/p>\n<p>naval, centrales nucleares, qu\u00edmica y farmac\u00e9utica, desalinizaci\u00f3n, fertilizantes, green chem, oil&amp;gas, offshore, petroqu\u00edmica, energ\u00edas renovables (solar, e\u00f3lica, geot\u00e9rmica, etc.), tratamiento de aguas, producci\u00f3n de hidr\u00f3geno, alimentaci\u00f3n y bebidas, etc.<\/p>\n<p>&nbsp;<\/p>\n<p>Tambi\u00e9n contamos con un suministro consolidado de<strong><a href=\"https:\/\/www.raccortubi.com\/es\/distribucion-tuberia-plantas-industriales\/distribucion-tubos-intercambiadores-de-calor\/\"> tubos intercambiadores de calor<\/a> <\/strong>de acero inoxidable sin soldadura (316\/316L) y d\u00faplex (UNS S31803\/S32205), de acuerdo con las normas A 213 y A 789.<\/p>\n<p>Los tubos, con una longitud m\u00e1xima de 12,2 metros y un di\u00e1metro exterior de 19,05 mm y 25,4 mm, se pueden cortar a medida en base a la solicitud espec\u00edfica del cliente gracias al uso de equipos de \u00faltima generaci\u00f3n que permiten el cumplimiento exacto tolerancias.<\/p>\n<p>Todas las operaciones se realizan internamente, reduciendo considerablemente los tiempos de entrega.<\/p>\n<p>&nbsp;<\/p>\n<p>Elija, dentro de nuestra red de <a href=\"https:\/\/www.raccortubi.com\/es\/nuestras-soluciones\/distribucion-bridas-tubos-acero-niquel-titanio\/\"><strong> distribuci\u00f3n global<\/strong><\/a>, la unidad m\u00e1s cercana a usted, en Italia, Brasil, Dubai, Reino Unido y Singapur.[\/vc_column_text][vc_empty_space height=&#8221;30px&#8221;][\/vc_column_inner][vc_column_inner width=&#8221;1\/2&#8243;][\/vc_column_inner][\/vc_row_inner][\/vc_column][\/vc_row][vc_row css_animation=&#8221;&#8221; row_type=&#8221;row&#8221; use_row_as_full_screen_section=&#8221;no&#8221; type=&#8221;grid&#8221; angled_section=&#8221;no&#8221; text_align=&#8221;left&#8221; background_image_as_pattern=&#8221;without_pattern&#8221; background_color=&#8221;rgba(247,247,247,0.77)&#8221;][vc_column][vc_empty_space height=&#8221;70px&#8221;][vc_row_inner row_type=&#8221;row&#8221; type=&#8221;full_width&#8221; text_align=&#8221;left&#8221; css_animation=&#8221;&#8221; el_class=&#8221;box-prodotti&#8221;][vc_column_inner width=&#8221;1\/3&#8243;]<div class='image_hover hovered' style='' data-transition-delay='0.5'><div class='images_holder'><a itemprop='url' href='https:\/\/www.raccortubi.com\/es\/distribucion-tuberia-plantas-industriales\/distribucion-tubos-sin-costura\/' target='_self'><img itemprop='image' class='active_image ' src='https:\/\/www.raccortubi.com\/wp-content\/uploads\/2021\/04\/01790_PIPE_1.jpg' alt='' style='' \/><img itemprop='image' class='hover_image' src='https:\/\/www.raccortubi.com\/wp-content\/uploads\/2021\/04\/01790_PIPE_1.gif' alt='' style='' \/><\/a><\/div><\/div>[vc_column_text el_class=&#8221;prodotto-macro&#8221;]<\/p>\n<h4><span style=\"color: #ffffff;\">TUBOS SIN COSTURA<\/span><\/h4>\n<p>[\/vc_column_text][vc_empty_space height=&#8221;45px&#8221;][\/vc_column_inner][vc_column_inner width=&#8221;1\/3&#8243;]<div class='image_hover hovered' style='' data-transition-delay='0.5'><div class='images_holder'><a itemprop='url' href='https:\/\/www.raccortubi.com\/es\/distribucion-tuberia-plantas-industriales\/distribucion-tubos-con-costura\/' target='_self'><img itemprop='image' class='active_image ' src='https:\/\/www.raccortubi.com\/wp-content\/uploads\/2021\/04\/01790_PIPE_WELD_02.jpg' alt='' style='' \/><img itemprop='image' class='hover_image' src='https:\/\/www.raccortubi.com\/wp-content\/uploads\/2021\/04\/01790_PIPE_WELD_02.gif' alt='' style='' \/><\/a><\/div><\/div>[vc_column_text el_class=&#8221;prodotto-macro&#8221;]<\/p>\n<h4><span style=\"color: #ffffff;\">TUBOS CON COSTURA<\/span><\/h4>\n<p>[\/vc_column_text][vc_empty_space height=&#8221;45px&#8221;][\/vc_column_inner][vc_column_inner width=&#8221;1\/3&#8243;]<div class='image_hover hovered' style='' data-transition-delay='0.5'><div class='images_holder'><a itemprop='url' href='https:\/\/www.raccortubi.com\/es\/distribucion-tuberia-plantas-industriales\/distribucion-tubos-intercambiadores-de-calor\/' target='_self'><img itemprop='image' class='active_image ' src='https:\/\/www.raccortubi.com\/wp-content\/uploads\/2021\/04\/01790_PIPE_3_SCAMBIATORE_03.jpg' alt='' style='' \/><img itemprop='image' class='hover_image' src='https:\/\/www.raccortubi.com\/wp-content\/uploads\/2021\/04\/01790_PIPE_3_SCAMBIATORE_03.gif' alt='' style='' \/><\/a><\/div><\/div>[vc_column_text el_class=&#8221;prodotto-macro&#8221;]<\/p>\n<h4><span style=\"color: #ffffff;\">TUBOS INTERCAMBIADORES DE CALOR<\/span><\/h4>\n<p>[\/vc_column_text][vc_empty_space height=&#8221;45px&#8221;][\/vc_column_inner][\/vc_row_inner][vc_empty_space height=&#8221;20px&#8221;][vc_column_text]<\/p>\n<h6><a href=\"https:\/\/www.raccortubi.com\/es\/nuestras-soluciones\/distribucion-bridas-tubos-acero-niquel-titanio\/\"><span style=\"color: #e42313;\">&gt; Conozca m\u00e1s sobre nuestra red de distribuci\u00f3n<\/span><\/a><\/h6>\n<p>[\/vc_column_text][\/vc_column][\/vc_row][vc_row css_animation=&#8221;&#8221; row_type=&#8221;row&#8221; use_row_as_full_screen_section=&#8221;no&#8221; type=&#8221;grid&#8221; angled_section=&#8221;no&#8221; text_align=&#8221;left&#8221; background_image_as_pattern=&#8221;without_pattern&#8221; background_color=&#8221;rgba(247,247,247,0.77)&#8221;][vc_column][vc_empty_space height=&#8221;70px&#8221;][vc_column_text]<\/p>\n<h3>Descargar<\/h3>\n<p>[\/vc_column_text][vc_empty_space height=&#8221;20px&#8221;][vc_row_inner row_type=&#8221;row&#8221; type=&#8221;full_width&#8221; text_align=&#8221;left&#8221; css_animation=&#8221;&#8221;][vc_column_inner width=&#8221;1\/3&#8243;]<a  itemprop=\"url\" href=\"https:\/\/www.raccortubi.com\/wp-content\/uploads\/2023\/10\/Raccortubi-Group_Intercambiadores-de-calor_hoja-de-datos.pdf\" target=\"_blank\" data-hover-background-color=#ffffff data-hover-border-color=#e42313 data-hover-color=#e42313 class=\"qbutton  default\" style=\"color: #ffffff; border-color: #e42313; font-style: normal; background-color: #e42313;\">Tubos para intercambiadores de calor<\/a>[\/vc_column_inner][vc_column_inner width=&#8221;1\/3&#8243;]<a  itemprop=\"url\" href=\"https:\/\/www.raccortubi.com\/wp-content\/uploads\/2018\/04\/STOCK-PROGRAMME-RT-GROUP.pdf\" target=\"_blank\" data-hover-background-color=#ffffff data-hover-border-color=#e42313 data-hover-color=#e42313 class=\"qbutton  default\" style=\"color: #ffffff; border-color: #e42313; font-style: normal; background-color: #e42313;\">Gama en stock<\/a>[\/vc_column_inner][vc_column_inner width=&#8221;1\/3&#8243;][\/vc_column_inner][\/vc_row_inner][vc_empty_space height=&#8221;70px&#8221;][\/vc_column][\/vc_row]<\/p>\n","protected":false},"excerpt":{"rendered":"<p>[vc_row css_animation=&#8221;&#8221; row_type=&#8221;row&#8221; use_row_as_full_screen_section=&#8221;no&#8221; type=&#8221;full_width&#8221; angled_section=&#8221;no&#8221; text_align=&#8221;left&#8221; background_image=&#8221;1722&#8243; background_image_as_pattern=&#8221;without_pattern&#8221; el_class=&#8221;homepage_img_1&#8243; css=&#8221;.vc_custom_1617983447828{background-image: url(https:\/\/www.raccortubi.com\/wp-content\/uploads\/2021\/04\/Tubi2_bg_image.jpg?id=8386) !important;background-position: center !important;background-repeat: no-repeat !important;background-size: cover !important;}&#8221;][vc_column][vc_row_inner row_type=&#8221;row&#8221; type=&#8221;grid&#8221; text_align=&#8221;left&#8221; css_animation=&#8221;&#8221; css=&#8221;.vc_custom_1517408052259{margin-top: 2% !important;}&#8221;][vc_column_inner el_class=&#8221;background_mobile&#8221; width=&#8221;1\/2&#8243;][vc_column_text]TUBER\u00cdA[\/vc_column_text][vc_empty_space height=&#8221;20px&#8221;][vc_column_text css=&#8221;.vc_custom_1684922662074{padding-right: 30px !important;}&#8221;]Ofrecemos soluciones completas para sus proyectos. Adem\u00e1s de accesorios y bridas, suministramos tuber\u00eda con&#8230;<\/p>\n","protected":false},"author":7,"featured_media":0,"parent":0,"menu_order":0,"comment_status":"open","ping_status":"closed","template":"full_width.php","meta":{"footnotes":""},"_links":{"self":[{"href":"https:\/\/www.raccortubi.com\/es\/wp-json\/wp\/v2\/pages\/8587"}],"collection":[{"href":"https:\/\/www.raccortubi.com\/es\/wp-json\/wp\/v2\/pages"}],"about":[{"href":"https:\/\/www.raccortubi.com\/es\/wp-json\/wp\/v2\/types\/page"}],"author":[{"embeddable":true,"href":"https:\/\/www.raccortubi.com\/es\/wp-json\/wp\/v2\/users\/7"}],"replies":[{"embeddable":true,"href":"https:\/\/www.raccortubi.com\/es\/wp-json\/wp\/v2\/comments?post=8587"}],"version-history":[{"count":16,"href":"https:\/\/www.raccortubi.com\/es\/wp-json\/wp\/v2\/pages\/8587\/revisions"}],"predecessor-version":[{"id":12018,"href":"https:\/\/www.raccortubi.com\/es\/wp-json\/wp\/v2\/pages\/8587\/revisions\/12018"}],"wp:attachment":[{"href":"https:\/\/www.raccortubi.com\/es\/wp-json\/wp\/v2\/media?parent=8587"}],"curies":[{"name":"wp","href":"https:\/\/api.w.org\/{rel}","templated":true}]}}