{"id":2653,"date":"2018-01-19T14:46:47","date_gmt":"2018-01-19T14:46:47","guid":{"rendered":"https:\/\/www.raccortubi.com\/richiedi-informazioni\/lavora-con-noi\/"},"modified":"2021-01-04T18:22:39","modified_gmt":"2021-01-04T18:22:39","slug":"trabaja-con-nosotros","status":"publish","type":"page","link":"https:\/\/www.raccortubi.com\/es\/trabaja-con-nosotros\/","title":{"rendered":"Trabaja con nosotros"},"content":{"rendered":"<p>[vc_row css_animation=&#8221;&#8221; row_type=&#8221;row&#8221; use_row_as_full_screen_section=&#8221;no&#8221; type=&#8221;grid&#8221; angled_section=&#8221;no&#8221; text_align=&#8221;left&#8221; background_image_as_pattern=&#8221;without_pattern&#8221; css=&#8221;.vc_custom_1516294548849{margin-top: 2% !important;}&#8221;][vc_column width=&#8221;1\/2&#8243;][vc_column_text]<\/p>\n<h1 class=\"classe_seo_3\">Bienvenido a la secci\u00f3n <strong>Trabaja con nosotros<\/strong> del Grupo Raccortubi.<\/h1>\n<p>[\/vc_column_text][vc_empty_space height=&#8221;15px&#8221;][vc_column_text]De empresa italiana distribuidora de materiales de tuber\u00edas para Oil &amp; Gas, el Grupo Raccortubi pas\u00f3 a encontrarse ahora entre los l\u00edderes mundiales en la fabricaci\u00f3n y provisi\u00f3n para aplicaciones cr\u00edticas, como instalaciones qu\u00edmicas y petroqu\u00edmicas, instalaciones para la producci\u00f3n de energ\u00eda, astilleros navales, instalaciones de fertilizantes y plataformas off-shore.<\/p>\n<p>Para lograr estos resultados y mejorar continuamente, contamos con personas apasionadas y talentosas que, con su profesionalidad y energ\u00eda, contribuyen al \u00e9xito del Grupo, en todos sus establecimientos en el mundo.[\/vc_column_text][vc_empty_space height=&#8221;15px&#8221;][vc_column_text]<strong>Si t\u00fa tambi\u00e9n deseas formar parte de nuestra realidad, \u00a1env\u00edanos tu candidatura mediante el formulario que se encuentra al lado!<\/strong>[\/vc_column_text][\/vc_column][vc_column width=&#8221;1\/2&#8243;][vc_column_text]<\/p>\n<h1 class=\"classe_seo_3\">Env\u00eda tu candidatura<\/h1>\n<p>[\/vc_column_text][vc_empty_space height=&#8221;30px&#8221;][vc_column_text]<div role=\"form\" class=\"wpcf7\" id=\"wpcf7-f2785-o1\" lang=\"it-IT\" dir=\"ltr\">\n<div class=\"screen-reader-response\" aria-live=\"polite\"><\/div>\n<form action=\"\/es\/wp-json\/wp\/v2\/pages\/2653#wpcf7-f2785-o1\" method=\"post\" class=\"wpcf7-form\" enctype=\"multipart\/form-data\" novalidate=\"novalidate\">\n<div style=\"display: none;\">\n<input type=\"hidden\" name=\"_wpcf7\" value=\"2785\" \/>\n<input type=\"hidden\" name=\"_wpcf7_version\" value=\"5.1.9\" \/>\n<input type=\"hidden\" name=\"_wpcf7_locale\" value=\"it_IT\" \/>\n<input type=\"hidden\" name=\"_wpcf7_unit_tag\" value=\"wpcf7-f2785-o1\" \/>\n<input type=\"hidden\" name=\"_wpcf7_container_post\" value=\"0\" \/>\n<input type=\"hidden\" name=\"g-recaptcha-response\" value=\"\" \/>\n<\/div>\n<p>Ubicaci\u00f3n *<br \/>\n<span class=\"wpcf7-form-control-wrap menu-238\"><select name=\"menu-238\" class=\"wpcf7-form-control wpcf7-select wpcf7-validates-as-required\" aria-required=\"true\" aria-invalid=\"false\"><option value=\"\">---<\/option><option value=\"Raccortubi\">Raccortubi<\/option><option value=\"Raccortubi UK\">Raccortubi UK<\/option><option value=\"Raccortubi Do Brasil\">Raccortubi Do Brasil<\/option><option value=\"Raccortubi Middle East\">Raccortubi Middle East<\/option><option value=\"Raccortubi Singapore\">Raccortubi Singapore<\/option><option value=\"Tecninox\">Tecninox<\/option><\/select><\/span><\/p>\n<p><label> Nombre y Apellido *<br \/>\n<span class=\"wpcf7-form-control-wrap your-name\"><input type=\"text\" name=\"your-name\" value=\"\" size=\"40\" class=\"wpcf7-form-control wpcf7-text wpcf7-validates-as-required\" aria-required=\"true\" aria-invalid=\"false\" \/><\/span> <\/label><\/p>\n<p><label> Correo electr\u00f3nico *<br \/>\n<span class=\"wpcf7-form-control-wrap your-email\"><input type=\"email\" name=\"your-email\" value=\"\" size=\"40\" class=\"wpcf7-form-control wpcf7-text wpcf7-email wpcf7-validates-as-required wpcf7-validates-as-email\" aria-required=\"true\" aria-invalid=\"false\" \/><\/span> <\/label><\/p>\n<p><label> Tel\u00e9fono<br \/>\n <span class=\"wpcf7-form-control-wrap tel-349\"><input type=\"tel\" name=\"tel-349\" value=\"\" size=\"40\" class=\"wpcf7-form-control wpcf7-text wpcf7-tel wpcf7-validates-as-tel\" aria-invalid=\"false\" \/><\/span> <\/label><\/p>\n<p><label> Asunto *<br \/>\n <span class=\"wpcf7-form-control-wrap your-subject\"><input type=\"text\" name=\"your-subject\" value=\"\" size=\"40\" class=\"wpcf7-form-control wpcf7-text wpcf7-validates-as-required\" aria-required=\"true\" aria-invalid=\"false\" \/><\/span> <\/label><br><\/p>\n<p><label> Mensaje *<br \/>\n <span class=\"wpcf7-form-control-wrap your-message\"><textarea name=\"your-message\" cols=\"40\" rows=\"10\" class=\"wpcf7-form-control wpcf7-textarea wpcf7-validates-as-required\" aria-required=\"true\" aria-invalid=\"false\"><\/textarea><\/span> <\/label><br><\/p>\n<p>Adjunta tu curr\u00edculum <span class=\"wpcf7-form-control-wrap file-cv\"><input type=\"file\" name=\"file-cv\" size=\"40\" class=\"wpcf7-form-control wpcf7-file wpcf7-validates-as-required\" accept=\".pdf,.doc,.docx\" aria-required=\"true\" aria-invalid=\"false\" \/><\/span><br><br \/>\n<em>(archivos permitidos .pdf, .doc, .docx)<\/em><br \/>\n<br><\/p>\n<p><span class=\"wpcf7-form-control-wrap acceptance-266\"><span class=\"wpcf7-form-control wpcf7-acceptance\"><span class=\"wpcf7-list-item\"><input type=\"checkbox\" name=\"acceptance-266\" value=\"1\" aria-invalid=\"false\" \/><\/span><\/span><\/span>  He le\u00eddo la <a href=\"\/es\/politica-de-privacidad\/\" target=\"_blank\">normativa sobre privacidad<\/a> y otorgo mi consentimiento.  <\/p>\n<div class=\"rootreca\" style=\"margin-bottom:10px;\">\n<\/div>\n<p><input type=\"submit\" value=\"Enviar\" class=\"wpcf7-form-control wpcf7-submit\" \/><\/p>\n<div class=\"wpcf7-response-output wpcf7-display-none\" aria-hidden=\"true\"><\/div><\/form><\/div>[\/vc_column_text][\/vc_column][\/vc_row][vc_row css_animation=&#8221;&#8221; row_type=&#8221;row&#8221; use_row_as_full_screen_section=&#8221;no&#8221; type=&#8221;full_width&#8221; angled_section=&#8221;no&#8221; text_align=&#8221;left&#8221; background_image_as_pattern=&#8221;without_pattern&#8221;][vc_column][vc_empty_space height=&#8221;100px&#8221;][\/vc_column][\/vc_row]<\/p>\n","protected":false},"excerpt":{"rendered":"<p>[vc_row css_animation=&#8221;&#8221; row_type=&#8221;row&#8221; use_row_as_full_screen_section=&#8221;no&#8221; type=&#8221;grid&#8221; angled_section=&#8221;no&#8221; text_align=&#8221;left&#8221; background_image_as_pattern=&#8221;without_pattern&#8221; css=&#8221;.vc_custom_1516294548849{margin-top: 2% !important;}&#8221;][vc_column width=&#8221;1\/2&#8243;][vc_column_text] Bienvenido a la secci\u00f3n Trabaja con nosotros del Grupo Raccortubi. [\/vc_column_text][vc_empty_space height=&#8221;15px&#8221;][vc_column_text]De empresa italiana distribuidora de materiales de tuber\u00edas para Oil &amp; Gas, el Grupo Raccortubi pas\u00f3 a encontrarse ahora entre los l\u00edderes&#8230;<\/p>\n","protected":false},"author":3,"featured_media":0,"parent":0,"menu_order":0,"comment_status":"closed","ping_status":"closed","template":"full_width.php","meta":{"footnotes":""},"_links":{"self":[{"href":"https:\/\/www.raccortubi.com\/es\/wp-json\/wp\/v2\/pages\/2653"}],"collection":[{"href":"https:\/\/www.raccortubi.com\/es\/wp-json\/wp\/v2\/pages"}],"about":[{"href":"https:\/\/www.raccortubi.com\/es\/wp-json\/wp\/v2\/types\/page"}],"author":[{"embeddable":true,"href":"https:\/\/www.raccortubi.com\/es\/wp-json\/wp\/v2\/users\/3"}],"replies":[{"embeddable":true,"href":"https:\/\/www.raccortubi.com\/es\/wp-json\/wp\/v2\/comments?post=2653"}],"version-history":[{"count":1,"href":"https:\/\/www.raccortubi.com\/es\/wp-json\/wp\/v2\/pages\/2653\/revisions"}],"predecessor-version":[{"id":7016,"href":"https:\/\/www.raccortubi.com\/es\/wp-json\/wp\/v2\/pages\/2653\/revisions\/7016"}],"wp:attachment":[{"href":"https:\/\/www.raccortubi.com\/es\/wp-json\/wp\/v2\/media?parent=2653"}],"curies":[{"name":"wp","href":"https:\/\/api.w.org\/{rel}","templated":true}]}}