{"id":2642,"date":"2018-01-08T10:24:33","date_gmt":"2018-01-08T10:24:33","guid":{"rendered":"https:\/\/www.raccortubi.com\/qualita\/"},"modified":"2025-10-09T12:19:53","modified_gmt":"2025-10-09T12:19:53","slug":"accesorios-soldadura-a-tope-certificados","status":"publish","type":"page","link":"https:\/\/www.raccortubi.com\/es\/accesorios-soldadura-a-tope-certificados\/","title":{"rendered":"Calidad"},"content":{"rendered":"<p>[vc_row css_animation=&#8221;&#8221; row_type=&#8221;row&#8221; use_row_as_full_screen_section=&#8221;no&#8221; type=&#8221;full_width&#8221; angled_section=&#8221;no&#8221; text_align=&#8221;right&#8221; background_image_as_pattern=&#8221;without_pattern&#8221; css=&#8221;.vc_custom_1517502172178{margin-top: 2% !important;background-image: url(https:\/\/www.raccortubi.com\/wp-content\/uploads\/2018\/01\/qualita_img_1-2.jpg?id=1837) !important;}&#8221; el_class=&#8221;background_progetti&#8221;][vc_column][vc_row_inner row_type=&#8221;row&#8221; type=&#8221;grid&#8221; text_align=&#8221;left&#8221; css_animation=&#8221;&#8221;][vc_column_inner el_class=&#8221;background_mobile&#8221; width=&#8221;2\/3&#8243; css=&#8221;.vc_custom_1517502237893{background-color: rgba(255,255,255,0.85) !important;*background-color: rgb(255,255,255) !important;}&#8221;][vc_column_text]<\/p>\n<h5>Especificaciones t\u00e9cnicas internas dise\u00f1adas para garantizar f\u00e1cil localizaci\u00f3n y total conformidad a las solicitudes de los clientes finales.<\/h5>\n<h1 class=\"classe_seo_2\"><strong>A partir de la selecci\u00f3n de los proveedores de materias primas hasta las fases de producci\u00f3n y las pruebas finales, la Calidad es el imperativo del Grupo Raccortubi<\/strong><\/h1>\n<h2 class=\"classe_seo_3\">para responder a las exigentes necesidades de los clientes en la continua b\u00fasqueda de un servicio preciso con costes reducidos.<\/h2>\n<p>[\/vc_column_text][vc_empty_space height=&#8221;30px&#8221;][vc_column_text css=&#8221;.vc_custom_1684494309431{padding-right: 30px !important;}&#8221;]<\/p>\n<p class=\"classe_seo_1\">El compromiso con la Calidad comienza antes de la producci\u00f3n: desde el origen de la materia prima certificada y garantizada por proveedores confiables y comprobados, para garantizar la plena trazabilidad de toda la cadena productiva. En efecto, disponer de un sitio productivo en Italia le permite a Raccortubi el control completo de cada una de las fases del proceso de fabricaci\u00f3n, a partir de la materia prima hasta la garant\u00eda de que se respetar\u00e1n todas las especificaciones del cliente.<\/p>\n<p>[\/vc_column_text][vc_empty_space height=&#8221;30px&#8221;][vc_column_text css=&#8221;.vc_custom_1684494485644{padding-right: 30px !important;}&#8221;]<\/p>\n<div class=\"content_left_coll\">\n<p>Todos los productos est\u00e1n completamente probados y sometidos a cuidadosos controles, tanto internos como por parte de cualificados laboratorios externos, lo que torna sistem\u00e1tica la monitorizaci\u00f3n de los elevados niveles cualitativos que los procesos productivos tienen programado alcanzar para estar en l\u00ednea con los m\u00e1s apremiantes requisitos de mercado.<\/p>\n<p>Esto libera a los clientes de la sujeci\u00f3n a tiempos y costes extras para pruebas de laboratorio adicionales, no solo para pedidos de gran envergadura, sino, sobre todo, para piezas individuales con entrega urgente.<\/p>\n<p>Adem\u00e1s, <strong>los certificados de calidad de los productos pueden ser descargados en l\u00ednea<\/strong> por el cliente, incluso antes de que se lleve a cabo el env\u00edo.<\/p>\n<p>&nbsp;<\/p>\n<p>La atenci\u00f3n y la dedicaci\u00f3n en la adecuaci\u00f3n a los procesos de calidad m\u00e1s evolucionados le han permitido a las empresas del Grupo Raccortubi recibir varias <strong>aprobaciones por parte de los clientes finales como NORSOK, BP y Total<\/strong>, junto con las importantes certificaciones junto con las importantes certificaciones obtenidas por el Grupo. de seguridad, calidad y medio ambiente, el certificado <strong>PED<\/strong> y las certificaciones espec\u00edficas por sector de aplicaci\u00f3n (por ejemplo, Bv Type Approval para los astilleros).<\/p>\n<p>&nbsp;<\/p>\n<p>El Grupo tambi\u00e9n cuenta con una serie de aprobaciones internacionales para la comercializaci\u00f3n de sus productos en todo el mundo, desde el <strong>CUTR<\/strong> (Customs Union Certificate of Conformity) para Europa del Este, hasta el <strong>CRN<\/strong> (Canadian Registration Number) para Canad\u00e1, pasando por el <strong>CRC<\/strong> (Certificado do Registro Cadastral) en Brasil.<\/p>\n<\/div>\n<p>[\/vc_column_text][vc_empty_space height=&#8221;60px&#8221;][vc_column_text]<img decoding=\"async\" class=\"alignnone\" src=\"\/wp-content\/uploads\/2017\/10\/download_icon.svg\" alt=\"\" width=\"20px\" height=\"20px\" \/><\/p>\n<h4>DOWNLOAD:<\/h4>\n<p><strong>Raccortubi Group<\/strong> <a href=\"https:\/\/www.raccortubi.com\/wp-content\/uploads\/2025\/10\/ISO_9001-ENG-C651062-4-20250922.pdf\" target=\"_blank\" rel=\"noopener\">ISO 9001:2015<\/a> \/ <a href=\"\/wp-content\/uploads\/2024\/12\/TR-CU-032-TITANIUM-18-07-2029.pdf\" target=\"_blank\" rel=\"noopener\">EAC CU TR (Titanium)<\/a> \/ <a href=\"\/wp-content\/uploads\/2024\/12\/TR-CU-032-OTHER-18-07-2029.pdf\" target=\"_blank\" rel=\"noopener\">EAC CU TR (Other materials)<\/a> \/ <a href=\"\/wp-content\/uploads\/2024\/12\/RT_45001-ENG.pdf\">ISO 45001:2018<\/a>\u00a0\/ <a href=\"https:\/\/www.raccortubi.com\/wp-content\/uploads\/2025\/06\/ISO_14001-ENG-C736048-1-20250521.pdf\" target=\"_blank\" rel=\"noopener\">ISO 14001:2015<\/a>\u00a0\/ <a href=\"https:\/\/www.raccortubi.com\/wp-content\/uploads\/2024\/01\/QUALITY-POLICY-24-07-2023.pdf\" target=\"_blank\" rel=\"noopener\">Quality Policy<\/a> \/ <a href=\"https:\/\/www.raccortubi.com\/wp-content\/uploads\/2025\/03\/CTAGroup_SustainabilityReport_2023_en.pdf\" target=\"_blank\" rel=\"noopener\">Sustainability Report (ESG)<\/a><\/p>\n<p><strong>Tecninox:<\/strong> \u00a0<a href=\"https:\/\/www.raccortubi.com\/wp-content\/uploads\/2025\/05\/ISO_9001-ENG-C651062-3-20250410.pdf\" target=\"_blank\" rel=\"noopener\">ISO 9001:2015<\/a> \/ <a href=\"https:\/\/www.raccortubi.com\/wp-content\/uploads\/2024\/01\/PED.pdf\" target=\"_blank\" rel=\"noopener\">PED <\/a>\/\u00a0<a href=\"https:\/\/www.raccortubi.com\/wp-content\/uploads\/2025\/04\/TCX_DNVGL-Approval.pdf\" target=\"_blank\" rel=\"noopener\"> DNV GL MARINE <\/a> \/ <a href=\"https:\/\/www.raccortubi.com\/wp-content\/uploads\/2023\/11\/TCX_BV_NR320-Approval.pdf\">BV_NR320<\/a>\u00a0\/ <a href=\"https:\/\/www.raccortubi.com\/wp-content\/uploads\/2024\/01\/QUALITY-POLICY-24-07-2023.pdf\" target=\"_blank\" rel=\"noopener\">Quality Policy<\/a> \/ <a href=\"https:\/\/www.raccortubi.com\/wp-content\/uploads\/2025\/05\/ISO_14001-ENG-C737203-1-20250429.pdf\" target=\"_blank\" rel=\"noopener\">Tecninox ISO 14001:2015<\/a> \/ <a href=\"https:\/\/www.raccortubi.com\/wp-content\/uploads\/2025\/04\/ISO-45001-C737212-0-en-US-20250401.pdf\" target=\"_blank\" rel=\"noopener\">Tecninox ISO 45001:2018<\/a><\/p>\n<p><strong>Raccortubi do Brasil:\u00a0<\/strong><a href=\"https:\/\/www.raccortubi.com\/wp-content\/uploads\/2025\/05\/ISO_9001-ENG-C651062-3-20250410.pdf\" target=\"_blank\" rel=\"noopener\">ISO 9001:2015<\/a><\/p>\n<p><strong>Raccortubi Middle East:\u00a0<\/strong><a href=\"https:\/\/www.raccortubi.com\/wp-content\/uploads\/2025\/05\/ISO_9001-ENG-C651062-3-20250410.pdf\" target=\"_blank\" rel=\"noopener\">ISO 9001:2015<\/a><\/p>\n<p><strong>Raccortubi UK: <\/strong><a href=\"\/wp-content\/uploads\/2024\/12\/ISO-9001-263135-2018-MSC-GBR-UKAS-4-en-US-20240515.pdf\" target=\"_blank\" rel=\"noopener\">ISO 9001:2015<\/a> \/ <a href=\"\/wp-content\/uploads\/2024\/12\/ISO-14001-C584249-0-en-US-20240515.pdf\" target=\"_blank\" rel=\"noopener\">ISO 14001:2015<\/a> \/ <a href=\"\/wp-content\/uploads\/2024\/12\/ISO-45001-C584251-0-en-US-20240515.pdf\" target=\"_blank\" rel=\"noopener\">ISO 45001:2018<\/a><\/p>\n<p><strong>Raccortubi Singapore:<\/strong>\u00a0<a href=\"https:\/\/www.raccortubi.com\/wp-content\/uploads\/2025\/05\/ISO_9001-ENG-C651062-3-20250410.pdf\" target=\"_blank\" rel=\"noopener\">ISO 9001:2015<\/a>[\/vc_column_text][vc_empty_space height=&#8221;40px&#8221;][\/vc_column_inner][vc_column_inner width=&#8221;1\/3&#8243;][\/vc_column_inner][\/vc_row_inner][\/vc_column][\/vc_row][vc_row css_animation=&#8221;&#8221; row_type=&#8221;row&#8221; use_row_as_full_screen_section=&#8221;no&#8221; type=&#8221;grid&#8221; angled_section=&#8221;no&#8221; text_align=&#8221;left&#8221; background_image_as_pattern=&#8221;without_pattern&#8221;][vc_column][vc_empty_space height=&#8221;50px&#8221;][\/vc_column][\/vc_row][vc_row css_animation=&#8221;&#8221; row_type=&#8221;row&#8221; use_row_as_full_screen_section=&#8221;no&#8221; type=&#8221;grid&#8221; angled_section=&#8221;no&#8221; text_align=&#8221;left&#8221; background_image_as_pattern=&#8221;without_pattern&#8221;][vc_column][vc_empty_space height=&#8221;50px&#8221;][\/vc_column][\/vc_row]<\/p>\n","protected":false},"excerpt":{"rendered":"<p>[vc_row css_animation=&#8221;&#8221; row_type=&#8221;row&#8221; use_row_as_full_screen_section=&#8221;no&#8221; type=&#8221;full_width&#8221; angled_section=&#8221;no&#8221; text_align=&#8221;right&#8221; background_image_as_pattern=&#8221;without_pattern&#8221; css=&#8221;.vc_custom_1517502172178{margin-top: 2% !important;background-image: url(https:\/\/www.raccortubi.com\/wp-content\/uploads\/2018\/01\/qualita_img_1-2.jpg?id=1837) !important;}&#8221; el_class=&#8221;background_progetti&#8221;][vc_column][vc_row_inner row_type=&#8221;row&#8221; type=&#8221;grid&#8221; text_align=&#8221;left&#8221; css_animation=&#8221;&#8221;][vc_column_inner el_class=&#8221;background_mobile&#8221; width=&#8221;2\/3&#8243; css=&#8221;.vc_custom_1517502237893{background-color: rgba(255,255,255,0.85) !important;*background-color: rgb(255,255,255) !important;}&#8221;][vc_column_text] Especificaciones t\u00e9cnicas internas dise\u00f1adas para garantizar f\u00e1cil localizaci\u00f3n y total conformidad a las solicitudes de los clientes finales. A partir&#8230;<\/p>\n","protected":false},"author":3,"featured_media":0,"parent":0,"menu_order":0,"comment_status":"open","ping_status":"closed","template":"full_width.php","meta":{"footnotes":""},"_links":{"self":[{"href":"https:\/\/www.raccortubi.com\/es\/wp-json\/wp\/v2\/pages\/2642"}],"collection":[{"href":"https:\/\/www.raccortubi.com\/es\/wp-json\/wp\/v2\/pages"}],"about":[{"href":"https:\/\/www.raccortubi.com\/es\/wp-json\/wp\/v2\/types\/page"}],"author":[{"embeddable":true,"href":"https:\/\/www.raccortubi.com\/es\/wp-json\/wp\/v2\/users\/3"}],"replies":[{"embeddable":true,"href":"https:\/\/www.raccortubi.com\/es\/wp-json\/wp\/v2\/comments?post=2642"}],"version-history":[{"count":43,"href":"https:\/\/www.raccortubi.com\/es\/wp-json\/wp\/v2\/pages\/2642\/revisions"}],"predecessor-version":[{"id":12841,"href":"https:\/\/www.raccortubi.com\/es\/wp-json\/wp\/v2\/pages\/2642\/revisions\/12841"}],"wp:attachment":[{"href":"https:\/\/www.raccortubi.com\/es\/wp-json\/wp\/v2\/media?parent=2642"}],"curies":[{"name":"wp","href":"https:\/\/api.w.org\/{rel}","templated":true}]}}