{"id":2638,"date":"2018-01-24T15:21:00","date_gmt":"2018-01-24T15:21:00","guid":{"rendered":"https:\/\/www.raccortubi.com\/privacy-policy\/"},"modified":"2023-05-23T13:54:52","modified_gmt":"2023-05-23T13:54:52","slug":"politica-de-privacidad","status":"publish","type":"page","link":"https:\/\/www.raccortubi.com\/es\/politica-de-privacidad\/","title":{"rendered":"Pol\u00edtica de Privacidad y Cookies"},"content":{"rendered":"<p>[vc_row css_animation=&#8221;&#8221; row_type=&#8221;row&#8221; use_row_as_full_screen_section=&#8221;no&#8221; type=&#8221;full_width&#8221; angled_section=&#8221;no&#8221; text_align=&#8221;left&#8221; background_image_as_pattern=&#8221;without_pattern&#8221;][vc_column][vc_empty_space height=&#8221;100px&#8221;][vc_column_text]<strong>POL\u00cdTICA DE PRIVACIDAD<\/strong><\/p>\n<p>La presente pol\u00edtica se aplica a todos los sitios internet del Grupo Raccortubi que cuenten con una direcci\u00f3n URL.<\/p>\n<p>Este documento debe considerarse una expresi\u00f3n de los criterios y de las pr\u00e1cticas generales en materia de protecci\u00f3n de la privacidad que distinguen las modalidades mediante las cuales se recogen, conservan y utilizan los datos personales.<\/p>\n<p>Estas normas sobre privacidad pueden consultarse f\u00e1cilmente, ya que es posible acceder a ellas desde la homepage del sitio y mediante enlace desde cualquier otra p\u00e1gina del mismo, donde se recojan datos personales. Si fuera necesario, en estos puntos de recogida, podr\u00e1 proveerse adem\u00e1s otra informaci\u00f3n en relaci\u00f3n a las finalidades espec\u00edficas para las que se utilizar\u00e1n los datos. Estas normas, junto con la eventual informaci\u00f3n adicional, est\u00e1n dirigidas a garantizar la protecci\u00f3n de la privacidad personal de los visitantes y de los usuarios de este sitio.<\/p>\n<p>&nbsp;<\/p>\n<p>Por este sitio tambi\u00e9n es posible consultar las pol\u00edticas generales del Grupo con respecto a la privacidad, tambi\u00e9n a trav\u00e9s de la informaci\u00f3n general sobre el procesamiento de los datos del cliente \/ proveedor, consultable <em><strong><a href=\"https:\/\/www.raccortubi.com\/wp-content\/uploads\/2023\/05\/SGP_FOR_Informativa-clienti-fornitori_rev3-ES.pdf\">aqu\u00ed<\/a><\/strong><\/em><\/p>\n<p>&nbsp;<\/p>\n<p><strong>DECLARACI\u00d3N SOBRE LA PROTECCI\u00d3N DE DATOS Y CONTROLOR DE DATOS<\/strong><\/p>\n<p>Raccortubi (m\u00e1s adelante simpemente Raccortubi) est\u00e1 encantado de que Usted haya decidido visitar este sitio web y le agradece el inter\u00e9s por nuestra empresa y nuestros servicios. Raccortubi presta especial atenci\u00f3n a la protecci\u00f3n de sus datos personales, por ello le informa cu\u00e1les datos ser\u00e1n recogidos en el momento en el que visite el sitio web de nuestra propiedad y c\u00f3mo ser\u00e1n utilizados los mismos.<\/p>\n<p>Los Controlores de datos son las Empresas del Grupo, contactados en las siguientes direcciones:<\/p>\n<ul>\n<li>Raccortubi Spa \u2013 Viale De Gasperi, 194 \u2013 20010 Marcallo con Casone (MI) \u2013 +39.02.9763001 \u2013 <a href=\"mailto:privacy@raccortubi.com\" target=\"_blank\" rel=\"noopener\">privacy@raccortubi.com<\/a><\/li>\n<li>Tecninox Srl &#8211; Via Don Spagnoli, 7 \u2013 29010 Sarmato (PC) &#8211; +39.0523.887452 \u2013 <a href=\"mailto:privacy@tecninox.net\">privacy@raccortubi.net<\/a><\/li>\n<\/ul>\n<p>El Grupo ha nombrado un Oficial de Protecci\u00f3n de Datos, al que se puede contactar para obtener informaci\u00f3n sobre privacidad o para ejercer los derechos que se detallan a continuaci\u00f3n (Contactos de DPO: Dr. Gregorio Galli &#8211; Strada della Viggioletta, 08 &#8211; 29121 Piacenza; Tel: 0523.1865049 &#8211; Correo electr\u00f3nico: <a href=\"mailto:dpo@gallidataservice.com\">dpo@gallidataservice.com<\/a>)<\/p>\n<p>&nbsp;<\/p>\n<p><strong>GARANT\u00cdA DE PRIVACIDAD<\/strong><\/p>\n<p>Con la expresi\u00f3n \u201cdatos personales\u201d utilizada en esta normativa se entiende toda aquella informaci\u00f3n que puede ser utilizada para identificar, directa o indirectamente, a una persona f\u00edsica. Raccortubi no retendr\u00e1 sus datos personales sin su consentimiento, cuando ello no est\u00e9 permitido por las normas vigentes. En el tratamiento de sus datos personales, Raccortubi se compromete a respetar el Reglamento de la UE 2016\/679, en adelante GDPR, y del Decreto Legislativo 196\/03 (modificado y complementado por el Decreto Legislativo 101\/2018). En el \u00e1mbito de lo mencionado, Raccortubi garantiza que se respetar\u00e1n los m\u00e1s rigurosos est\u00e1ndares de seguridad de sus datos personales. Las siguientes secciones de la normativa ilustran las modalidades de recogida de sus datos personales.<\/p>\n<p>La base legal del procesamiento debe identificarse en las obligaciones de la ley y en el inter\u00e9s leg\u00edtimo del propietario.<\/p>\n<p>&nbsp;<\/p>\n<p><strong>RECOGIDA DE DATOS T\u00c9CNICOS DE NAVEGACI\u00d3N<\/strong><\/p>\n<p>Cuando visita este sitio web, se recogen autom\u00e1ticamente (es decir, no mediante el registro) algunos datos generales, que no son tratados como datos personales. Los servidores web que son utilizados conservan los siguientes datos: el nombre de su Service Provider de internet, el sitio web desde el cual nos visita, las p\u00e1ginas web que visita durante el contacto con nuestro sitio y su direcci\u00f3n IP. Dicha informaci\u00f3n es analizada en forma an\u00f3nima. La misma es utilizada exclusivamente a los fines de mejorar la posibilidad de utilizaci\u00f3n, los contenidos y el funcionamiento de nuestro sitio web. En los casos en que los datos sean transmitidos a service providers externos, hemos adoptado medidas t\u00e9cnicas y de organizaci\u00f3n para asegurar que se respeten las normas sobre la protecci\u00f3n de los datos.<\/p>\n<p>&nbsp;<\/p>\n<p><strong>RECOGIDA Y TRATAMIENTO DE OTROS DATOS PERSONALES<\/strong><\/p>\n<p>La mayor parte de las secciones o de los sitios Raccortubi no solicitan ninguna forma de registro, sino que permiten el acceso a las mismas y su consulta sin identificar al visitante. Por el contrario, algunas secciones o sitios pueden requerir registro. En el momento del registro en nuestro sitio web podr\u00eda ser necesario completar algunos campos (algunos son obligatorios, otros son facultativos) as\u00ed como escoger un nombre de usuario y una contrase\u00f1a. En tal caso, la falta de otorgamiento de algunos datos personales podr\u00eda tornar imposible el acceso del visitante a algunas secciones del sitio y, en consecuencia, que Raccortubi responda a las solicitudes enviadas.<\/p>\n<p>Los datos personales son recogidos \u00fanicamente cuando el usuario los suministre, por ejemplo, durante el registro, completando formularios o enviando correos electr\u00f3nicos o tambi\u00e9n con motivo del pedido de servicios, de solicitudes de informaci\u00f3n o de materiales. La base de datos y su informaci\u00f3n permanece en el \u00e1mbito de nuestra empresa, de los eventuales socios t\u00e9cnicos y de nuestro provider.<\/p>\n<p>El prop\u00f3sito del procesamiento es la correcta prestaci\u00f3n del servicio, mientras que la base legal es el consentimiento de la parte interesada.<\/p>\n<p>&nbsp;<\/p>\n<p><strong>CONFIDENCIALIDAD DE LA INFORMACI\u00d3N<\/strong><\/p>\n<p>La eventual comunicaci\u00f3n a terceros o difusi\u00f3n de sus datos personales no podr\u00e1 ser efectuada sin su previa manifestaci\u00f3n de consentimiento. Raccortubi no difundir\u00e1 ni comunicar\u00e1 de ning\u00fan modo a terceros ajenos a Raccortubi sus datos personales. No obstante, dichos datos podr\u00edan ocasionalmente ser enviados a terceros que operen por cuenta de Raccortubi o en relaci\u00f3n con las actividades comerciales de la misma, a fin de efectuar los tratamientos adicionales de conformidad con los fines para los cuales los datos han sido originalmente recogidos. En los casos en que la comunicaci\u00f3n a terceros de datos personales sea probable o necesaria por cualquier motivo, Raccortubi se ocupar\u00e1 de que dicha comunicaci\u00f3n y la utilizaci\u00f3n prevista de los datos est\u00e9n claramente explicitados a fin de una correcta expresi\u00f3n de consentimiento. Los terceros antes mencionados podr\u00edan adoptar c\u00f3digos de conducta para la privacidad diferentes. En cualquier caso, Raccortubi pretende garantizar que dichos terceros provean el mismo nivel de protecci\u00f3n que Raccortubi y, si fuera el caso, solicitar\u00e1 contractualmente tratar los datos a ellos enviados solo para los fines expresamente autorizados por Raccortubi. Su consentimiento, manifestado conforme a lo previsto en este apartado, podr\u00e1 ser revocado en cualquier momento. En ese caso, Raccortubi podr\u00eda ya no estar en condiciones de satisfacer las solicitudes enviadas por Usted. Raccortubi, siempre que sea posible, informar\u00e1 a los terceros a quienes hayan sido enviados sus datos, acerca de la revocaci\u00f3n de consentimiento efectuada.<\/p>\n<p>&nbsp;<\/p>\n<p><strong>DERECHO A OBTENER INFORMACI\u00d3N<\/strong><\/p>\n<p>Raccortubi reconoce el derecho a controlar y corregir cualquier dato conservado por nosotros referido a su persona, en caso de que Usted considere que el mismo ya no es v\u00e1lido o correcto. En ese caso, ser\u00e1 suficiente enviar un correo electr\u00f3nico a la direcci\u00f3n de correo indicada en el apartado \u201cTitularidad de los datos personales\u201d. Los sujetos involucrados en la recopilaci\u00f3n de datos pueden ejercer todos los derechos reconocidos por los art.15-21:<\/p>\n<ul>\n<li>derecho a solicitar la presencia y acceso a los datos personales que le conciernen (Art. 15 &#8220;Derecho de acceso&#8221;)<\/li>\n<li>derecho a obtener la correcci\u00f3n \/ integraci\u00f3n de datos inexactos o incompletos (Art.16 &#8220;Derecho de rectificaci\u00f3n&#8221;)<\/li>\n<li>derecho a obtener, si existen razones justificadas, la cancelaci\u00f3n de datos (Art. 17 &#8220;Derecho a cancelar&#8221;)<\/li>\n<li>derecho a obtener limitaci\u00f3n de procesamiento (Art.18 &#8220;Derecho a limitaci\u00f3n&#8221;)<\/li>\n<li>derecho a recibir informaci\u00f3n sobre \u00e9l en un formato estructurado (Art.20 &#8220;Derecho a la portabilidad)<\/li>\n<li>derecho a oponerse al procesamiento y a los procesos automatizados de toma de decisiones, incluidos los perfiles (Art.21, 22); no se realizan tratamientos que impliquen procesos automatizados de toma de decisiones;<\/li>\n<li>derecho a revocar un consentimiento previamente otorgado;<\/li>\n<li>derecho a presentar, en caso de no respuesta, una queja ante la Autoridad de Protecci\u00f3n de Datos.<\/li>\n<\/ul>\n<p>&nbsp;<\/p>\n<p><strong>SEGURIDAD Y CONFIDENCIALIDAD<\/strong><\/p>\n<p>Para garantizar la seguridad y la confidencialidad de los datos personales recogidos en l\u00ednea, Raccortubi utilizar\u00e1 sistemas para datos protegidos, entre otras cosas, por firewall y contrase\u00f1as espec\u00edficos, conforme a lo dispuesto por el art.32 del G.D.P.R. italiano.<\/p>\n<p>El acceso a los datos personales est\u00e1 permitido solo a los dependientes \u201cencargados\u201d y autorizados que tengan una efectiva necesidad de utilizar dichos datos y que hayan sido capacitados para tratar dichos datos de forma id\u00f3nea, respetando los principios de seguridad y confidencialidad.<\/p>\n<p>Raccortubi adopta medidas t\u00e9cnicas y de organizaci\u00f3n para proteger los datos por Usted provistos de eventuales manipulaciones, voluntarias o involuntarias, p\u00e9rdidas, destrucci\u00f3n o acceso por parte de sujetos no autorizados. Nuestras medidas de seguridad est\u00e1n sometidas a continua revisi\u00f3n, en l\u00ednea con los avances t\u00e9cnicos.<\/p>\n<p>&nbsp;<\/p>\n<p>&nbsp;<\/p>\n<p><strong>COOKIES<\/strong><\/p>\n<p>La informaci\u00f3n an\u00f3nima es tratada por Raccortubi a fin de mejorar los contenidos del sitio y para generar estad\u00edsticas agregadas sobre quienes visitan nuestro sitio, para fines internos y para investigaciones de mercado. En el \u00e1mbito de dicha actividad, Raccortubi. actualmente utiliza cookies en sus sitios web (t\u00e9cnicas o anal\u00edticas de primera parte, o anal\u00edticas de terceros que utilizan medidas que reducen el poder de identificaci\u00f3n). Una cookie es una informaci\u00f3n enviada a su browser y guardada en el disco duro de su ordenador. Las cookies no tienen ning\u00fan efecto da\u00f1ino sobre su ordenador.<br \/>\nLas cookies recogen el nombre de dominio de primer nivel del usuario, la fecha y la hora de acceso. Usted tiene la posibilidad de modificar la configuraci\u00f3n de su browser a fin de que le advierta cuando reciba una cookie, permiti\u00e9ndole de ese modo decidir si aceptarla o rechazarla.<\/p>\n<p><strong>Cookies utilizadas en este sitio<\/strong><\/p>\n<p><strong>Cookies t\u00e9cnicas<\/strong><\/p>\n<table width=\"1021\">\n<tbody>\n<tr>\n<td>\n<p style=\"text-align: left;\"><strong>COOKIE<\/strong><\/p>\n<\/td>\n<td>\n<p style=\"text-align: left;\"><strong>TIPO<\/strong><\/p>\n<\/td>\n<td style=\"text-align: left;\"><strong>DURACI\u00d3N<\/strong><\/td>\n<td width=\"627\">\n<p style=\"text-align: left;\"><strong>DESCRIPCI\u00d3N<\/strong><\/p>\n<\/td>\n<\/tr>\n<tr>\n<td>\n<p style=\"text-align: left;\">wp-settings-1<\/p>\n<\/td>\n<td style=\"text-align: left;\">t\u00e9cnica<\/td>\n<td style=\"text-align: left;\">1 a\u00f1o<\/td>\n<td width=\"627\">\n<p style=\"text-align: left;\">Se utiliza para detectar el acceso de los administradores al sitio.<\/p>\n<\/td>\n<\/tr>\n<tr>\n<td>\n<p style=\"text-align: left;\">wp-settings-time-1<\/p>\n<\/td>\n<td style=\"text-align: left;\">t\u00e9cnica<\/td>\n<td style=\"text-align: left;\">1 a\u00f1o<\/td>\n<td width=\"627\">\n<p style=\"text-align: left;\">Se utiliza para detectar el acceso de los administradores al sitio.<\/p>\n<\/td>\n<\/tr>\n<tr>\n<td>\n<p style=\"text-align: left;\">_icl_visitor_lang_js<\/p>\n<\/td>\n<td style=\"text-align: left;\">t\u00e9cnica<\/td>\n<td style=\"text-align: left;\">1 a\u00f1o<\/td>\n<td width=\"627\">\n<p style=\"text-align: left;\">Almacena el lenguaje redirigido.<\/p>\n<\/td>\n<\/tr>\n<tr>\n<td>\n<p style=\"text-align: left;\">_icl_current_language<\/p>\n<\/td>\n<td style=\"text-align: left;\">t\u00e9cnica<\/td>\n<td style=\"text-align: left;\">1 a\u00f1o<\/td>\n<td width=\"627\">\n<p style=\"text-align: left;\">Memoriza sus preferencias del idioma en el que se muestra el sitio web.<\/p>\n<\/td>\n<\/tr>\n<tr>\n<td>\n<p style=\"text-align: left;\">displayCookieConsent<\/p>\n<\/td>\n<td style=\"text-align: left;\">&nbsp;<\/p>\n<p>t\u00e9cnica<\/td>\n<td style=\"text-align: left;\">1 a\u00f1o<\/td>\n<td width=\"627\">\n<p style=\"text-align: left;\">Se utiliza para realizar un seguimiento del consentimiento del usuario y, posiblemente, para no reproducir la informaci\u00f3n breve en p\u00e1ginas futuras o posiblemente en la segunda visita del usuario.<\/p>\n<\/td>\n<\/tr>\n<tr>\n<td>\n<p style=\"text-align: left;\">wpml_browser_redirect_test<\/p>\n<\/td>\n<td style=\"text-align: left;\">t\u00e9cnica<\/td>\n<td style=\"text-align: left;\">1 a\u00f1o<\/td>\n<td width=\"627\">\n<p style=\"text-align: left;\">Comprueba si las cookies est\u00e1n habilitadas.<\/p>\n<\/td>\n<\/tr>\n<tr>\n<td>\n<p style=\"text-align: left;\">viewed_cookie_policy<\/p>\n<\/td>\n<td style=\"text-align: left;\">t\u00e9cnica<\/td>\n<td style=\"text-align: left;\">1 a\u00f1o<\/td>\n<td width=\"627\">\n<p style=\"text-align: left;\">Se utiliza para realizar un seguimiento del consentimiento del usuario y, posiblemente, para no reproducir la informaci\u00f3n breve en p\u00e1ginas futuras o posiblemente en la segunda visita del usuario.<\/p>\n<\/td>\n<\/tr>\n<\/tbody>\n<\/table>\n<p>&nbsp;<\/p>\n<p><strong>Google Analytics Cookies<\/strong><\/p>\n<table width=\"1239\">\n<tbody>\n<tr>\n<td>\n<p style=\"text-align: left;\"><strong>COOKIE<\/strong><\/p>\n<\/td>\n<td style=\"text-align: left;\"><strong>TIPO<\/strong><\/td>\n<td style=\"text-align: left;\"><strong>DURACI\u00d3N<\/strong><\/td>\n<td>\n<p style=\"text-align: left;\"><strong>DESCRIPCI\u00d3N<\/strong><\/p>\n<\/td>\n<\/tr>\n<tr>\n<td>\n<p style=\"text-align: left;\">_ga<\/p>\n<\/td>\n<td style=\"text-align: left;\">anal\u00edtica<\/td>\n<td style=\"text-align: left;\">2 a\u00f1os<\/td>\n<td>\n<p style=\"text-align: left;\">La biblioteca de javascript Google Universal Analytics utiliza cookies para distinguir de forma an\u00f3nima a<\/p>\n<p style=\"text-align: left;\">usuarios \u00fanicos. Cookie utilizada para administrar la frecuencia de las solicitudes al servidor.<\/p>\n<\/td>\n<\/tr>\n<tr>\n<td>\n<p style=\"text-align: left;\">_gid<\/p>\n<\/td>\n<td style=\"text-align: left;\">anal\u00edtica<\/td>\n<td style=\"text-align: left;\">1 d\u00eda<\/td>\n<td>\n<p style=\"text-align: left;\">Cookie utilizada para identificar la sesi\u00f3n.<\/p>\n<\/td>\n<\/tr>\n<tr>\n<td>\n<p style=\"text-align: left;\">__utma<\/p>\n<\/td>\n<td style=\"text-align: left;\">anal\u00edtica<\/td>\n<td style=\"text-align: left;\">2 a\u00f1os<\/td>\n<td>\n<p style=\"text-align: left;\">Cookie que permite establecer el n\u00famero de visitas de un usuario en el sitio.<\/p>\n<\/td>\n<\/tr>\n<tr>\n<td>\n<p style=\"text-align: left;\">__utmb<\/p>\n<\/td>\n<td style=\"text-align: left;\">anal\u00edtica<\/td>\n<td style=\"text-align: left;\">30 minutos<\/td>\n<td>\n<p style=\"text-align: left;\">Cookie utilizada para establecer la duraci\u00f3n de la visita en el sitio.<\/p>\n<\/td>\n<\/tr>\n<tr>\n<td>\n<p style=\"text-align: left;\">__utmc<\/p>\n<\/td>\n<td style=\"text-align: left;\">anal\u00edtica<\/td>\n<td style=\"text-align: left;\">sesi\u00f3n<\/td>\n<td>\n<p style=\"text-align: left;\">Cookie utilizada en uni\u00f3n __utmb para establecer la duraci\u00f3n de la visita en el sitio. Caduca al final de la sesi\u00f3n.<\/p>\n<\/td>\n<\/tr>\n<tr>\n<td>\n<p style=\"text-align: left;\">__utmz<\/p>\n<\/td>\n<td style=\"text-align: left;\">anal\u00edtica<\/td>\n<td style=\"text-align: left;\">6 meses<\/td>\n<td>\n<p style=\"text-align: left;\">Cookies que establecen el origen del usuario de internet.<\/p>\n<\/td>\n<\/tr>\n<\/tbody>\n<\/table>\n<p>&nbsp;<\/p>\n<p>&nbsp;<\/p>\n<p><strong>TIEMPO DE ALMACENAMIENTO DE DATOS<\/strong><\/p>\n<p>Normalmente, los datos personales se almacenan durante un per\u00edodo de tiempo coherente con el prop\u00f3sito para el que se recopilaron. Los datos t\u00e9cnicos de navegaci\u00f3n generalmente se guardan por cortos per\u00edodos de tiempo, con la excepci\u00f3n de posibles extensiones conectadas a las actividades de la encuesta. Con referencia a las cookies, es posible verificar el tiempo empleado mediante las funciones del browser de navegaci\u00f3n.<\/p>\n<p>&nbsp;<\/p>\n<p>&nbsp;<\/p>\n<p><strong>MENORES<\/strong><\/p>\n<p>Raccortubi invita a los padres y a todos aquellos quienes velan por menores, a instruirlos acerca de c\u00f3mo tratar los datos personales en internet de modo seguro y responsable. Los menores no deber\u00edan enviar datos personales al sitio web de Raccortubi sin el consentimiento de sus padres o tutores. Raccortubi se compromete a no recoger intencionalmente los datos personales de menores y a no utilizarlos ni comunicarlos a terceros de ning\u00fan modo.<\/p>\n<p>&nbsp;<\/p>\n<p><strong>CONEXI\u00d3N A OTROS SITIOS WEB<\/strong><\/p>\n<p>La presente pol\u00edtica de protecci\u00f3n de la privacidad se aplica solo a los sitios internet de Raccortubi, con la exclusi\u00f3n de sitios web de terceros. Raccortubi se reserva proveer enlaces (links) a otros sitios que considere que pueden ser de inter\u00e9s para los visitantes de su sitio. Raccortubi pretende garantizar que dichos sitios respeten los m\u00e1s elevados est\u00e1ndares de calidad. No obstante, dada la naturaleza de la web, Raccortubi no puede garantizar los est\u00e1ndares de cada uno de los sitios web para los cuales provee el enlace ni ser considerada responsable por los contenidos de sitios distintos de los propios.<br \/>\nRaccortubi pretende mejorar continuamente las herramientas a su disposici\u00f3n para intervenir en los datos que le son suministrados. Por ello, le invitamos a consultar esta p\u00e1gina peri\u00f3dicamente para verificar dichas mejoras.<\/p>\n<p>&nbsp;<\/p>\n<p><em>(Pol\u00edtica de Privacidad y Cookies, rev. Mayo 2023)<\/em>[\/vc_column_text][vc_empty_space height=&#8221;100px&#8221;][\/vc_column][\/vc_row]<\/p>\n","protected":false},"excerpt":{"rendered":"<p>[vc_row css_animation=&#8221;&#8221; row_type=&#8221;row&#8221; use_row_as_full_screen_section=&#8221;no&#8221; type=&#8221;full_width&#8221; angled_section=&#8221;no&#8221; text_align=&#8221;left&#8221; background_image_as_pattern=&#8221;without_pattern&#8221;][vc_column][vc_empty_space height=&#8221;100px&#8221;][vc_column_text]POL\u00cdTICA DE PRIVACIDAD La presente pol\u00edtica se aplica a todos los sitios internet del Grupo Raccortubi que cuenten con una direcci\u00f3n URL. Este documento debe considerarse una expresi\u00f3n de los criterios y de las pr\u00e1cticas generales en&#8230;<\/p>\n","protected":false},"author":3,"featured_media":0,"parent":0,"menu_order":0,"comment_status":"closed","ping_status":"closed","template":"","meta":{"footnotes":""},"_links":{"self":[{"href":"https:\/\/www.raccortubi.com\/es\/wp-json\/wp\/v2\/pages\/2638"}],"collection":[{"href":"https:\/\/www.raccortubi.com\/es\/wp-json\/wp\/v2\/pages"}],"about":[{"href":"https:\/\/www.raccortubi.com\/es\/wp-json\/wp\/v2\/types\/page"}],"author":[{"embeddable":true,"href":"https:\/\/www.raccortubi.com\/es\/wp-json\/wp\/v2\/users\/3"}],"replies":[{"embeddable":true,"href":"https:\/\/www.raccortubi.com\/es\/wp-json\/wp\/v2\/comments?post=2638"}],"version-history":[{"count":2,"href":"https:\/\/www.raccortubi.com\/es\/wp-json\/wp\/v2\/pages\/2638\/revisions"}],"predecessor-version":[{"id":11514,"href":"https:\/\/www.raccortubi.com\/es\/wp-json\/wp\/v2\/pages\/2638\/revisions\/11514"}],"wp:attachment":[{"href":"https:\/\/www.raccortubi.com\/es\/wp-json\/wp\/v2\/media?parent=2638"}],"curies":[{"name":"wp","href":"https:\/\/api.w.org\/{rel}","templated":true}]}}