{"id":2591,"date":"2018-01-16T15:33:11","date_gmt":"2018-01-16T15:33:11","guid":{"rendered":"https:\/\/www.raccortubi.com\/il-gruppo\/tecninox\/"},"modified":"2025-05-06T10:50:26","modified_gmt":"2025-05-06T10:50:26","slug":"tecninox","status":"publish","type":"page","link":"https:\/\/www.raccortubi.com\/es\/el-grupo\/tecninox\/","title":{"rendered":"Tecninox"},"content":{"rendered":"<p>[vc_row css_animation=&#8221;&#8221; row_type=&#8221;row&#8221; use_row_as_full_screen_section=&#8221;no&#8221; type=&#8221;grid&#8221; angled_section=&#8221;no&#8221; text_align=&#8221;left&#8221; background_image_as_pattern=&#8221;without_pattern&#8221; css=&#8221;.vc_custom_1516956727166{margin-top: 5% !important;}&#8221; el_class=&#8221;hide_on_desktop&#8221;][vc_column offset=&#8221;vc_hidden-lg vc_hidden-md vc_hidden-sm&#8221;][vc_single_image image=&#8221;467&#8243; img_size=&#8221;full&#8221; qode_css_animation=&#8221;&#8221; el_class=&#8221;logo_divisione&#8221;][vc_empty_space height=&#8221;15px&#8221;][\/vc_column][\/vc_row][vc_row css_animation=&#8221;&#8221; row_type=&#8221;row&#8221; use_row_as_full_screen_section=&#8221;no&#8221; type=&#8221;grid&#8221; angled_section=&#8221;no&#8221; text_align=&#8221;left&#8221; background_image_as_pattern=&#8221;without_pattern&#8221; css=&#8221;.vc_custom_1516956609951{margin-top: 2% !important;}&#8221;][vc_column width=&#8221;2\/3&#8243;][vc_column_text]<\/p>\n<h1 class=\"classe_seo_2\">La planificaci\u00f3n adaptativa en Tecninox permite una producci\u00f3n sin\u00e9rgicamente integrada al servicio de todas las empresas del Grupo.<\/h1>\n<p>[\/vc_column_text][vc_empty_space height=&#8221;30px&#8221;][vc_column_text]<\/p>\n<p class=\"classe_seo_1\">Desde 1988, Tecninox est\u00e1 especializada en la producci\u00f3n en fr\u00edo de accesorios para tubos de soldadura a tope de \u00bd\u201d a 16\u201d. Se trata de una fuente de producci\u00f3n interna, flexible y confiable para el continuo reabastecimiento de los almacenes del Grupo, que permite la introducci\u00f3n de pedidos especiales determinados por las necesidades espec\u00edficas de los clientes, obteniendo la materia prima del stock de Raccortubi en funci\u00f3n de las entregas ya planificadas o de los pedidos para un acondicionamiento espec\u00edfico.<\/p>\n<p>[\/vc_column_text][\/vc_column][vc_column width=&#8221;1\/3&#8243; offset=&#8221;vc_hidden-xs&#8221;][vc_single_image image=&#8221;467&#8243; img_size=&#8221;full&#8221; qode_css_animation=&#8221;&#8221; el_class=&#8221;logo_divisione&#8221;][\/vc_column][\/vc_row][vc_row css_animation=&#8221;&#8221; row_type=&#8221;row&#8221; use_row_as_full_screen_section=&#8221;no&#8221; type=&#8221;grid&#8221; angled_section=&#8221;no&#8221; text_align=&#8221;left&#8221; background_image_as_pattern=&#8221;without_pattern&#8221; row_negative_margin=&#8221;disable_negative_margin&#8221;][vc_column][vc_empty_space height=&#8221;30px&#8221;][vc_tabs style=&#8221;boxed&#8221; el_class=&#8221;tab_blue&#8221;][vc_tab title=&#8221;Gama de productos&#8221; tab_id=&#8221;396f2c87-5ee8-5&#8243;][vc_row_inner row_type=&#8221;row&#8221; type=&#8221;full_width&#8221; text_align=&#8221;left&#8221; css_animation=&#8221;&#8221;][vc_column_inner width=&#8221;2\/3&#8243;][vc_column_text]Solo mediante el moldeado en fr\u00edo, Tecninox fabrica <strong>accesorios de soldadura a tope de \u00bd\u201d a 16\u201d, de acero inoxidable austen\u00edtico, d\u00faplex, superd\u00faplex, 6mo, aleaciones de n\u00edquel y titanio.<\/strong>[\/vc_column_text][vc_empty_space height=&#8221;50px&#8221;][vc_column_text css=&#8221;.vc_custom_1524225593152{padding-top: 30px !important;padding-right: 30px !important;padding-bottom: 30px !important;padding-left: 30px !important;background-image: url(https:\/\/www.raccortubi.com\/wp-content\/uploads\/2018\/01\/tecninox_prodotti_img_4.jpg?id=1032) !important;background-position: center !important;background-repeat: no-repeat !important;background-size: cover !important;}&#8221;]<\/p>\n<h3 style=\"padding-bottom: 20px;\"><span style=\"color: #ffffff;\">Gama de producci\u00f3n<\/span><\/h3>\n<p><span style=\"color: #ffffff; text-transform: uppercase;\"><strong>ACERO INOXIDABLE &amp; aleaciones especiales<\/strong><\/span><\/p>\n<p><span style=\"color: #ffffff;\">curvas long y short radius \/ tee \/ reducciones \/ extremos:<\/span><\/p>\n<p><span style=\"color: #ffffff;\">\u22c51\/2\u201d (21.3 mm) &gt; 16\u201d (406.4 mm)<\/span><\/p>\n<p><span style=\"color: #ffffff;\">\u22c5sch. 10S &gt; sch. XXS<\/span>[\/vc_column_text][vc_empty_space height=&#8221;50px&#8221;][vc_column_text]<\/p>\n<h4>PLANIFICACI\u00d3N ADAPTATIVA<\/h4>\n<p>La variabilidad de las necesidades de los clientes, partiendo desde la pieza individual hasta la provisi\u00f3n de un proyecto completo, es satisfecha por una <strong>planificaci\u00f3n que permite adaptarse a las urgencias de \u00faltimo minuto.<\/strong><\/p>\n<p>Utilizando como materia prima los tubos del mismo di\u00e1metro y espesor del producto a realizar, Tecninox puede recurrir al almac\u00e9n de Raccortubi en funci\u00f3n de las solicitudes a introducir directamente en producci\u00f3n.<\/p>\n<p>Est\u00e1 adem\u00e1s en condiciones de planificar con anticipo y precisi\u00f3n las cantidades previstas para las existencias de los almacenes Raccortubi, para los pedidos de los clientes o frente a urgencias no previstas, bas\u00e1ndose en <strong>sofisticados algoritmos de previsi\u00f3n y de programaci\u00f3n de capacidad finita.<\/strong><\/p>\n<p>Gracias a esta planificaci\u00f3n se crea entonces un <strong>flujo continuo<\/strong> que permite <strong>la mejor utilizaci\u00f3n de los recursos y un mayor control de todas las fases de producci\u00f3n<\/strong>, adem\u00e1s de la indudable ventaja de poder introducir nuevos pedidos sin influir en el cumplimiento de las entregas ya previstas.[\/vc_column_text][vc_empty_space height=&#8221;50px&#8221;][\/vc_column_inner][vc_column_inner width=&#8221;1\/3&#8243;][vc_single_image image=&#8221;1026&#8243; img_size=&#8221;full&#8221; qode_css_animation=&#8221;&#8221; el_class=&#8221;filter_grayscale&#8221;][vc_empty_space height=&#8221;50px&#8221;][\/vc_column_inner][\/vc_row_inner][\/vc_tab][vc_tab title=&#8221;Calidad&#8221; tab_id=&#8221;4e68dce0-7277-0&#8243;][vc_row_inner row_type=&#8221;row&#8221; type=&#8221;full_width&#8221; text_align=&#8221;left&#8221; css_animation=&#8221;&#8221;][vc_column_inner width=&#8221;1\/2&#8243;][vc_column_text]<strong>Los controles de calidad<\/strong> se encuentran en la base de todos los procesos de producci\u00f3n realizados en Tecninox.<\/p>\n<p>Desde la precisa selecci\u00f3n de las materias primas hasta las considerables inversiones en tecnolog\u00eda, con la realizaci\u00f3n de una <strong>isla robotizada para controles dimensionales, PMI, marcado y embalaje<\/strong>, garantizan la provisi\u00f3n de productos terminados de elevado nivel cualitativo.[\/vc_column_text][vc_empty_space height=&#8221;30px&#8221;][vc_column_text]<\/p>\n<h4>PRUEBAS DE LABORATORIO<\/h4>\n<p>Las pruebas efectuadas internamente se refieren a <strong>dureza, PMI, l\u00edquidos penetrantes y magnetoscopio<\/strong>. Otras pruebas destructivas y no destructivas son encargadas a laboratorios externos cualificados por organismos internacionales y con los cuales el Grupo Raccortubi ha establecido relaciones desde hace largo tiempo.<\/p>\n<p><strong>Composiciones qu\u00edmicas, valores mec\u00e1nicos y pruebas adicionales<\/strong> en d\u00faplex, superd\u00faplex y 6mo est\u00e1n sujetos a constantes controles para garantizar una producci\u00f3n que responda a los m\u00e1s elevados est\u00e1ndares cualitativos.<\/p>\n<p>Los clientes del Grupo Raccortubi pueden, de ese modo, aprovechar una disponibilidad inmediata de <strong>materiales completamente probados y certificados<\/strong> sin la sujeci\u00f3n a tiempos y costes adicionales para las pruebas de laboratorio, ya incluidos en el est\u00e1ndar del Grupo.[\/vc_column_text][vc_empty_space height=&#8221;30px&#8221;][\/vc_column_inner][vc_column_inner width=&#8221;1\/2&#8243;][vc_single_image image=&#8221;1784&#8243; img_size=&#8221;full&#8221; qode_css_animation=&#8221;&#8221; el_class=&#8221;filter_grayscale&#8221;][vc_empty_space height=&#8221;30px&#8221;][\/vc_column_inner][\/vc_row_inner][vc_row_inner row_type=&#8221;row&#8221; type=&#8221;full_width&#8221; text_align=&#8221;left&#8221; css_animation=&#8221;&#8221;][vc_column_inner width=&#8221;1\/2&#8243;][vc_column_text]<\/p>\n<h4>APROBACIONES Y CUALIFICACIONES<\/h4>\n<p>Tecninox ha sido el primer fabricante de racores sin soldadura en recibir la <strong>certificaci\u00f3n NORSOK M-650 Ed. 4<\/strong>.<\/p>\n<p>Adem\u00e1s de <strong>PED y\u00a0<\/strong><strong>ISO 9001:2015<\/strong>, como demostraci\u00f3n de la atenci\u00f3n puesta en la seguridad de los trabajadores y tambi\u00e9n del medio ambiente, Tecninox est\u00e1 certificado<strong> ISO 14001:2015<\/strong> e <strong>ISO 45001:2018<\/strong>.<\/p>\n<p>Adem\u00e1s cuenta con numerosas aprobaciones por parte de clientes finales.[\/vc_column_text][vc_empty_space height=&#8221;50px&#8221;][\/vc_column_inner][vc_column_inner width=&#8221;1\/2&#8243;][\/vc_column_inner][\/vc_row_inner][vc_column_text]<img decoding=\"async\" class=\"alignnone\" style=\"padding-right: 5px;\" src=\"\/wp-content\/uploads\/2017\/10\/download_icon.svg\" alt=\"\" width=\"20px\" height=\"20px\" \/><\/p>\n<h4><span style=\"color: #000000;\">DESCARGAR:\u00a0<\/span><\/h4>\n<p style=\"text-align: left;\"><a href=\"https:\/\/www.raccortubi.com\/wp-content\/uploads\/2025\/05\/ISO_9001-ENG-C651062-3-20250410.pdf\" target=\"_blank\" rel=\"noopener\">ISO 9001:2015<\/a> \/ <a href=\"https:\/\/www.raccortubi.com\/wp-content\/uploads\/2025\/04\/PED.pdf\" target=\"_blank\" rel=\"noopener\">PED<\/a>\u00a0\/ <a href=\"https:\/\/www.raccortubi.com\/wp-content\/uploads\/2024\/08\/Politica-14001-45001-Tecninox-2022-Rev.6.pdf\" target=\"_blank\" rel=\"noopener\">Pol\u00edtica de seguridad y medio ambiente\u00a0<\/a> \/ <a href=\"https:\/\/www.raccortubi.com\/wp-content\/uploads\/2025\/05\/ISO_14001-ENG-C737203-1-20250429.pdf\" target=\"_blank\" rel=\"noopener\">ISO 14001:2015<\/a> \/\u00a0 <a href=\"https:\/\/www.raccortubi.com\/wp-content\/uploads\/2025\/04\/ISO-45001-C737212-0-en-US-20250401.pdf\" target=\"_blank\" rel=\"noopener\">ISO 45001:2018<\/a> <span style=\"color: #000000;\">\u00a0<\/span><\/p>\n<p>[\/vc_column_text][vc_empty_space height=&#8221;50px&#8221;][\/vc_tab][\/vc_tabs][\/vc_column][\/vc_row][vc_row css_animation=&#8221;&#8221; row_type=&#8221;row&#8221; use_row_as_full_screen_section=&#8221;no&#8221; type=&#8221;full_width&#8221; angled_section=&#8221;no&#8221; text_align=&#8221;left&#8221; background_image_as_pattern=&#8221;without_pattern&#8221;][vc_column][vc_empty_space height=&#8221;60px&#8221;][\/vc_column][\/vc_row][vc_row css_animation=&#8221;&#8221; row_type=&#8221;row&#8221; use_row_as_full_screen_section=&#8221;no&#8221; type=&#8221;full_width&#8221; angled_section=&#8221;no&#8221; text_align=&#8221;left&#8221; background_image_as_pattern=&#8221;without_pattern&#8221; border_color=&#8221;#306980&#8243; css=&#8221;.vc_custom_1516804238292{background-color: #c4c4c4 !important;}&#8221;][vc_column][vc_column_text]<\/p>\n<p style=\"text-align: center;\"><span style=\"font-size: 12px;\">Tecninox S.r.l. \u2013 Via Don Spagnoli 7, 29010 Sarmato \u2013 Piacenza Italia \u2013 I.V.A. IT08398100159 \u2013 Capital Social \u20ac 1.500.000<\/span><\/p>\n<p>[\/vc_column_text][\/vc_column][\/vc_row]<\/p>\n","protected":false},"excerpt":{"rendered":"<p>[vc_row css_animation=&#8221;&#8221; row_type=&#8221;row&#8221; use_row_as_full_screen_section=&#8221;no&#8221; type=&#8221;grid&#8221; angled_section=&#8221;no&#8221; text_align=&#8221;left&#8221; background_image_as_pattern=&#8221;without_pattern&#8221; css=&#8221;.vc_custom_1516956727166{margin-top: 5% !important;}&#8221; el_class=&#8221;hide_on_desktop&#8221;][vc_column offset=&#8221;vc_hidden-lg vc_hidden-md vc_hidden-sm&#8221;][vc_single_image image=&#8221;467&#8243; img_size=&#8221;full&#8221; qode_css_animation=&#8221;&#8221; el_class=&#8221;logo_divisione&#8221;][vc_empty_space height=&#8221;15px&#8221;][\/vc_column][\/vc_row][vc_row css_animation=&#8221;&#8221; row_type=&#8221;row&#8221; use_row_as_full_screen_section=&#8221;no&#8221; type=&#8221;grid&#8221; angled_section=&#8221;no&#8221; text_align=&#8221;left&#8221; background_image_as_pattern=&#8221;without_pattern&#8221; css=&#8221;.vc_custom_1516956609951{margin-top: 2% !important;}&#8221;][vc_column width=&#8221;2\/3&#8243;][vc_column_text] La planificaci\u00f3n adaptativa en Tecninox permite una producci\u00f3n sin\u00e9rgicamente integrada al servicio de todas&#8230;<\/p>\n","protected":false},"author":3,"featured_media":0,"parent":2537,"menu_order":0,"comment_status":"open","ping_status":"closed","template":"full_width.php","meta":{"footnotes":""},"_links":{"self":[{"href":"https:\/\/www.raccortubi.com\/es\/wp-json\/wp\/v2\/pages\/2591"}],"collection":[{"href":"https:\/\/www.raccortubi.com\/es\/wp-json\/wp\/v2\/pages"}],"about":[{"href":"https:\/\/www.raccortubi.com\/es\/wp-json\/wp\/v2\/types\/page"}],"author":[{"embeddable":true,"href":"https:\/\/www.raccortubi.com\/es\/wp-json\/wp\/v2\/users\/3"}],"replies":[{"embeddable":true,"href":"https:\/\/www.raccortubi.com\/es\/wp-json\/wp\/v2\/comments?post=2591"}],"version-history":[{"count":9,"href":"https:\/\/www.raccortubi.com\/es\/wp-json\/wp\/v2\/pages\/2591\/revisions"}],"predecessor-version":[{"id":12741,"href":"https:\/\/www.raccortubi.com\/es\/wp-json\/wp\/v2\/pages\/2591\/revisions\/12741"}],"up":[{"embeddable":true,"href":"https:\/\/www.raccortubi.com\/es\/wp-json\/wp\/v2\/pages\/2537"}],"wp:attachment":[{"href":"https:\/\/www.raccortubi.com\/es\/wp-json\/wp\/v2\/media?parent=2591"}],"curies":[{"name":"wp","href":"https:\/\/api.w.org\/{rel}","templated":true}]}}