{"id":2584,"date":"2018-01-17T16:52:11","date_gmt":"2018-01-17T16:52:11","guid":{"rendered":"https:\/\/www.raccortubi.com\/il-gruppo\/raccortubi-singapore\/"},"modified":"2023-10-05T09:50:25","modified_gmt":"2023-10-05T09:50:25","slug":"raccortubi-singapore","status":"publish","type":"page","link":"https:\/\/www.raccortubi.com\/es\/el-grupo\/raccortubi-singapore\/","title":{"rendered":"Raccortubi Singapore"},"content":{"rendered":"<p>[vc_row css_animation=&#8221;&#8221; row_type=&#8221;row&#8221; use_row_as_full_screen_section=&#8221;no&#8221; type=&#8221;grid&#8221; angled_section=&#8221;no&#8221; text_align=&#8221;left&#8221; background_image_as_pattern=&#8221;without_pattern&#8221; css=&#8221;.vc_custom_1516956833214{margin-top: 5% !important;}&#8221; el_class=&#8221;hide_on_desktop&#8221;][vc_column offset=&#8221;vc_hidden-lg vc_hidden-md vc_hidden-sm&#8221;][vc_single_image image=&#8221;783&#8243; img_size=&#8221;full&#8221; qode_css_animation=&#8221;&#8221; el_class=&#8221;logo_divisione&#8221;][vc_empty_space height=&#8221;15px&#8221;][\/vc_column][\/vc_row][vc_row css_animation=&#8221;&#8221; row_type=&#8221;row&#8221; use_row_as_full_screen_section=&#8221;no&#8221; type=&#8221;grid&#8221; angled_section=&#8221;no&#8221; text_align=&#8221;left&#8221; background_image_as_pattern=&#8221;without_pattern&#8221; css=&#8221;.vc_custom_1516956665194{margin-top: 2% !important;}&#8221;][vc_column width=&#8221;2\/3&#8243;][vc_column_text]<\/p>\n<h1 class=\"classe_seo_2\">Una amplia gama de materiales del sector de tuber\u00edas listos en stock le permite a Raccortubi Singapore entregas inmediatas y flexibles.<\/h1>\n<p>[\/vc_column_text][vc_empty_space height=&#8221;30px&#8221;][vc_column_text]<\/p>\n<h2 class=\"classe_seo_3\">Contrariamente a los dem\u00e1s actores del sudeste asi\u00e1tico, Raccortubi Singapore puede jactarse de un amplio almac\u00e9n con una gama completa de materiales del sector de las tuber\u00edas de acero inoxidable y aleaciones especiales que lo tornan un centro neur\u00e1lgico para el sector Oil &amp; Gas local.<\/h2>\n<p>[\/vc_column_text][\/vc_column][vc_column width=&#8221;1\/3&#8243; offset=&#8221;vc_hidden-xs&#8221;][vc_single_image image=&#8221;783&#8243; img_size=&#8221;full&#8221; qode_css_animation=&#8221;&#8221; el_class=&#8221;logo_divisione&#8221;][\/vc_column][\/vc_row][vc_row css_animation=&#8221;&#8221; row_type=&#8221;row&#8221; use_row_as_full_screen_section=&#8221;no&#8221; type=&#8221;grid&#8221; angled_section=&#8221;no&#8221; text_align=&#8221;left&#8221; background_image_as_pattern=&#8221;without_pattern&#8221; row_negative_margin=&#8221;disable_negative_margin&#8221;][vc_column][vc_empty_space height=&#8221;30px&#8221;][vc_tabs style=&#8221;boxed&#8221; el_class=&#8221;tab_red&#8221;][vc_tab title=&#8221;CARACTER\u00cdSTICAS&#8221; tab_id=&#8221;396f2c87-5ee8-5&#8243;][vc_row_inner row_type=&#8221;row&#8221; type=&#8221;full_width&#8221; text_align=&#8221;left&#8221; css_animation=&#8221;&#8221;][vc_column_inner width=&#8221;1\/2&#8243;][vc_column_text css=&#8221;.vc_custom_1521113888869{margin-bottom: 3% !important;}&#8221;]Raccortubi Singapore dispone de un articulado almac\u00e9n constituido por <strong>tubos, accesorios y bridas de acero inoxidable austen\u00edtico, d\u00faplex, superd\u00faplex, 6mo, aleaciones de n\u00edquel y titanio.<\/strong><\/p>\n<p>&nbsp;<\/p>\n<p>Por lo tanto, est\u00e1 en condiciones de proveer a los clientes en todo el sudeste asi\u00e1tico tanto <strong>soluciones de tuber\u00edas<\/strong> para <strong>paquetes completos destinados a proyectos espec\u00edficos, como material de stock para necesidades urgentes o de simple mantenimiento.<\/strong><\/p>\n<p>&nbsp;<\/p>\n<p><strong>Eficiencia del servicio y flexibilidad de las soluciones<\/strong> son los cimientos de la actividad de Raccortubi Singapore, lo que reduce los plazos de ejecuci\u00f3n del pedido, incluso para las exigencias m\u00e1s cr\u00edticas.[\/vc_column_text][vc_empty_space height=&#8221;30px&#8221;][vc_column_text]<\/p>\n<h4>CALIDAD Y SERVICIOS<\/h4>\n<p>Adem\u00e1s de las <strong>numerosas aprobaciones recibidas por Raccortubi Singapore por parte de clientes finales<\/strong>, <strong>las especificaciones t\u00e9cnicas internas<\/strong> del Grupo han sido dise\u00f1adas para garantizar la producci\u00f3n y el almacenamiento de materiales completamente probados y certificados de plena conformidad con los m\u00e1s estrictos requisitos del sector, desvinculando adem\u00e1s a los clientes de plazos y costes adicionales para las correspondientes pruebas de laboratorio.<\/p>\n<p>&nbsp;<\/p>\n<p>Como complemento, Raccortubi Singapore ofrece tambi\u00e9n variadas <strong>posibilidades de <a href=\"https:\/\/www.raccortubi.com\/es\/nuestras-soluciones\/embalajes-especiales-accesorios\/\">personalizaci\u00f3n<\/a><\/strong> del pedido del cliente, como mecanizados especiales de acuerdo a las especificaciones del cliente, <strong>c\u00f3digos de color, marcados especiales y embalajes especiales<\/strong>.<\/p>\n<p>&nbsp;<\/p>\n<p>Junto al <strong>reabastecimiento del stock<\/strong> garantizado por la producci\u00f3n interna, est\u00e1 en condiciones de proveer a los clientes <strong>soluciones flexibles, de elevado nivel cualitativo y a costes reducidos con plazos de entrega abreviados.<\/strong><\/p>\n<p>&nbsp;<\/p>\n<p>Raccortubi Singapore cuenta con la certificaci\u00f3n<strong> ISO 9001:2015<\/strong>.[\/vc_column_text][vc_empty_space height=&#8221;50px&#8221;][\/vc_column_inner][vc_column_inner width=&#8221;1\/2&#8243;][vc_single_image image=&#8221;1746&#8243; img_size=&#8221;full&#8221; alignment=&#8221;right&#8221; qode_css_animation=&#8221;&#8221; el_class=&#8221;filter_grayscale&#8221;][vc_empty_space height=&#8221;50px&#8221;][\/vc_column_inner][\/vc_row_inner][\/vc_tab][vc_tab title=&#8221;SOLUCIONES EN TUBER\u00cdAS&#8221; tab_id=&#8221;4e68dce0-7277-0&#8243;][vc_column_text]Raccortubi Singapore provee desde stock <strong>tubos, accesorios y bridas de acero inoxidable austen\u00edtico, d\u00faplex, superd\u00faplex, 6mo, aleaciones de n\u00edquel y titanio<\/strong>.<\/p>\n<p>&nbsp;<\/p>\n<p>Basado en su pertenencia al Grupo Raccortubi, que cuenta con una <strong>red de distribuci\u00f3n global junto con la producci\u00f3n integrada de accesorios de soldadura a tope<\/strong>, ofrece a los clientes del sudeste asi\u00e1tico <strong>paquetes completos destinados tanto a proyectos espec\u00edficos como a necesidades urgentes o de simple mantenimiento<\/strong>.<\/p>\n<p>&nbsp;<\/p>\n<p>Los clientes pueden recibir <strong>soluciones del sector tuber\u00edas de alta calidad con plazos de entrega abreviados<\/strong>, ya que Raccortubi Singapore puede obtener materiales de un amplio almac\u00e9n continuamente reabastecido por la producci\u00f3n interna del establecimientos de producci\u00f3n italiano.[\/vc_column_text][vc_empty_space height=&#8221;30px&#8221;][vc_row_inner row_type=&#8221;row&#8221; type=&#8221;grid&#8221; text_align=&#8221;left&#8221; padding_top=&#8221;30&#8243; css_animation=&#8221;&#8221; css=&#8221;.vc_custom_1516901484962{background-image: url(https:\/\/www.raccortubi.com\/wp-content\/uploads\/2018\/01\/raccortubi_singapore_img_2.jpg?id=1137) !important;background-position: center !important;background-repeat: no-repeat !important;background-size: cover !important;}&#8221;][vc_column_inner el_class=&#8221;link-miki&#8221; width=&#8221;1\/2&#8243;][vc_column_text css=&#8221;.vc_custom_1683880661279{padding-right: 30px !important;padding-left: 30px !important;}&#8221;]<\/p>\n<h3 style=\"padding-bottom: 20px;\"><span style=\"color: #ffffff;\">En stock<\/span><\/h3>\n<p><strong><span style=\"color: #ffffff; text-transform: uppercase;\">ACERO INOXIDABLE AUSTEN\u00cdTICO, D\u00daPLEX, SUPERD\u00daPLEX, 6MO, ALEACIONES DE N\u00cdQUEL 625 &amp; 825, titanio<\/span><\/strong><\/p>\n<p><span style=\"color: #ffffff;\">\u2022 <a href=\"https:\/\/www.raccortubi.com\/es\/distribucion-tuberia-plantas-industriales\/\">Tubos<\/a><\/span><\/p>\n<p><span style=\"color: #ffffff;\">\u2022 <a href=\"https:\/\/www.raccortubi.com\/es\/produccion-accesorios-soldar-a-tope\/\">Accesorios para tubos<\/a><\/span><\/p>\n<p><span style=\"color: #ffffff;\">\u2022 <a href=\"https:\/\/www.raccortubi.com\/es\/distribucion-bridas-con-cuello-ciegas-roscadas\/\">Bridas<\/a><\/span>[\/vc_column_text][vc_empty_space height=&#8221;30px&#8221;][\/vc_column_inner][vc_column_inner width=&#8221;1\/2&#8243;][vc_column_text css=&#8221;.vc_custom_1684920399085{padding-right: 30px !important;padding-left: 30px !important;}&#8221;]<\/p>\n<h3 style=\"padding-bottom: 20px;\"><span style=\"color: #ffffff;\">En el sitio de producci\u00f3n italiano<\/span><\/h3>\n<p><span style=\"color: #ffffff; text-transform: uppercase;\"><strong>ACEROS INOXIDABLES Y ALEACIONES ESPECIALES<\/strong><\/span><\/p>\n<p><span style=\"color: #ffffff;\">Curvas long y short radius \/ tee \/ reducciones \/ extremos:<\/span><\/p>\n<p><span style=\"color: #ffffff;\">\u2022 sin soldadura \u00bd\u201d (21.3 mm) &gt; 16\u201d (406.4 mm)<\/span><\/p>\n<p><span style=\"color: #ffffff;\">\u2022 soldadas 4\u201d (114.3 mm) &gt; 16\u201d (406.4 mm)<\/span>[\/vc_column_text][vc_empty_space height=&#8221;30px&#8221;][\/vc_column_inner][\/vc_row_inner][vc_empty_space height=&#8221;50px&#8221;][vc_column_text]<img decoding=\"async\" class=\"alignnone\" style=\"padding-right: 5px;\" src=\"\/wp-content\/uploads\/2017\/10\/download_icon.svg\" alt=\"\" width=\"20px\" height=\"20px\" \/><\/p>\n<h4><span style=\"color: #000000;\">DESCARGAR:\u00a0<\/span><\/h4>\n<p style=\"text-align: left;\"><a href=\"https:\/\/www.raccortubi.com\/wp-content\/uploads\/2023\/10\/Raccortubi-Group_STOCKProducci\u00f3n.pdf\" target=\"_blank\" rel=\"noopener\">Gama en stock<\/a><\/p>\n<p>[\/vc_column_text][vc_empty_space height=&#8221;50px&#8221;][\/vc_tab][\/vc_tabs][\/vc_column][\/vc_row][vc_row css_animation=&#8221;&#8221; row_type=&#8221;row&#8221; use_row_as_full_screen_section=&#8221;no&#8221; type=&#8221;grid&#8221; angled_section=&#8221;no&#8221; text_align=&#8221;left&#8221; background_image_as_pattern=&#8221;without_pattern&#8221; border_color=&#8221;#e42313&#8243; css=&#8221;.vc_custom_1516806183215{background-color: #c4c4c4 !important;}&#8221;][vc_column][vc_column_text css=&#8221;.vc_custom_1516806203625{padding-top: 5px !important;padding-bottom: 5px !important;}&#8221;]<\/p>\n<p style=\"text-align: center;\"><span style=\"font-size: 12px;\">Raccortubi Singapore Pte. Ltd. &#8211; 101B Pioneer Road &#8211; Singapore 639607<\/span><\/p>\n<p>[\/vc_column_text][\/vc_column][\/vc_row]<\/p>\n","protected":false},"excerpt":{"rendered":"<p>[vc_row css_animation=&#8221;&#8221; row_type=&#8221;row&#8221; use_row_as_full_screen_section=&#8221;no&#8221; type=&#8221;grid&#8221; angled_section=&#8221;no&#8221; text_align=&#8221;left&#8221; background_image_as_pattern=&#8221;without_pattern&#8221; css=&#8221;.vc_custom_1516956833214{margin-top: 5% !important;}&#8221; el_class=&#8221;hide_on_desktop&#8221;][vc_column offset=&#8221;vc_hidden-lg vc_hidden-md vc_hidden-sm&#8221;][vc_single_image image=&#8221;783&#8243; img_size=&#8221;full&#8221; qode_css_animation=&#8221;&#8221; el_class=&#8221;logo_divisione&#8221;][vc_empty_space height=&#8221;15px&#8221;][\/vc_column][\/vc_row][vc_row css_animation=&#8221;&#8221; row_type=&#8221;row&#8221; use_row_as_full_screen_section=&#8221;no&#8221; type=&#8221;grid&#8221; angled_section=&#8221;no&#8221; text_align=&#8221;left&#8221; background_image_as_pattern=&#8221;without_pattern&#8221; css=&#8221;.vc_custom_1516956665194{margin-top: 2% !important;}&#8221;][vc_column width=&#8221;2\/3&#8243;][vc_column_text] Una amplia gama de materiales del sector de tuber\u00edas listos en stock le permite&#8230;<\/p>\n","protected":false},"author":3,"featured_media":0,"parent":2537,"menu_order":0,"comment_status":"open","ping_status":"closed","template":"full_width.php","meta":{"footnotes":""},"_links":{"self":[{"href":"https:\/\/www.raccortubi.com\/es\/wp-json\/wp\/v2\/pages\/2584"}],"collection":[{"href":"https:\/\/www.raccortubi.com\/es\/wp-json\/wp\/v2\/pages"}],"about":[{"href":"https:\/\/www.raccortubi.com\/es\/wp-json\/wp\/v2\/types\/page"}],"author":[{"embeddable":true,"href":"https:\/\/www.raccortubi.com\/es\/wp-json\/wp\/v2\/users\/3"}],"replies":[{"embeddable":true,"href":"https:\/\/www.raccortubi.com\/es\/wp-json\/wp\/v2\/comments?post=2584"}],"version-history":[{"count":5,"href":"https:\/\/www.raccortubi.com\/es\/wp-json\/wp\/v2\/pages\/2584\/revisions"}],"predecessor-version":[{"id":11973,"href":"https:\/\/www.raccortubi.com\/es\/wp-json\/wp\/v2\/pages\/2584\/revisions\/11973"}],"up":[{"embeddable":true,"href":"https:\/\/www.raccortubi.com\/es\/wp-json\/wp\/v2\/pages\/2537"}],"wp:attachment":[{"href":"https:\/\/www.raccortubi.com\/es\/wp-json\/wp\/v2\/media?parent=2584"}],"curies":[{"name":"wp","href":"https:\/\/api.w.org\/{rel}","templated":true}]}}