{"id":2569,"date":"2018-01-10T15:48:21","date_gmt":"2018-01-10T15:48:21","guid":{"rendered":"https:\/\/www.raccortubi.com\/il-gruppo\/raccortubi-norsk\/"},"modified":"2024-02-26T09:24:55","modified_gmt":"2024-02-26T09:24:55","slug":"raccortubi-uk","status":"publish","type":"page","link":"https:\/\/www.raccortubi.com\/es\/el-grupo\/raccortubi-uk\/","title":{"rendered":"Raccortubi UK"},"content":{"rendered":"<p>[vc_row css_animation=&#8221;&#8221; row_type=&#8221;row&#8221; use_row_as_full_screen_section=&#8221;no&#8221; type=&#8221;grid&#8221; angled_section=&#8221;no&#8221; text_align=&#8221;left&#8221; background_image_as_pattern=&#8221;without_pattern&#8221; css=&#8221;.vc_custom_1516956748173{margin-top: 5% !important;}&#8221; el_class=&#8221;hide_on_desktop&#8221;][vc_column offset=&#8221;vc_hidden-lg vc_hidden-md vc_hidden-sm&#8221;][vc_single_image image=&#8221;12340&#8243; img_size=&#8221;full&#8221; qode_css_animation=&#8221;&#8221; el_class=&#8221;logo_divisione&#8221; el_id=&#8221;hide_on_desktop&#8221;][vc_empty_space height=&#8221;15px&#8221;][\/vc_column][\/vc_row][vc_row css_animation=&#8221;&#8221; row_type=&#8221;row&#8221; use_row_as_full_screen_section=&#8221;no&#8221; type=&#8221;grid&#8221; angled_section=&#8221;no&#8221; text_align=&#8221;left&#8221; background_image_as_pattern=&#8221;without_pattern&#8221; css=&#8221;.vc_custom_1516956652230{margin-top: 2% !important;}&#8221;][vc_column width=&#8221;2\/3&#8243;][vc_column_text]<\/p>\n<h5>Con sede en Escocia (Aberdeen), Raccortubi UK se especializa en el almacenamiento y en la distribuci\u00f3n\u00a0de material de tuber\u00eda para aplicaciones cr\u00edticas. En particular, para el sector Oil &amp; Gas, para plantas de tratamiento de agua, centrales nucleares y proyectos de<em> captura de carbono.<\/em><\/h5>\n<p>[\/vc_column_text][vc_empty_space height=&#8221;30px&#8221;][vc_column_text]<\/p>\n<h5>Gracias a la consolidada experiencia de sus recursos,<\/h5>\n<h1 class=\"classe_seo_2\">Raccortubi UK est\u00e1 en condiciones<br \/>\nde hacer frente a los pedidos de los clientes locales prontamente y a costos reducidos.<\/h1>\n<p>[\/vc_column_text][vc_empty_space height=&#8221;30px&#8221;][\/vc_column][vc_column width=&#8221;1\/3&#8243; offset=&#8221;vc_hidden-xs&#8221;][vc_single_image image=&#8221;12340&#8243; img_size=&#8221;full&#8221; qode_css_animation=&#8221;&#8221; el_class=&#8221;logo_divisione&#8221;][\/vc_column][\/vc_row][vc_row css_animation=&#8221;&#8221; row_type=&#8221;row&#8221; use_row_as_full_screen_section=&#8221;no&#8221; type=&#8221;grid&#8221; angled_section=&#8221;no&#8221; text_align=&#8221;left&#8221; background_image_as_pattern=&#8221;without_pattern&#8221; row_negative_margin=&#8221;disable_negative_margin&#8221;][vc_column][vc_tabs style=&#8221;boxed&#8221; el_class=&#8221;tab_red&#8221;][vc_tab title=&#8221;CARACTER\u00cdSTICAS&#8221; tab_id=&#8221;396f2c87-5ee8-5&#8243;][vc_row_inner row_type=&#8221;row&#8221; type=&#8221;full_width&#8221; text_align=&#8221;left&#8221; css_animation=&#8221;&#8221;][vc_column_inner width=&#8221;1\/2&#8243;][vc_column_text css=&#8221;.vc_custom_1708939000223{margin-bottom: 3% !important;}&#8221;]Raccortubi UK provee <strong>tubos, accesorios y bridas de acero inoxidable y aleaciones especiales<\/strong> destinados principalmente a las <strong>plataformas off-shore<\/strong> y a <strong>aplicaciones Oil &amp; Gas<\/strong>.<\/p>\n<p>&nbsp;<\/p>\n<p>A partir de solicitudes de piezas individuales, da apoyo a los clientes en cada una de las fases del proceso de provisi\u00f3n, hasta la preparaci\u00f3n de paquetes completos para proyectos espec\u00edficos, ofreciendo material probado y certificado para todas las exigencias, incluso en la configuraci\u00f3n de stocks espec\u00edficos para acuerdos marco, garantizando en caso necesario <strong>entregas a lo largo de la misma jornada<\/strong>.<\/p>\n<p>&nbsp;<\/p>\n<p>La estructura de Grupo, que combina sin\u00e9rgicamente producci\u00f3n y distribuci\u00f3n, le permite a Raccortubi UK m\u00e1xima eficacia en la preparaci\u00f3n de las entregas en todos los pedidos, tanto en el mercado del Reino Unido, como a nivel internacional. El continuo reabastecimiento del stock garantizado por la producci\u00f3n interna en el establecimiento en Italia reduce al m\u00ednimo las carencias de disponibilidad en almac\u00e9n.<\/p>\n<p>&nbsp;<\/p>\n<p>Raccortubi UK tambi\u00e9n cuenta con un taller mec\u00e1nico interno, para brindar asistencia y proporcionar tiempos de entrega r\u00e1pidos, en funci\u00f3n de las solicitudes de los clientes.<\/p>\n<p>Previa solicitud, tambi\u00e9n se encuentran disponibles <strong>v\u00e1lvulas<\/strong> de todos los tipos, tama\u00f1os, clases de presi\u00f3n y grados de material.<\/p>\n<p>&nbsp;<\/p>\n<p><strong>Soluciones flexibles, de elevado nivel cualitativo y a costes reducidos con tiempos de entrega abreviados se encuentran en la base del servicio garantizado por Raccortubi UK.<\/strong>[\/vc_column_text][vc_empty_space height=&#8221;30px&#8221;][\/vc_column_inner][vc_column_inner width=&#8221;1\/2&#8243;][vc_single_image image=&#8221;956&#8243; img_size=&#8221;full&#8221; alignment=&#8221;right&#8221; qode_css_animation=&#8221;&#8221; el_class=&#8221;filter_grayscale&#8221;][vc_empty_space height=&#8221;30px&#8221;][vc_column_text]<\/p>\n<p style=\"text-align: center;\">\u00a1Mire nuestro v\u00eddeo de presentaci\u00f3n\u00a0<a href=\"https:\/\/www.youtube.com\/watch?v=V3DDYm8F2C8\" target=\"_blank\" rel=\"noopener\">aqu\u00ed<\/a>!<\/p>\n<p>[\/vc_column_text][\/vc_column_inner][\/vc_row_inner][vc_row_inner row_type=&#8221;row&#8221; type=&#8221;grid&#8221; text_align=&#8221;left&#8221; css_animation=&#8221;&#8221;][vc_column_inner width=&#8221;1\/2&#8243;][vc_single_image image=&#8221;926&#8243; img_size=&#8221;full&#8221; alignment=&#8221;right&#8221; qode_css_animation=&#8221;&#8221; el_class=&#8221;filter_grayscale&#8221;][vc_empty_space height=&#8221;30px&#8221;][\/vc_column_inner][vc_column_inner width=&#8221;1\/2&#8243;][vc_column_text]<\/p>\n<h4>CALIDAD Y SERVICIOS<\/h4>\n<p>Raccortubi UK puede jactarse de una excelente infraestructura interna para la realizaci\u00f3n de controles no destructivos (CND) &#8211; medici\u00f3n de ferrita, prueba de dureza, DPI, MPI, PMI &#8211; adem\u00e1s de todas las pruebas tecnol\u00f3gicas efectuadas por laboratorios externos cualificados.<\/p>\n<p>Adem\u00e1s, Raccortubi UK ofrece variadas <strong>posibilidades de <a href=\"https:\/\/www.raccortubi.com\/es\/nuestras-soluciones\/embalajes-especiales-accesorios\/\">personalizaci\u00f3n<\/a><\/strong> del pedido del cliente, como mecanizados especiales de acuerdo a las especificaciones del cliente, <strong>c\u00f3digos de color, marcados especiales y embalajes especiales.<\/strong><\/p>\n<p>&nbsp;<\/p>\n<p>Raccortubi UK est\u00e1 registrada <strong>entre las empresas aprobadas por Achilles FPAL y SEQual<\/strong>, requisitos fundamentales para los proveedores en el Reino Unido, y dispone de numerosas <strong>aprobaciones de clientes finales<\/strong>.[\/vc_column_text][vc_empty_space height=&#8221;60px&#8221;][\/vc_column_inner][\/vc_row_inner][\/vc_tab][vc_tab title=&#8221; SOLUCIONES EN TUBER\u00cdAS&#8221; tab_id=&#8221;4e68dce0-7277-0&#8243;][vc_column_text]El stock local de Raccortubi UK est\u00e1 compuesto por <strong>m\u00e1s de 3000 toneladas<\/strong> de material para la provisi\u00f3n inmediata de <strong>tubos, accesorios y bridas de acero inoxidable austen\u00edtico, d\u00faplex, superd\u00faplex, 6mo, aleaciones de n\u00edquel y titanio<\/strong>, destinados en particular al sector Oil &amp; Gas y a las plataformas off-shore.<\/p>\n<p>Raccortubi UK un interlocutor \u00fanico para todas las exigencias del cliente, con la posibilidad de proveer paquetes completos para proyectos de modo r\u00e1pido y econ\u00f3micamente ventajoso, incluso los m\u00e1s heterog\u00e9neos.<\/p>\n<p>&nbsp;<\/p>\n<p>Adem\u00e1s, Raccortubi UK tambi\u00e9n puede proporcionar <strong>v\u00e1lvulas<\/strong> en todos los tipos, tama\u00f1os, clases de presi\u00f3n y grados de material, para completar la oferta.[\/vc_column_text][vc_empty_space height=&#8221;30px&#8221;][vc_row_inner row_type=&#8221;row&#8221; type=&#8221;grid&#8221; text_align=&#8221;left&#8221; padding_top=&#8221;30&#8243; css_animation=&#8221;&#8221; css=&#8221;.vc_custom_1516900775681{background-image: url(https:\/\/www.raccortubi.com\/wp-content\/uploads\/2018\/01\/raccortubi_norsk_img_3-1.jpg?id=948) !important;background-position: center !important;background-repeat: no-repeat !important;background-size: cover !important;}&#8221;][vc_column_inner el_class=&#8221;link-miki&#8221; width=&#8221;1\/2&#8243;][vc_column_text css=&#8221;.vc_custom_1683877748886{padding-right: 30px !important;padding-left: 30px !important;}&#8221;]<\/p>\n<h3 style=\"padding-bottom: 20px;\"><span style=\"color: #ffffff;\">En stock<\/span><\/h3>\n<p><strong><span style=\"color: #ffffff; text-transform: uppercase;\">ACERO INOXIDABLE AUSTEN\u00cdTICO, D\u00daPLEX, SUPERD\u00daPLEX, 6MO, ALEACIONES DE N\u00cdQUEL 625 &amp; 825, titanio<\/span><\/strong><\/p>\n<p><span style=\"color: #ffffff;\">\u2022 <a href=\"https:\/\/www.raccortubi.com\/es\/distribucion-tuberia-plantas-industriales\/\">Tubos<\/a><\/span><\/p>\n<p><span style=\"color: #ffffff;\">\u2022 <a href=\"https:\/\/www.raccortubi.com\/es\/produccion-accesorios-soldar-a-tope\/\">Accesorios para tubos<\/a><\/span><\/p>\n<p><span style=\"color: #ffffff;\">\u2022 Bridas<\/span>[\/vc_column_text][vc_empty_space height=&#8221;30px&#8221;][\/vc_column_inner][vc_column_inner width=&#8221;1\/2&#8243;][vc_column_text css=&#8221;.vc_custom_1684920355532{padding-right: 30px !important;padding-left: 30px !important;}&#8221;]<\/p>\n<h3 style=\"padding-bottom: 20px;\"><span style=\"color: #ffffff;\">En el sitio de producci\u00f3n italiano<\/span><\/h3>\n<p><span style=\"color: #ffffff; text-transform: uppercase;\"><strong>ACEROS INOXIDABLES Y ALEACIONES ESPECIALES<\/strong><\/span><\/p>\n<p><span style=\"color: #ffffff;\">Curvas long y short radius \/ tee \/ reducciones \/ extremos:<\/span><\/p>\n<p><span style=\"color: #ffffff;\">\u2022 sin soldadura \u00bd\u201d (21.3 mm) &gt; 16\u201d (406.4 mm)<\/span><\/p>\n<p><span style=\"color: #ffffff;\">\u2022 soldadas 4\u201d (114.3 mm) &gt; 16\u201d (406.4 mm)<\/span>[\/vc_column_text][vc_empty_space height=&#8221;30px&#8221;][\/vc_column_inner][\/vc_row_inner][vc_empty_space height=&#8221;50px&#8221;][vc_column_text]<img decoding=\"async\" class=\"alignnone\" style=\"padding-right: 5px;\" src=\"\/wp-content\/uploads\/2017\/10\/download_icon.svg\" alt=\"\" width=\"20px\" height=\"20px\" \/><\/p>\n<h4><span style=\"color: #000000;\">DESCARGAR:\u00a0<\/span><\/h4>\n<p style=\"text-align: left;\"><a href=\"https:\/\/www.raccortubi.com\/wp-content\/uploads\/2023\/10\/Raccortubi-Group_STOCKProducci\u00f3n.pdf\" target=\"_blank\" rel=\"noopener\">Gama en stock<\/a><\/p>\n<p>[\/vc_column_text][vc_empty_space height=&#8221;50px&#8221;][vc_row_inner row_type=&#8221;row&#8221; type=&#8221;grid&#8221; text_align=&#8221;left&#8221; padding_top=&#8221;30&#8243; css_animation=&#8221;&#8221; css=&#8221;.vc_custom_1683878383436{background-image: url(https:\/\/www.raccortubi.com\/wp-content\/uploads\/2023\/04\/ValvessuppliedbyRaccortubiNorsk.jpg?id=11052) !important;background-position: center !important;background-repeat: no-repeat !important;background-size: cover !important;}&#8221;][vc_column_inner el_class=&#8221;link-miki&#8221; width=&#8221;1\/2&#8243;][vc_column_text css=&#8221;.vc_custom_1683880390761{padding-right: 30px !important;padding-left: 30px !important;}&#8221;]<\/p>\n<h3 style=\"padding-bottom: 20px;\"><span style=\"color: #ffffff;\">V\u00e1lvulas<\/span><\/h3>\n<p><strong><span style=\"color: #ffffff; text-transform: uppercase;\">Tipos de v\u00e1lvulas<\/span><\/strong><\/p>\n<p><span style=\"color: #ffffff;\">\u2022de bola<br \/>\n\u2022de compuerta<br \/>\n\u2022de globo<br \/>\n\u2022de retenci\u00f3n<br \/>\n\u2022de mariposa<br \/>\n\u2022bloqueo doble y purga<br \/>\n\u2022de aguja<br \/>\n\u2022criog\u00e9nica<br \/>\n\u2022Through Conduit<br \/>\n\u2022Control &amp; seguridad<\/span><\/p>\n<p>&nbsp;<\/p>\n<p><span style=\"color: #ffffff;\">\u2022Manuales<br \/>\n\u2022Accionadas<br \/>\n\u2022Topside<\/span><\/p>\n<p><span style=\"color: #ffffff;\">\u2022Subsea<\/span><\/p>\n<p>&nbsp;<\/p>\n<p><span style=\"color: #ffffff;\">\u2022Tama\u00f1os: 1\/4\u2033 \u2013 60\u2033<\/span><\/p>\n<p><span style=\"color: #ffffff;\">\u2022Clasificaci\u00f3n: 150 \u2013 2500lb<\/span><span style=\"color: #ffffff;\">, API 5k-15k<\/span>[\/vc_column_text][vc_empty_space height=&#8221;30px&#8221;][\/vc_column_inner][vc_column_inner width=&#8221;1\/2&#8243;][vc_column_text css=&#8221;.vc_custom_1683880495874{padding-right: 30px !important;padding-left: 30px !important;}&#8221;]<\/p>\n<h3 style=\"padding-bottom: 20px;\"><\/h3>\n<p>&nbsp;<\/p>\n<p><span style=\"color: #ffffff; text-transform: uppercase;\"><strong>MATERIALES<\/strong><\/span><\/p>\n<p><span style=\"color: #ffffff;\">\u2022Acero carbono de baja temperatura<br \/>\n\u2022Acero carbono<br \/>\n\u2022Acero inoxidable<br \/>\n\u2022D\u00faplex &amp; Super D\u00faplex<br \/>\n\u2022Acero aleado<\/span><\/p>\n<p>&nbsp;<\/p>\n<p><strong><span style=\"color: #ffffff; text-transform: uppercase;\">Conexiones finales<\/span><\/strong><\/p>\n<p><span style=\"color: #ffffff;\">\u2022RF<br \/>\n\u2022RTJ<br \/>\n\u2022BW<br \/>\n\u2022SW<br \/>\n\u2022NPT<br \/>\n\u2022NPT X SW<br \/>\n\u2022HUB<br \/>\n<\/span>[\/vc_column_text][vc_empty_space height=&#8221;30px&#8221;][\/vc_column_inner][\/vc_row_inner][vc_empty_space height=&#8221;50px&#8221;][\/vc_tab][\/vc_tabs][\/vc_column][\/vc_row][vc_row css_animation=&#8221;&#8221; row_type=&#8221;row&#8221; use_row_as_full_screen_section=&#8221;no&#8221; type=&#8221;grid&#8221; angled_section=&#8221;no&#8221; text_align=&#8221;left&#8221; background_image_as_pattern=&#8221;without_pattern&#8221; border_color=&#8221;#e42313&#8243; css=&#8221;.vc_custom_1516803384504{background-color: #c4c4c4 !important;}&#8221;][vc_column][vc_column_text css=&#8221;.vc_custom_1708939035695{padding-top: 5px !important;padding-bottom: 5px !important;}&#8221;]<\/p>\n<p style=\"text-align: center;\"><span style=\"font-size: 12px;\">Raccortubi UK Ltd. &#8211; Building 2 Woodburn Road &#8211; Blackburn Business Park &#8211; Blackburn &#8211; Aberdeen AB21 0PS &#8211; United Kingdom &#8211; Registrar of Companies for Scotland No. 290474<\/span><\/p>\n<p>[\/vc_column_text][\/vc_column][\/vc_row]<\/p>\n","protected":false},"excerpt":{"rendered":"<p>[vc_row css_animation=&#8221;&#8221; row_type=&#8221;row&#8221; use_row_as_full_screen_section=&#8221;no&#8221; type=&#8221;grid&#8221; angled_section=&#8221;no&#8221; text_align=&#8221;left&#8221; background_image_as_pattern=&#8221;without_pattern&#8221; css=&#8221;.vc_custom_1516956748173{margin-top: 5% !important;}&#8221; el_class=&#8221;hide_on_desktop&#8221;][vc_column offset=&#8221;vc_hidden-lg vc_hidden-md vc_hidden-sm&#8221;][vc_single_image image=&#8221;12340&#8243; img_size=&#8221;full&#8221; qode_css_animation=&#8221;&#8221; el_class=&#8221;logo_divisione&#8221; el_id=&#8221;hide_on_desktop&#8221;][vc_empty_space height=&#8221;15px&#8221;][\/vc_column][\/vc_row][vc_row css_animation=&#8221;&#8221; row_type=&#8221;row&#8221; use_row_as_full_screen_section=&#8221;no&#8221; type=&#8221;grid&#8221; angled_section=&#8221;no&#8221; text_align=&#8221;left&#8221; background_image_as_pattern=&#8221;without_pattern&#8221; css=&#8221;.vc_custom_1516956652230{margin-top: 2% !important;}&#8221;][vc_column width=&#8221;2\/3&#8243;][vc_column_text] Con sede en Escocia (Aberdeen), Raccortubi UK se especializa en el almacenamiento y&#8230;<\/p>\n","protected":false},"author":3,"featured_media":0,"parent":2537,"menu_order":0,"comment_status":"open","ping_status":"closed","template":"full_width.php","meta":{"footnotes":""},"_links":{"self":[{"href":"https:\/\/www.raccortubi.com\/es\/wp-json\/wp\/v2\/pages\/2569"}],"collection":[{"href":"https:\/\/www.raccortubi.com\/es\/wp-json\/wp\/v2\/pages"}],"about":[{"href":"https:\/\/www.raccortubi.com\/es\/wp-json\/wp\/v2\/types\/page"}],"author":[{"embeddable":true,"href":"https:\/\/www.raccortubi.com\/es\/wp-json\/wp\/v2\/users\/3"}],"replies":[{"embeddable":true,"href":"https:\/\/www.raccortubi.com\/es\/wp-json\/wp\/v2\/comments?post=2569"}],"version-history":[{"count":9,"href":"https:\/\/www.raccortubi.com\/es\/wp-json\/wp\/v2\/pages\/2569\/revisions"}],"predecessor-version":[{"id":12361,"href":"https:\/\/www.raccortubi.com\/es\/wp-json\/wp\/v2\/pages\/2569\/revisions\/12361"}],"up":[{"embeddable":true,"href":"https:\/\/www.raccortubi.com\/es\/wp-json\/wp\/v2\/pages\/2537"}],"wp:attachment":[{"href":"https:\/\/www.raccortubi.com\/es\/wp-json\/wp\/v2\/media?parent=2569"}],"curies":[{"name":"wp","href":"https:\/\/api.w.org\/{rel}","templated":true}]}}