{"id":2553,"date":"2018-02-07T14:04:54","date_gmt":"2018-02-07T14:04:54","guid":{"rendered":"https:\/\/www.raccortubi.com\/il-gruppo\/raccortubi\/"},"modified":"2025-10-09T12:15:36","modified_gmt":"2025-10-09T12:15:36","slug":"raccortubi","status":"publish","type":"page","link":"https:\/\/www.raccortubi.com\/es\/el-grupo\/raccortubi\/","title":{"rendered":"Raccortubi"},"content":{"rendered":"<p>[vc_row css_animation=&#8221;&#8221; row_type=&#8221;row&#8221; use_row_as_full_screen_section=&#8221;no&#8221; type=&#8221;full_width&#8221; angled_section=&#8221;no&#8221; text_align=&#8221;left&#8221; background_image_as_pattern=&#8221;without_pattern&#8221; css=&#8221;.vc_custom_1518600449118{margin-top: 2% !important;margin-bottom: 2% !important;background-image: url(https:\/\/www.raccortubi.com\/wp-content\/uploads\/2018\/02\/raccortubi_img_1-2.jpg?id=2034) !important;background-position: center !important;background-repeat: no-repeat !important;background-size: contain !important;}&#8221; el_class=&#8221;background_right_bottom&#8221;][vc_column][vc_row_inner row_type=&#8221;row&#8221; type=&#8221;grid&#8221; text_align=&#8221;left&#8221; css_animation=&#8221;&#8221;][vc_column_inner width=&#8221;2\/3&#8243; css=&#8221;.vc_custom_1516700802571{background-color: rgba(255,255,255,0.8) !important;*background-color: rgb(255,255,255) !important;}&#8221;][vc_column_text]<\/p>\n<h5>Fundada en 1949 como depositaria y distribuidora de tuber\u00edas y accesorios en los distintos grados de acero para las empresas de instalaciones en Italia,<\/h5>\n<h1 class=\"classe_seo_2\"><strong>Raccortubi S.p.A. es la sede central del Grupo Raccortubi.<\/strong><\/h1>\n<p>[\/vc_column_text][vc_empty_space height=&#8221;30px&#8221;][vc_column_text css=&#8221;.vc_custom_1682000382619{padding-right: 30px !important;}&#8221;]<\/p>\n<p class=\"classe_seo_1\">Desde su sede de Marcallo con Casone, en las afueras de Mil\u00e1n, gestiona y coordina toda la red de distribuci\u00f3n nacional e internacional a fin de garantizar la m\u00e1xima eficiencia en la prestaci\u00f3n de los servicios ofrecidos por el Grupo, no solo en su establecimiento en Italia, sino tambi\u00e9n en el exterior, en Dubai, Singapur, Brasil y Reino Unido.<\/p>\n<p class=\"classe_seo_1\">Dispone de un amplio almac\u00e9n de m\u00e1s de 6000 art\u00edculos destinados a la provisi\u00f3n directa de materiales del sector de tuber\u00edas de acero inoxidable y aleaciones especiales, constantemente reabastecido por la producci\u00f3n interna de\u00a0accesorios de soldadura\u00a0a tope en el sitio productivo italiano, <strong><a href=\"https:\/\/www.raccortubi.com\/es\/el-grupo\/tecninox\/\">Tecninox<\/a><\/strong>.<\/p>\n<p class=\"classe_seo_1\">Esto, junto a las asociaciones consolidadas con proveedores sabiamente seleccionados, le permite a Raccortubi garantizar la provisi\u00f3n de tuber\u00edas completas, ofreciendo paquetes extremadamente personalizados sobre la base de las necesidades espec\u00edficas del cliente, tanto para un pedido individual, como para <a href=\"https:\/\/www.raccortubi.com\/es\/nuestras-soluciones\/suministro-tuberias-industriales\/\"><strong>proyectos<\/strong> <\/a>complejos.<\/p>\n<p>[\/vc_column_text][vc_empty_space height=&#8221;50px&#8221;][vc_column_text css=&#8221;.vc_custom_1760012134239{padding-right: 30px !important;}&#8221;]<img decoding=\"async\" class=\"alignnone\" style=\"padding-right: 5px;\" src=\"\/wp-content\/uploads\/2017\/10\/download_icon.svg\" alt=\"\" width=\"20px\" height=\"20px\" \/><\/p>\n<h4><span style=\"color: #000000;\">DESCARGAR:\u00a0<\/span><\/h4>\n<p style=\"text-align: left;\"><span style=\"color: #000000;\"><a href=\"https:\/\/www.raccortubi.com\/wp-content\/uploads\/2023\/10\/Raccortubi-Group_Por-qu\u00e9-elegirnos.pdf\" target=\"_blank\" rel=\"noopener\">Material informativo<\/a> \/ <a href=\"https:\/\/www.raccortubi.com\/wp-content\/uploads\/2023\/10\/Raccortubi-Group_STOCKProducci\u00f3n.pdf\" target=\"_blank\" rel=\"noopener\">Programa de stock y gama de fabricaci\u00f3n<\/a>\/\u00a0<a class=\"\" href=\"https:\/\/www.raccortubi.com\/wp-content\/uploads\/2018\/02\/CODE-OF-ETHICS-EN-rtxgroup-spreads.pdf\" target=\"_blank\" rel=\"noopener\">C\u00f3digo \u00e9tico<\/a><\/span> \/ <a href=\"https:\/\/www.raccortubi.com\/wp-content\/uploads\/2024\/08\/RT_policy-HSE_2023_EN.pdf\">Pol\u00edtica HSE<\/a> \/ <a href=\"https:\/\/www.raccortubi.com\/wp-content\/uploads\/2025\/10\/ISO_9001-ENG-C651062-4-20250922.pdf\" target=\"_blank\" rel=\"noopener\">ISO 9001:2015<\/a> \/ <a href=\"https:\/\/www.raccortubi.com\/wp-content\/uploads\/2025\/04\/RT_45001-ENG.pdf\" target=\"_blank\" rel=\"noopener\">ISO 45001:2018<\/a>\u00a0\/ <a href=\"https:\/\/www.raccortubi.com\/wp-content\/uploads\/2025\/06\/ISO_14001-ENG-C736048-1-20250521.pdf\" target=\"_blank\" rel=\"noopener\">ISO 14001:2015\u00a0<\/a>\u00a0\/\u00a0<a href=\"https:\/\/www.raccortubi.com\/wp-content\/uploads\/2022\/12\/Raccortubi-Group_Environmental-labelling.pdf\"> Etiquetado ambiental<\/a><\/p>\n<p>[\/vc_column_text][vc_empty_space height=&#8221;50px&#8221;][\/vc_column_inner][vc_column_inner width=&#8221;1\/3&#8243;][\/vc_column_inner][\/vc_row_inner][\/vc_column][\/vc_row][vc_row css_animation=&#8221;&#8221; row_type=&#8221;row&#8221; use_row_as_full_screen_section=&#8221;no&#8221; type=&#8221;grid&#8221; angled_section=&#8221;no&#8221; text_align=&#8221;left&#8221; background_image_as_pattern=&#8221;without_pattern&#8221;][vc_column][vc_gallery type=&#8221;image_grid&#8221; images=&#8221;2036,2037&#8243; img_size=&#8221;full&#8221; onclick=&#8221;&#8221; column_number=&#8221;2&#8243; grayscale=&#8221;yes&#8221; images_space=&#8221;gallery_with_space&#8221; el_class=&#8221;filter_grayscale&#8221;][vc_empty_space height=&#8221;50px&#8221;][\/vc_column][\/vc_row]<\/p>\n","protected":false},"excerpt":{"rendered":"<p>[vc_row css_animation=&#8221;&#8221; row_type=&#8221;row&#8221; use_row_as_full_screen_section=&#8221;no&#8221; type=&#8221;full_width&#8221; angled_section=&#8221;no&#8221; text_align=&#8221;left&#8221; background_image_as_pattern=&#8221;without_pattern&#8221; css=&#8221;.vc_custom_1518600449118{margin-top: 2% !important;margin-bottom: 2% !important;background-image: url(https:\/\/www.raccortubi.com\/wp-content\/uploads\/2018\/02\/raccortubi_img_1-2.jpg?id=2034) !important;background-position: center !important;background-repeat: no-repeat !important;background-size: contain !important;}&#8221; el_class=&#8221;background_right_bottom&#8221;][vc_column][vc_row_inner row_type=&#8221;row&#8221; type=&#8221;grid&#8221; text_align=&#8221;left&#8221; css_animation=&#8221;&#8221;][vc_column_inner width=&#8221;2\/3&#8243; css=&#8221;.vc_custom_1516700802571{background-color: rgba(255,255,255,0.8) !important;*background-color: rgb(255,255,255) !important;}&#8221;][vc_column_text] Fundada en 1949 como depositaria y distribuidora de tuber\u00edas y accesorios en los&#8230;<\/p>\n","protected":false},"author":3,"featured_media":0,"parent":2537,"menu_order":0,"comment_status":"open","ping_status":"closed","template":"full_width.php","meta":{"footnotes":""},"_links":{"self":[{"href":"https:\/\/www.raccortubi.com\/es\/wp-json\/wp\/v2\/pages\/2553"}],"collection":[{"href":"https:\/\/www.raccortubi.com\/es\/wp-json\/wp\/v2\/pages"}],"about":[{"href":"https:\/\/www.raccortubi.com\/es\/wp-json\/wp\/v2\/types\/page"}],"author":[{"embeddable":true,"href":"https:\/\/www.raccortubi.com\/es\/wp-json\/wp\/v2\/users\/3"}],"replies":[{"embeddable":true,"href":"https:\/\/www.raccortubi.com\/es\/wp-json\/wp\/v2\/comments?post=2553"}],"version-history":[{"count":18,"href":"https:\/\/www.raccortubi.com\/es\/wp-json\/wp\/v2\/pages\/2553\/revisions"}],"predecessor-version":[{"id":12834,"href":"https:\/\/www.raccortubi.com\/es\/wp-json\/wp\/v2\/pages\/2553\/revisions\/12834"}],"up":[{"embeddable":true,"href":"https:\/\/www.raccortubi.com\/es\/wp-json\/wp\/v2\/pages\/2537"}],"wp:attachment":[{"href":"https:\/\/www.raccortubi.com\/es\/wp-json\/wp\/v2\/media?parent=2553"}],"curies":[{"name":"wp","href":"https:\/\/api.w.org\/{rel}","templated":true}]}}