{"id":2541,"date":"2017-10-30T17:44:48","date_gmt":"2017-10-30T17:44:48","guid":{"rendered":"https:\/\/www.raccortubi.com\/il-gruppo\/chi-siamo\/"},"modified":"2024-02-26T09:40:42","modified_gmt":"2024-02-26T09:40:42","slug":"stock-accesorios-soldados-a-tope","status":"publish","type":"page","link":"https:\/\/www.raccortubi.com\/es\/el-grupo\/stock-accesorios-soldados-a-tope\/","title":{"rendered":"Qui\u00e9nes somos"},"content":{"rendered":"<p>[vc_row css_animation=&#8221;&#8221; row_type=&#8221;row&#8221; use_row_as_full_screen_section=&#8221;no&#8221; type=&#8221;full_width&#8221; angled_section=&#8221;no&#8221; text_align=&#8221;left&#8221; background_image=&#8221;1722&#8243; background_image_as_pattern=&#8221;without_pattern&#8221; el_class=&#8221;homepage_img_1&#8243; css=&#8221;.vc_custom_1517754686298{padding-top: 3% !important;padding-bottom: 10% !important;background-image: url(https:\/\/www.raccortubi.com\/wp-content\/uploads\/2017\/10\/chi_siamo_img_1-2.jpg?id=1729) !important;background-position: center !important;background-repeat: no-repeat !important;background-size: cover !important;}&#8221;][vc_column][vc_row_inner row_type=&#8221;row&#8221; type=&#8221;grid&#8221; text_align=&#8221;left&#8221; css_animation=&#8221;&#8221; css=&#8221;.vc_custom_1517408052259{margin-top: 2% !important;}&#8221;][vc_column_inner el_class=&#8221;background_mobile&#8221; width=&#8221;1\/2&#8243;][vc_column_text]<\/p>\n<h1 class=\"classe_seo_2\">Fabricante,<br \/>\ndepositario y proveedor<\/h1>\n<h2 class=\"classe_seo_3\">de productos del sector de las tuber\u00edas destinados a aplicaciones cr\u00edticas como instalaciones qu\u00edmicas y petroqu\u00edmicas, producci\u00f3n de energ\u00eda, astilleros navales, instalaciones de fertilizantes y plataformas off-shore, el Grupo Raccortubi tiene sus or\u00edgenes en Italia en el a\u00f1o 1949.<\/h2>\n<p>[\/vc_column_text][vc_empty_space height=&#8221;30px&#8221;][vc_column_text css=&#8221;.vc_custom_1682000063947{padding-right: 30px !important;}&#8221;]Fabrica\u00a0<strong>accesorios para tubos de soldadura a tope<\/strong>\u00a0de \u00bd\u201d a 16\u201d,\u00a0y completa su oferta con la provisi\u00f3n desde stock y para el acondicionamiento espec\u00edfico de <strong>tubos <\/strong>y\u00a0<strong>bridas de acero inoxidable austen\u00edtico, d\u00faplex, superd\u00faplex, 6mo, aleaciones de n\u00edquel y titanio.<\/strong><\/p>\n<p>Los productos, disponibles en una vasta gama de di\u00e1metros y espesores, son distribuidos a trav\u00e9s del almac\u00e9n principal de Marcallo Con Casone (Mil\u00e1n) y las filiales estrat\u00e9gicamente localizadas en Brasil, Dubai, Singapur y el Reino Unido.[\/vc_column_text][vc_empty_space height=&#8221;30px&#8221;][\/vc_column_inner][vc_column_inner width=&#8221;1\/2&#8243;][\/vc_column_inner][\/vc_row_inner][\/vc_column][\/vc_row][vc_row row_type=&#8221;parallax&#8221; parallax_content_width=&#8221;in_grid&#8221; text_align=&#8221;left&#8221; background_image=&#8221;713&#8243; full_screen_section_height=&#8221;no&#8221;][vc_column offset=&#8221;vc_hidden-sm vc_hidden-xs&#8221;][vc_row_inner row_type=&#8221;row&#8221; type=&#8221;grid&#8221; text_align=&#8221;left&#8221; css_animation=&#8221;&#8221;][vc_column_inner][vc_empty_space height=&#8221;60px&#8221;][vc_column_text]<\/p>\n<p style=\"text-align: center;\"><span style=\"font-size: 24px; font-weight: 900; line-height: 50px; color: #ffffff;\">NUESTRA <em>MISSION<\/em><\/span><br \/>\n<span style=\"font-size: 32px; font-weight: 100; line-height: 36px; color: #ffffff;\">Garantizar excelentes rendimientos en la provisi\u00f3n de materiales del sector de las tuber\u00edas de elevado nivel cualitativo para aplicaciones cr\u00edticas, superando las expectativas del cliente, gracias a la perfecta sinergia entre producci\u00f3n y distribuci\u00f3n, en plena protecci\u00f3n de la salud, la seguridad y el medio ambiente<\/span><\/p>\n<p>[\/vc_column_text][vc_empty_space height=&#8221;60px&#8221;][vc_column_text]<\/p>\n<p style=\"text-align: center;\"><span style=\"font-size: 24px; font-weight: 900; line-height: 50px; color: #ffffff;\">NUESTRA <em>VISION<\/em><\/span><br \/>\n<span style=\"font-size: 32px; font-weight: 100; line-height: 36px; color: #ffffff;\">Simplificamos la vida de nuestros clientes combinando eficazmente las competencias de un fabricante con la flexibilidad de un distribuidor.<\/span><\/p>\n<p>[\/vc_column_text][vc_empty_space height=&#8221;60px&#8221;][\/vc_column_inner][\/vc_row_inner][\/vc_column][\/vc_row][vc_row css_animation=&#8221;&#8221; row_type=&#8221;row&#8221; use_row_as_full_screen_section=&#8221;no&#8221; type=&#8221;full_width&#8221; angled_section=&#8221;no&#8221; text_align=&#8221;left&#8221; background_image=&#8221;713&#8243; background_image_as_pattern=&#8221;without_pattern&#8221;][vc_column offset=&#8221;vc_hidden-lg vc_hidden-md&#8221;][vc_row_inner row_type=&#8221;row&#8221; type=&#8221;grid&#8221; text_align=&#8221;left&#8221; css_animation=&#8221;&#8221;][vc_column_inner][vc_empty_space height=&#8221;60px&#8221;][vc_column_text]<\/p>\n<p style=\"text-align: center;\"><span style=\"font-size: 24px; font-weight: 300; line-height: 50px; color: #ffffff;\">La nostra mission<\/span><br \/>\n<span style=\"font-size: 32px; font-weight: 300; line-height: 36px; color: #ffffff;\">Garantire performance eccellenti nella fornitura di materiali piping per applicazioni critiche di elevato livello qualitativo, superando le aspettative del cliente grazie alla perfetta sinergia tra produzione e distribuzione.<\/span><\/p>\n<p>[\/vc_column_text][vc_empty_space height=&#8221;60px&#8221;][vc_column_text]<\/p>\n<p style=\"text-align: center;\"><span style=\"font-size: 24px; font-weight: 300; line-height: 50px; color: #ffffff;\">La nostra vision<\/span><br \/>\n<span style=\"font-size: 32px; font-weight: 300; line-height: 36px; color: #ffffff;\">Semplifichiamo la vita dei nostri clienti combinando efficacemente le competenze di un produttore con la flessibilit\u00e0 di un distributore.<\/span><\/p>\n<p>[\/vc_column_text][vc_empty_space height=&#8221;60px&#8221;][\/vc_column_inner][\/vc_row_inner][\/vc_column][\/vc_row][vc_row css_animation=&#8221;&#8221; row_type=&#8221;row&#8221; use_row_as_full_screen_section=&#8221;no&#8221; type=&#8221;full_width&#8221; angled_section=&#8221;no&#8221; text_align=&#8221;left&#8221; background_image_as_pattern=&#8221;without_pattern&#8221; css=&#8221;.vc_custom_1518014598859{margin-top: 3% !important;margin-bottom: 3% !important;}&#8221;][vc_column][vc_row_inner row_type=&#8221;row&#8221; type=&#8221;grid&#8221; text_align=&#8221;left&#8221; css_animation=&#8221;&#8221;][vc_column_inner width=&#8221;1\/2&#8243;][vc_empty_space height=&#8221;30px&#8221;][vc_single_image image=&#8221;12372&#8243; img_size=&#8221;full&#8221; qode_css_animation=&#8221;&#8221;][\/vc_column_inner][vc_column_inner el_class=&#8221;background_mobile&#8221; width=&#8221;1\/2&#8243; css=&#8221;.vc_custom_1517754621704{background-color: rgba(255,255,255,0.85) !important;*background-color: rgb(255,255,255) !important;}&#8221;][vc_column_text]<\/p>\n<h1 class=\"classe_seo_2\">Lo <strong>local<\/strong> y lo <strong>global<\/strong><br \/>\nse combinan perfectamente<\/h1>\n<h2 class=\"classe_seo_3\">gracias a la total sinergia entre la fabricaci\u00f3n, centralizada en Italia, y la red de distribuci\u00f3n global que ayuda a reducir tiempos y costes de log\u00edstica, y le permite al Grupo comprender y conocer de cerca las exigencias de los clientes a trav\u00e9s de la fuerza comercial local.<\/h2>\n<p>[\/vc_column_text][vc_empty_space height=&#8221;30px&#8221;][vc_column_text css=&#8221;.vc_custom_1521043468708{padding-right: 30px !important;}&#8221;]Experiencia, flexibilidad, adaptabilidad y capacidad de reacci\u00f3n, junto con la garant\u00eda de calidad certificada, hacen de Raccortubi un <strong>interlocutor \u00fanico y privilegiado para todas las exigencias del sector de las tuber\u00edas.<\/strong>[\/vc_column_text][vc_empty_space height=&#8221;30px&#8221;][vc_column_text css=&#8221;.vc_custom_1695287997277{padding-right: 30px !important;}&#8221;]Desde 2023 formamos parte del <strong><a href=\"http:\/\/www.ctaspa.com\" target=\"_blank\" rel=\"noopener\">Grupo CTA<\/a><\/strong>.[\/vc_column_text][vc_separator type=&#8221;normal&#8221;][vc_column_text]<img decoding=\"async\" class=\"alignnone\" src=\"https:\/\/www.raccortubi.com\/wp-content\/uploads\/2017\/10\/download_icon.svg\" alt=\"\" width=\"20px\" height=\"20px\" \/><\/p>\n<h4>DOWNLOAD:<\/h4>\n<p><a href=\"https:\/\/www.raccortubi.com\/wp-content\/uploads\/2024\/02\/Raccortubi-Materiale-informativo-aggiornato_2024_quartino-EN.pdf\" target=\"_blank\" rel=\"noopener\">Por qu\u00e9 elegirnos<\/a>[\/vc_column_text][\/vc_column_inner][\/vc_row_inner][\/vc_column][\/vc_row][vc_row css_animation=&#8221;&#8221; row_type=&#8221;row&#8221; use_row_as_full_screen_section=&#8221;no&#8221; type=&#8221;grid&#8221; angled_section=&#8221;no&#8221; text_align=&#8221;left&#8221; background_image_as_pattern=&#8221;without_pattern&#8221;][vc_column][vc_empty_space height=&#8221;70px&#8221;][\/vc_column][\/vc_row]<\/p>\n","protected":false},"excerpt":{"rendered":"<p>[vc_row css_animation=&#8221;&#8221; row_type=&#8221;row&#8221; use_row_as_full_screen_section=&#8221;no&#8221; type=&#8221;full_width&#8221; angled_section=&#8221;no&#8221; text_align=&#8221;left&#8221; background_image=&#8221;1722&#8243; background_image_as_pattern=&#8221;without_pattern&#8221; el_class=&#8221;homepage_img_1&#8243; css=&#8221;.vc_custom_1517754686298{padding-top: 3% !important;padding-bottom: 10% !important;background-image: url(https:\/\/www.raccortubi.com\/wp-content\/uploads\/2017\/10\/chi_siamo_img_1-2.jpg?id=1729) !important;background-position: center !important;background-repeat: no-repeat !important;background-size: cover !important;}&#8221;][vc_column][vc_row_inner row_type=&#8221;row&#8221; type=&#8221;grid&#8221; text_align=&#8221;left&#8221; css_animation=&#8221;&#8221; css=&#8221;.vc_custom_1517408052259{margin-top: 2% !important;}&#8221;][vc_column_inner el_class=&#8221;background_mobile&#8221; width=&#8221;1\/2&#8243;][vc_column_text] Fabricante, depositario y proveedor de productos del sector de las tuber\u00edas destinados a&#8230;<\/p>\n","protected":false},"author":3,"featured_media":0,"parent":2537,"menu_order":0,"comment_status":"open","ping_status":"closed","template":"full_width.php","meta":{"footnotes":""},"_links":{"self":[{"href":"https:\/\/www.raccortubi.com\/es\/wp-json\/wp\/v2\/pages\/2541"}],"collection":[{"href":"https:\/\/www.raccortubi.com\/es\/wp-json\/wp\/v2\/pages"}],"about":[{"href":"https:\/\/www.raccortubi.com\/es\/wp-json\/wp\/v2\/types\/page"}],"author":[{"embeddable":true,"href":"https:\/\/www.raccortubi.com\/es\/wp-json\/wp\/v2\/users\/3"}],"replies":[{"embeddable":true,"href":"https:\/\/www.raccortubi.com\/es\/wp-json\/wp\/v2\/comments?post=2541"}],"version-history":[{"count":14,"href":"https:\/\/www.raccortubi.com\/es\/wp-json\/wp\/v2\/pages\/2541\/revisions"}],"predecessor-version":[{"id":12376,"href":"https:\/\/www.raccortubi.com\/es\/wp-json\/wp\/v2\/pages\/2541\/revisions\/12376"}],"up":[{"embeddable":true,"href":"https:\/\/www.raccortubi.com\/es\/wp-json\/wp\/v2\/pages\/2537"}],"wp:attachment":[{"href":"https:\/\/www.raccortubi.com\/es\/wp-json\/wp\/v2\/media?parent=2541"}],"curies":[{"name":"wp","href":"https:\/\/api.w.org\/{rel}","templated":true}]}}